{"id":14805,"date":"2021-07-14T08:40:14","date_gmt":"2021-07-14T06:40:14","guid":{"rendered":"http:\/\/terraforming.org\/?page_id=14805"},"modified":"2021-07-14T08:41:49","modified_gmt":"2021-07-14T06:41:49","slug":"news-and-updates","status":"publish","type":"page","link":"https:\/\/terraforming.org\/en\/news-and-updates\/","title":{"rendered":"News and Updates"},"content":{"rendered":"\n<style type=\"text\/css\" data-created_by=\"avia_inline_auto\" id=\"style-css-av-av_one_full-7688609b370c0fc22d37f41de2668996\">\n.flex_column.av-av_one_full-7688609b370c0fc22d37f41de2668996{\nborder-radius:0px 0px 0px 0px;\npadding:0px 0px 0px 0px;\n}\n<\/style>\n<div  class='flex_column av-av_one_full-7688609b370c0fc22d37f41de2668996 av_one_full  avia-builder-el-0  avia-builder-el-no-sibling  first flex_column_div av-zero-column-padding  '     ><div  data-slideshow-options=\"{&quot;animation&quot;:&quot;fade&quot;,&quot;autoplay&quot;:false,&quot;loop_autoplay&quot;:&quot;once&quot;,&quot;interval&quot;:5,&quot;loop_manual&quot;:&quot;manual-endless&quot;,&quot;autoplay_stopper&quot;:false,&quot;noNavigation&quot;:false,&quot;show_slide_delay&quot;:90}\" class='avia-content-slider avia-content-grid-active avia-content-slider1 avia-content-slider-odd  avia-builder-el-1  avia-builder-el-no-sibling  av-slideshow-ui av-control-default   av-no-slider-navigation av-slideshow-manual av-loop-once av-loop-manual-endless '  itemscope=\"itemscope\" itemtype=\"https:\/\/schema.org\/Blog\" ><div class=\"avia-content-slider-inner\"><div class=\"slide-entry-wrap\"><article class='slide-entry flex_column  post-entry post-entry-27198 slide-entry-overview slide-loop-1 slide-parity-odd  av_one_third first real-thumbnail posttype-post post-format-standard'  itemscope=\"itemscope\" itemtype=\"https:\/\/schema.org\/CreativeWork\" ><a href='https:\/\/terraforming.org\/en\/remembering-hilda-dajc-2026-awards-ceremony\/' data-rel='slide-1' class='slide-image' title='Welcome to the Remembering Hilda Daj\u010d 2026 Awards Ceremony'><img decoding=\"async\" fetchpriority=\"high\" width=\"495\" height=\"400\" src=\"https:\/\/terraforming.org\/wp-content\/uploads\/2026\/04\/1-495x400.jpg\" class=\"wp-image-27232 avia-img-lazy-loading-not-27232 attachment-portfolio size-portfolio wp-post-image\" alt=\"SHD2026\" srcset=\"https:\/\/terraforming.org\/wp-content\/uploads\/2026\/04\/1-495x400.jpg 495w, https:\/\/terraforming.org\/wp-content\/uploads\/2026\/04\/1-845x684.jpg 845w\" sizes=\"(max-width: 495px) 100vw, 495px\" \/><small class='avia-copyright'>Terraforming<\/small><\/a><div class=\"slide-content\"><header class=\"entry-content-header\" aria-label=\"Slide: Welcome to the Remembering Hilda Daj\u010d 2026 Awards Ceremony\"><h3 class='slide-entry-title entry-title '  itemprop=\"headline\" ><a href='https:\/\/terraforming.org\/en\/remembering-hilda-dajc-2026-awards-ceremony\/' title='Welcome to the Remembering Hilda Daj\u010d 2026 Awards Ceremony'>Welcome to the Remembering Hilda Daj\u010d 2026 Awards Ceremony<\/a><\/h3><span class=\"av-vertical-delimiter\"><\/span><\/header><div class=\"slide-meta\"><time class='slide-meta-time updated'  itemprop=\"datePublished\" datetime=\"2026-04-14T08:20:42+02:00\" >2026-04-14<\/time><\/div><div class='slide-entry-excerpt entry-content'  itemprop=\"text\" >We cordially invite you to join us for the fifth, traditional \"Remembrance of Hilda Daj\u010d\" Awards. The ceremony will last exactly 60 minutes, and will be dedicated to the presentation of the nominees and their work, with a minimum number of introductory and welcoming speeches.<\/div><\/div><footer class=\"entry-footer\"><\/footer><span class='hidden'>\n\t\t\t\t<span class='av-structured-data'  itemprop=\"image\" itemscope=\"itemscope\" itemtype=\"https:\/\/schema.org\/ImageObject\" >\n\t\t\t\t\t\t<span itemprop='url'>https:\/\/terraforming.org\/wp-content\/uploads\/2026\/04\/1.jpg<\/span>\n\t\t\t\t\t\t<span itemprop='height'>788<\/span>\n\t\t\t\t\t\t<span itemprop='width'>940<\/span>\n\t\t\t\t<\/span>\n\t\t\t\t<span class='av-structured-data'  itemprop=\"publisher\" itemtype=\"https:\/\/schema.org\/Organization\" itemscope=\"itemscope\" >\n\t\t\t\t\t\t<span itemprop='name'>Nemanja Stevanovi\u0107<\/span>\n\t\t\t\t\t\t<span itemprop='logo' itemscope itemtype='https:\/\/schema.org\/ImageObject'>\n\t\t\t\t\t\t\t<span itemprop='url'>http:\/\/terraforming.org\/wp-content\/uploads\/2016\/05\/Terraforming-2016-1-enfold.png<\/span>\n\t\t\t\t\t\t<\/span>\n\t\t\t\t<\/span><span class='av-structured-data'  itemprop=\"author\" itemscope=\"itemscope\" itemtype=\"https:\/\/schema.org\/Person\" ><span itemprop='name'>Nemanja Stevanovi\u0107<\/span><\/span><span class='av-structured-data'  itemprop=\"datePublished\" datetime=\"2021-07-14T08:40:14+02:00\" >2026-04-14 08:20:42<\/span><span class='av-structured-data'  itemprop=\"dateModified\" itemtype=\"https:\/\/schema.org\/dateModified\" >2026-04-14 08:20:42<\/span><span class='av-structured-data'  itemprop=\"mainEntityOfPage\" itemtype=\"https:\/\/schema.org\/mainEntityOfPage\" ><span itemprop='name'>Welcome to the Remembering Hilda Daj\u010d 2026 Awards Ceremony<\/span><\/span><\/span><\/article><article class='slide-entry flex_column  post-entry post-entry-27092 slide-entry-overview slide-loop-2 slide-parity-even  av_one_third  real-thumbnail posttype-post post-format-standard'  itemscope=\"itemscope\" itemtype=\"https:\/\/schema.org\/CreativeWork\" ><a href='https:\/\/terraforming.org\/en\/participation-in-the-coalition-to-counter-online-antisemitism-policy-forum\/' data-rel='slide-1' class='slide-image' title='Participation in the Coalition to Counter Online Antisemitism Policy Forum'><img decoding=\"async\" fetchpriority=\"high\" width=\"495\" height=\"400\" src=\"https:\/\/terraforming.org\/wp-content\/uploads\/2026\/04\/IMG_0775-495x400.jpg\" class=\"wp-image-27281 avia-img-lazy-loading-not-27281 attachment-portfolio size-portfolio wp-post-image\" alt=\"\" srcset=\"https:\/\/terraforming.org\/wp-content\/uploads\/2026\/04\/IMG_0775-495x400.jpg 495w, https:\/\/terraforming.org\/wp-content\/uploads\/2026\/04\/IMG_0775-845x684.jpg 845w\" sizes=\"(max-width: 495px) 100vw, 495px\" \/><\/a><div class=\"slide-content\"><header class=\"entry-content-header\" aria-label=\"Slide: Participation in the Coalition to Counter Online Antisemitism Policy Forum\"><h3 class='slide-entry-title entry-title '  itemprop=\"headline\" ><a href='https:\/\/terraforming.org\/en\/participation-in-the-coalition-to-counter-online-antisemitism-policy-forum\/' title='Participation in the Coalition to Counter Online Antisemitism Policy Forum'>Participation in the Coalition to Counter Online Antisemitism Policy Forum<\/a><\/h3><span class=\"av-vertical-delimiter\"><\/span><\/header><div class=\"slide-meta\"><time class='slide-meta-time updated'  itemprop=\"datePublished\" datetime=\"2026-04-03T15:18:31+02:00\" >2026-04-03<\/time><\/div><div class='slide-entry-excerpt entry-content'  itemprop=\"text\" >Mi\u0161ko Stani\u0161i\u0107 and Jovana Savi\u0107 from Terraforming participated in the Coalition to Counter Online Antisemitism (CCOA) Policy Forum in Berlin, coordinated by the Institute for Strategic Dialogue (ISD) and ISD Germany.<\/div><\/div><footer class=\"entry-footer\"><\/footer><span class='hidden'>\n\t\t\t\t<span class='av-structured-data'  itemprop=\"image\" itemscope=\"itemscope\" itemtype=\"https:\/\/schema.org\/ImageObject\" >\n\t\t\t\t\t\t<span itemprop='url'>https:\/\/terraforming.org\/wp-content\/uploads\/2026\/04\/IMG_0775-scaled.jpg<\/span>\n\t\t\t\t\t\t<span itemprop='height'>1920<\/span>\n\t\t\t\t\t\t<span itemprop='width'>2560<\/span>\n\t\t\t\t<\/span>\n\t\t\t\t<span class='av-structured-data'  itemprop=\"publisher\" itemtype=\"https:\/\/schema.org\/Organization\" itemscope=\"itemscope\" >\n\t\t\t\t\t\t<span itemprop='name'>Nemanja Stevanovi\u0107<\/span>\n\t\t\t\t\t\t<span itemprop='logo' itemscope itemtype='https:\/\/schema.org\/ImageObject'>\n\t\t\t\t\t\t\t<span itemprop='url'>http:\/\/terraforming.org\/wp-content\/uploads\/2016\/05\/Terraforming-2016-1-enfold.png<\/span>\n\t\t\t\t\t\t<\/span>\n\t\t\t\t<\/span><span class='av-structured-data'  itemprop=\"author\" itemscope=\"itemscope\" itemtype=\"https:\/\/schema.org\/Person\" ><span itemprop='name'>Nemanja Stevanovi\u0107<\/span><\/span><span class='av-structured-data'  itemprop=\"datePublished\" datetime=\"2021-07-14T08:40:14+02:00\" >2026-04-03 15:18:31<\/span><span class='av-structured-data'  itemprop=\"dateModified\" itemtype=\"https:\/\/schema.org\/dateModified\" >2026-04-14 11:28:38<\/span><span class='av-structured-data'  itemprop=\"mainEntityOfPage\" itemtype=\"https:\/\/schema.org\/mainEntityOfPage\" ><span itemprop='name'>Participation in the Coalition to Counter Online Antisemitism Policy Forum<\/span><\/span><\/span><\/article><article class='slide-entry flex_column  post-entry post-entry-26831 slide-entry-overview slide-loop-3 slide-parity-odd  av_one_third  real-thumbnail posttype-post post-format-standard'  itemscope=\"itemscope\" itemtype=\"https:\/\/schema.org\/CreativeWork\" ><a href='https:\/\/terraforming.org\/en\/who-shapes-holocaust-remembrance-and-who-carries-responsibility\/' data-rel='slide-1' class='slide-image' title='Who Shapes Holocaust Remembrance \u2014 and Who Carries Responsibility?'><img decoding=\"async\" fetchpriority=\"high\" width=\"495\" height=\"400\" src=\"https:\/\/terraforming.org\/wp-content\/uploads\/2026\/02\/Terraforming-Featured-NASLOVNA-495x400.jpg\" class=\"wp-image-26853 avia-img-lazy-loading-not-26853 attachment-portfolio size-portfolio wp-post-image\" alt=\"Inclusive Remembrance Stockholm 2026-02-17_18\" srcset=\"https:\/\/terraforming.org\/wp-content\/uploads\/2026\/02\/Terraforming-Featured-NASLOVNA-495x400.jpg 495w, https:\/\/terraforming.org\/wp-content\/uploads\/2026\/02\/Terraforming-Featured-NASLOVNA-845x684.jpg 845w\" sizes=\"(max-width: 495px) 100vw, 495px\" \/><small class='avia-copyright'>Terraforming<\/small><\/a><div class=\"slide-content\"><header class=\"entry-content-header\" aria-label=\"Slide: Who Shapes Holocaust Remembrance \u2014 and Who Carries Responsibility?\"><h3 class='slide-entry-title entry-title '  itemprop=\"headline\" ><a href='https:\/\/terraforming.org\/en\/who-shapes-holocaust-remembrance-and-who-carries-responsibility\/' title='Who Shapes Holocaust Remembrance \u2014 and Who Carries Responsibility?'>Who Shapes Holocaust Remembrance \u2014 and Who Carries Responsibility?<\/a><\/h3><span class=\"av-vertical-delimiter\"><\/span><\/header><div class=\"slide-meta\"><time class='slide-meta-time updated'  itemprop=\"datePublished\" datetime=\"2026-02-25T13:18:22+01:00\" >2026-02-25<\/time><\/div><div class='slide-entry-excerpt entry-content'  itemprop=\"text\" >Who Shapes Holocaust Remembrance \u2014 and Who Carries Responsibility?\r\nThis question stood at the center of a two-day study visit in Stockholm within the project Inclusive Remembrance \u2013 Holocaust Education and Minority Voices for Democratic Competencies, developed by Terraforming and financed by the Swedish Institute.<\/div><\/div><footer class=\"entry-footer\"><\/footer><span class='hidden'>\n\t\t\t\t<span class='av-structured-data'  itemprop=\"image\" itemscope=\"itemscope\" itemtype=\"https:\/\/schema.org\/ImageObject\" >\n\t\t\t\t\t\t<span itemprop='url'>https:\/\/terraforming.org\/wp-content\/uploads\/2026\/02\/Terraforming-Featured-NASLOVNA.jpg<\/span>\n\t\t\t\t\t\t<span itemprop='height'>980<\/span>\n\t\t\t\t\t\t<span itemprop='width'>1200<\/span>\n\t\t\t\t<\/span>\n\t\t\t\t<span class='av-structured-data'  itemprop=\"publisher\" itemtype=\"https:\/\/schema.org\/Organization\" itemscope=\"itemscope\" >\n\t\t\t\t\t\t<span itemprop='name'>Nemanja Stevanovi\u0107<\/span>\n\t\t\t\t\t\t<span itemprop='logo' itemscope itemtype='https:\/\/schema.org\/ImageObject'>\n\t\t\t\t\t\t\t<span itemprop='url'>http:\/\/terraforming.org\/wp-content\/uploads\/2016\/05\/Terraforming-2016-1-enfold.png<\/span>\n\t\t\t\t\t\t<\/span>\n\t\t\t\t<\/span><span class='av-structured-data'  itemprop=\"author\" itemscope=\"itemscope\" itemtype=\"https:\/\/schema.org\/Person\" ><span itemprop='name'>Nemanja Stevanovi\u0107<\/span><\/span><span class='av-structured-data'  itemprop=\"datePublished\" datetime=\"2021-07-14T08:40:14+02:00\" >2026-02-25 13:18:22<\/span><span class='av-structured-data'  itemprop=\"dateModified\" itemtype=\"https:\/\/schema.org\/dateModified\" >2026-03-11 14:59:49<\/span><span class='av-structured-data'  itemprop=\"mainEntityOfPage\" itemtype=\"https:\/\/schema.org\/mainEntityOfPage\" ><span itemprop='name'>Who Shapes Holocaust Remembrance \u2014 and Who Carries Responsibility?<\/span><\/span><\/span><\/article><\/div><div class=\"slide-entry-wrap\"><article class='slide-entry flex_column  post-entry post-entry-26629 slide-entry-overview slide-loop-4 slide-parity-odd  av_one_third first real-thumbnail posttype-post post-format-standard'  itemscope=\"itemscope\" itemtype=\"https:\/\/schema.org\/CreativeWork\" ><a href='https:\/\/terraforming.org\/en\/reimagining-holocaust-education-in-the-european-memory-data-space\/' data-rel='slide-1' class='slide-image' title='Reimagining Holocaust Education in the European Memory Data Space'><img decoding=\"async\" fetchpriority=\"high\" width=\"495\" height=\"400\" src=\"https:\/\/terraforming.org\/wp-content\/uploads\/2026\/01\/Terraforming-Featured-NASLOVNA-1-495x400.jpg\" class=\"wp-image-26639 avia-img-lazy-loading-not-26639 attachment-portfolio size-portfolio wp-post-image\" alt=\"EMDS Belgrade\" srcset=\"https:\/\/terraforming.org\/wp-content\/uploads\/2026\/01\/Terraforming-Featured-NASLOVNA-1-495x400.jpg 495w, https:\/\/terraforming.org\/wp-content\/uploads\/2026\/01\/Terraforming-Featured-NASLOVNA-1-845x684.jpg 845w\" sizes=\"(max-width: 495px) 100vw, 495px\" \/><small class='avia-copyright'>Terraforming<\/small><\/a><div class=\"slide-content\"><header class=\"entry-content-header\" aria-label=\"Slide: Reimagining Holocaust Education in the European Memory Data Space\"><h3 class='slide-entry-title entry-title '  itemprop=\"headline\" ><a href='https:\/\/terraforming.org\/en\/reimagining-holocaust-education-in-the-european-memory-data-space\/' title='Reimagining Holocaust Education in the European Memory Data Space'>Reimagining Holocaust Education in the European Memory Data Space<\/a><\/h3><span class=\"av-vertical-delimiter\"><\/span><\/header><div class=\"slide-meta\"><time class='slide-meta-time updated'  itemprop=\"datePublished\" datetime=\"2026-01-20T16:38:35+01:00\" >2026-01-20<\/time><\/div><div class='slide-entry-excerpt entry-content'  itemprop=\"text\" >Terraforming will host the event \u201cReimagining Holocaust Education in the European Memory Data Space\u201d on February 12, 2026, at the Evropska ku\u0107a Belgrade. Register on time.<\/div><\/div><footer class=\"entry-footer\"><\/footer><span class='hidden'>\n\t\t\t\t<span class='av-structured-data'  itemprop=\"image\" itemscope=\"itemscope\" itemtype=\"https:\/\/schema.org\/ImageObject\" >\n\t\t\t\t\t\t<span itemprop='url'>https:\/\/terraforming.org\/wp-content\/uploads\/2026\/01\/Terraforming-Featured-NASLOVNA-1.jpg<\/span>\n\t\t\t\t\t\t<span itemprop='height'>980<\/span>\n\t\t\t\t\t\t<span itemprop='width'>1200<\/span>\n\t\t\t\t<\/span>\n\t\t\t\t<span class='av-structured-data'  itemprop=\"publisher\" itemtype=\"https:\/\/schema.org\/Organization\" itemscope=\"itemscope\" >\n\t\t\t\t\t\t<span itemprop='name'>Nemanja Stevanovi\u0107<\/span>\n\t\t\t\t\t\t<span itemprop='logo' itemscope itemtype='https:\/\/schema.org\/ImageObject'>\n\t\t\t\t\t\t\t<span itemprop='url'>http:\/\/terraforming.org\/wp-content\/uploads\/2016\/05\/Terraforming-2016-1-enfold.png<\/span>\n\t\t\t\t\t\t<\/span>\n\t\t\t\t<\/span><span class='av-structured-data'  itemprop=\"author\" itemscope=\"itemscope\" itemtype=\"https:\/\/schema.org\/Person\" ><span itemprop='name'>Nemanja Stevanovi\u0107<\/span><\/span><span class='av-structured-data'  itemprop=\"datePublished\" datetime=\"2021-07-14T08:40:14+02:00\" >2026-01-20 16:38:35<\/span><span class='av-structured-data'  itemprop=\"dateModified\" itemtype=\"https:\/\/schema.org\/dateModified\" >2026-02-04 16:26:29<\/span><span class='av-structured-data'  itemprop=\"mainEntityOfPage\" itemtype=\"https:\/\/schema.org\/mainEntityOfPage\" ><span itemprop='name'>Reimagining Holocaust Education in the European Memory Data Space<\/span><\/span><\/span><\/article><article class='slide-entry flex_column  post-entry post-entry-26530 slide-entry-overview slide-loop-5 slide-parity-even  av_one_third  real-thumbnail posttype-post post-format-standard'  itemscope=\"itemscope\" itemtype=\"https:\/\/schema.org\/CreativeWork\" ><a href='https:\/\/terraforming.org\/en\/terraforming-and-arolsen-archives-joint-educational-initiative\/' data-rel='slide-1' class='slide-image' title='Terraforming and Arolsen Archives: Joint Educational Initiative'><img decoding=\"async\" fetchpriority=\"high\" width=\"495\" height=\"400\" src=\"https:\/\/terraforming.org\/wp-content\/uploads\/2025\/11\/Terraforming-Featured-NASLOVNA-4-495x400.jpg\" class=\"wp-image-26528 avia-img-lazy-loading-not-26528 attachment-portfolio size-portfolio wp-post-image\" alt=\"Terraforming and Arolsen Archives Launch Joint Educational Initiative\" srcset=\"https:\/\/terraforming.org\/wp-content\/uploads\/2025\/11\/Terraforming-Featured-NASLOVNA-4-495x400.jpg 495w, https:\/\/terraforming.org\/wp-content\/uploads\/2025\/11\/Terraforming-Featured-NASLOVNA-4-845x684.jpg 845w\" sizes=\"(max-width: 495px) 100vw, 495px\" \/><small class='avia-copyright'>Terraforming<\/small><\/a><div class=\"slide-content\"><header class=\"entry-content-header\" aria-label=\"Slide: Terraforming and Arolsen Archives: Joint Educational Initiative\"><h3 class='slide-entry-title entry-title '  itemprop=\"headline\" ><a href='https:\/\/terraforming.org\/en\/terraforming-and-arolsen-archives-joint-educational-initiative\/' title='Terraforming and Arolsen Archives: Joint Educational Initiative'>Terraforming and Arolsen Archives: Joint Educational Initiative<\/a><\/h3><span class=\"av-vertical-delimiter\"><\/span><\/header><div class=\"slide-meta\"><time class='slide-meta-time updated'  itemprop=\"datePublished\" datetime=\"2025-11-28T16:42:52+01:00\" >2025-11-28<\/time><\/div><div class='slide-entry-excerpt entry-content'  itemprop=\"text\" >Terraforming and the Arolsen Archives hosted two impactful workshops in Belgrade as part of the Connecting Stories project.<\/div><\/div><footer class=\"entry-footer\"><\/footer><span class='hidden'>\n\t\t\t\t<span class='av-structured-data'  itemprop=\"image\" itemscope=\"itemscope\" itemtype=\"https:\/\/schema.org\/ImageObject\" >\n\t\t\t\t\t\t<span itemprop='url'>https:\/\/terraforming.org\/wp-content\/uploads\/2025\/11\/Terraforming-Featured-NASLOVNA-4.jpg<\/span>\n\t\t\t\t\t\t<span itemprop='height'>980<\/span>\n\t\t\t\t\t\t<span itemprop='width'>1200<\/span>\n\t\t\t\t<\/span>\n\t\t\t\t<span class='av-structured-data'  itemprop=\"publisher\" itemtype=\"https:\/\/schema.org\/Organization\" itemscope=\"itemscope\" >\n\t\t\t\t\t\t<span itemprop='name'>Nemanja Stevanovi\u0107<\/span>\n\t\t\t\t\t\t<span itemprop='logo' itemscope itemtype='https:\/\/schema.org\/ImageObject'>\n\t\t\t\t\t\t\t<span itemprop='url'>http:\/\/terraforming.org\/wp-content\/uploads\/2016\/05\/Terraforming-2016-1-enfold.png<\/span>\n\t\t\t\t\t\t<\/span>\n\t\t\t\t<\/span><span class='av-structured-data'  itemprop=\"author\" itemscope=\"itemscope\" itemtype=\"https:\/\/schema.org\/Person\" ><span itemprop='name'>Nemanja Stevanovi\u0107<\/span><\/span><span class='av-structured-data'  itemprop=\"datePublished\" datetime=\"2021-07-14T08:40:14+02:00\" >2025-11-28 16:42:52<\/span><span class='av-structured-data'  itemprop=\"dateModified\" itemtype=\"https:\/\/schema.org\/dateModified\" >2025-12-02 11:38:16<\/span><span class='av-structured-data'  itemprop=\"mainEntityOfPage\" itemtype=\"https:\/\/schema.org\/mainEntityOfPage\" ><span itemprop='name'>Terraforming and Arolsen Archives: Joint Educational Initiative<\/span><\/span><\/span><\/article><article class='slide-entry flex_column  post-entry post-entry-26059 slide-entry-overview slide-loop-6 slide-parity-odd  post-entry-last  av_one_third  real-thumbnail posttype-post post-format-standard'  itemscope=\"itemscope\" itemtype=\"https:\/\/schema.org\/CreativeWork\" ><a href='https:\/\/terraforming.org\/en\/amsterdam-event-on-the-european-memory-data-space-2\/' data-rel='slide-1' class='slide-image' title='Amsterdam Event on the European Holocaust Memory Data Space'><img decoding=\"async\" fetchpriority=\"high\" width=\"495\" height=\"400\" src=\"https:\/\/terraforming.org\/wp-content\/uploads\/2025\/11\/Terraforming-Featured-NASLOVNA-495x400.jpg\" class=\"wp-image-26067 avia-img-lazy-loading-not-26067 attachment-portfolio size-portfolio wp-post-image\" alt=\"\u201cMultipliers and Gatekeepers of Holocaust Records in the EMDS\u201d gathered experts from across Europe to explore how digital innovation is reshaping the stewardship, interpretation, and educational use of Holocaust records.\" srcset=\"https:\/\/terraforming.org\/wp-content\/uploads\/2025\/11\/Terraforming-Featured-NASLOVNA-495x400.jpg 495w, https:\/\/terraforming.org\/wp-content\/uploads\/2025\/11\/Terraforming-Featured-NASLOVNA-845x684.jpg 845w\" sizes=\"(max-width: 495px) 100vw, 495px\" \/><small class='avia-copyright'>Terraforming\/AI<\/small><\/a><div class=\"slide-content\"><header class=\"entry-content-header\" aria-label=\"Slide: Amsterdam Event on the European Holocaust Memory Data Space\"><h3 class='slide-entry-title entry-title '  itemprop=\"headline\" ><a href='https:\/\/terraforming.org\/en\/amsterdam-event-on-the-european-memory-data-space-2\/' title='Amsterdam Event on the European Holocaust Memory Data Space'>Amsterdam Event on the European Holocaust Memory Data Space<\/a><\/h3><span class=\"av-vertical-delimiter\"><\/span><\/header><div class=\"slide-meta\"><time class='slide-meta-time updated'  itemprop=\"datePublished\" datetime=\"2025-11-21T20:11:15+01:00\" >2025-11-21<\/time><\/div><div class='slide-entry-excerpt entry-content'  itemprop=\"text\" >\u201cMultipliers and Gatekeepers of Holocaust Records in the EMDS\u201d gathered experts from across Europe to explore how digital innovation is reshaping the stewardship, interpretation, and educational use of Holocaust records.<\/div><\/div><footer class=\"entry-footer\"><\/footer><span class='hidden'>\n\t\t\t\t<span class='av-structured-data'  itemprop=\"image\" itemscope=\"itemscope\" itemtype=\"https:\/\/schema.org\/ImageObject\" >\n\t\t\t\t\t\t<span itemprop='url'>https:\/\/terraforming.org\/wp-content\/uploads\/2025\/11\/Terraforming-Featured-NASLOVNA.jpg<\/span>\n\t\t\t\t\t\t<span itemprop='height'>980<\/span>\n\t\t\t\t\t\t<span itemprop='width'>1200<\/span>\n\t\t\t\t<\/span>\n\t\t\t\t<span class='av-structured-data'  itemprop=\"publisher\" itemtype=\"https:\/\/schema.org\/Organization\" itemscope=\"itemscope\" >\n\t\t\t\t\t\t<span itemprop='name'>Nemanja Stevanovi\u0107<\/span>\n\t\t\t\t\t\t<span itemprop='logo' itemscope itemtype='https:\/\/schema.org\/ImageObject'>\n\t\t\t\t\t\t\t<span itemprop='url'>http:\/\/terraforming.org\/wp-content\/uploads\/2016\/05\/Terraforming-2016-1-enfold.png<\/span>\n\t\t\t\t\t\t<\/span>\n\t\t\t\t<\/span><span class='av-structured-data'  itemprop=\"author\" itemscope=\"itemscope\" itemtype=\"https:\/\/schema.org\/Person\" ><span itemprop='name'>Nemanja Stevanovi\u0107<\/span><\/span><span class='av-structured-data'  itemprop=\"datePublished\" datetime=\"2021-07-14T08:40:14+02:00\" >2025-11-21 20:11:15<\/span><span class='av-structured-data'  itemprop=\"dateModified\" itemtype=\"https:\/\/schema.org\/dateModified\" >2025-12-02 10:12:36<\/span><span class='av-structured-data'  itemprop=\"mainEntityOfPage\" itemtype=\"https:\/\/schema.org\/mainEntityOfPage\" ><span itemprop='name'>Amsterdam Event on the European Holocaust Memory Data Space<\/span><\/span><\/span><\/article><\/div><\/div><div class='pagination-wrap pagination-slider'><nav class='pagination'><span class='pagination-meta'>Page 1 of 16<\/span><span class='current'>1<\/span><a href='https:\/\/terraforming.org\/en\/wp-json\/wp\/v2\/pages\/14805\/?avia-element-paging=2' class='inactive next_page' >2<\/a><a href='https:\/\/terraforming.org\/en\/wp-json\/wp\/v2\/pages\/14805\/?avia-element-paging=3' class='inactive' >3<\/a><a href='https:\/\/terraforming.org\/en\/wp-json\/wp\/v2\/pages\/14805\/?avia-element-paging=2'>&rsaquo;<\/a><a href='https:\/\/terraforming.org\/en\/wp-json\/wp\/v2\/pages\/14805\/?avia-element-paging=16'>&raquo;<\/a><\/nav>\n<\/div><\/div><\/div>\n","protected":false},"excerpt":{"rendered":"<p>News, articles, and updates: Terraforming projects and activities in Serbia and internationally.<\/p>\n","protected":false},"author":1,"featured_media":12663,"parent":0,"menu_order":49,"comment_status":"closed","ping_status":"closed","template":"","meta":{"footnotes":""},"class_list":["post-14805","page","type-page","status-publish","has-post-thumbnail","hentry"],"aioseo_notices":[],"jetpack_sharing_enabled":true,"_links":{"self":[{"href":"https:\/\/terraforming.org\/en\/wp-json\/wp\/v2\/pages\/14805","targetHints":{"allow":["GET"]}}],"collection":[{"href":"https:\/\/terraforming.org\/en\/wp-json\/wp\/v2\/pages"}],"about":[{"href":"https:\/\/terraforming.org\/en\/wp-json\/wp\/v2\/types\/page"}],"author":[{"embeddable":true,"href":"https:\/\/terraforming.org\/en\/wp-json\/wp\/v2\/users\/1"}],"replies":[{"embeddable":true,"href":"https:\/\/terraforming.org\/en\/wp-json\/wp\/v2\/comments?post=14805"}],"version-history":[{"count":3,"href":"https:\/\/terraforming.org\/en\/wp-json\/wp\/v2\/pages\/14805\/revisions"}],"predecessor-version":[{"id":25686,"href":"https:\/\/terraforming.org\/en\/wp-json\/wp\/v2\/pages\/14805\/revisions\/25686"}],"wp:featuredmedia":[{"embeddable":true,"href":"https:\/\/terraforming.org\/en\/wp-json\/wp\/v2\/media\/12663"}],"wp:attachment":[{"href":"https:\/\/terraforming.org\/en\/wp-json\/wp\/v2\/media?parent=14805"}],"curies":[{"name":"wp","href":"https:\/\/api.w.org\/{rel}","templated":true}]}}