{"id":21277,"date":"2024-07-14T16:01:31","date_gmt":"2024-07-14T14:01:31","guid":{"rendered":"https:\/\/terraforming.org\/?page_id=21277"},"modified":"2024-07-15T10:57:53","modified_gmt":"2024-07-15T08:57:53","slug":"terratalks","status":"publish","type":"page","link":"https:\/\/terraforming.org\/en\/terratalks\/","title":{"rendered":"Terratalks"},"content":{"rendered":"\n<style type=\"text\/css\" data-created_by=\"avia_inline_auto\" id=\"style-css-av-av_section-c82365436cd4b5a1cfaadd38b3bed7ba\">\n.avia-section.av-av_section-c82365436cd4b5a1cfaadd38b3bed7ba .av-extra-border-element .av-extra-border-inner{\nbackground-color:#abbccc;\n}\n<\/style>\n<div id='av_section_1'  class='avia-section av-av_section-c82365436cd4b5a1cfaadd38b3bed7ba footer_color avia-section-default avia-shadow  avia-builder-el-0  avia-builder-el-no-sibling  avia-bg-style-scroll av-arrow-down-section container_wrap fullsize'  ><div class='container av-section-cont-open' ><main  role=\"main\" itemprop=\"mainContentOfPage\"  class='template-page content  av-content-full alpha units'><div class='post-entry post-entry-type-page post-entry-21277'><div class='entry-content-wrapper clearfix'>\n\n<style type=\"text\/css\" data-created_by=\"avia_inline_auto\" id=\"style-css-av-av_one_half-38ec547cc96ebc62c4a062fd176a0862\">\n.flex_column.av-av_one_half-38ec547cc96ebc62c4a062fd176a0862{\nborder-radius:0px 0px 0px 0px;\npadding:0px 0px 0px 0px;\n}\n<\/style>\n<div  class='flex_column av-av_one_half-38ec547cc96ebc62c4a062fd176a0862 av_one_half  avia-builder-el-1  el_before_av_one_half  avia-builder-el-first  first flex_column_div av-zero-column-padding  '     ><p>\n<style type=\"text\/css\" data-created_by=\"avia_inline_auto\" id=\"style-css-av-av_image-67c6ea1e2d5b5a44b63acbc25e7228f8\">\n.avia-image-container.av-av_image-67c6ea1e2d5b5a44b63acbc25e7228f8 img.avia_image{\nbox-shadow:none;\n}\n.avia-image-container.av-av_image-67c6ea1e2d5b5a44b63acbc25e7228f8 .av-image-caption-overlay-center{\ncolor:#ffffff;\n}\n<\/style>\n<div  class='avia-image-container av-av_image-67c6ea1e2d5b5a44b63acbc25e7228f8 av-styling- avia-align-center  avia-builder-el-2  el_before_av_textblock  avia-builder-el-first '   itemprop=\"image\" itemscope=\"itemscope\" itemtype=\"https:\/\/schema.org\/ImageObject\" ><div class=\"avia-image-container-inner\"><div class=\"avia-image-overlay-wrap\"><img decoding=\"async\" fetchpriority=\"high\" class='wp-image-15462 avia-img-lazy-loading-not-15462 avia_image ' src=\"https:\/\/terraforming.org\/wp-content\/uploads\/2021\/10\/Terratalks2-1030x821.jpg\" alt='Terratalks' title='Terratalks'  height=\"821\" width=\"1030\"  itemprop=\"thumbnailUrl\" srcset=\"https:\/\/terraforming.org\/wp-content\/uploads\/2021\/10\/Terratalks2-1030x821.jpg 1030w, https:\/\/terraforming.org\/wp-content\/uploads\/2021\/10\/Terratalks2-300x239.jpg 300w, https:\/\/terraforming.org\/wp-content\/uploads\/2021\/10\/Terratalks2-768x612.jpg 768w, https:\/\/terraforming.org\/wp-content\/uploads\/2021\/10\/Terratalks2-705x562.jpg 705w, https:\/\/terraforming.org\/wp-content\/uploads\/2021\/10\/Terratalks2.jpg 1200w\" sizes=\"(max-width: 1030px) 100vw, 1030px\" \/><\/div><\/div><\/div><br \/>\n<section  class='av_textblock_section av-lylmjcjv-5c6023924c49abf4785de9c058541e6d '   itemscope=\"itemscope\" itemtype=\"https:\/\/schema.org\/CreativeWork\" ><div class='avia_textblock'  itemprop=\"text\" ><p>TERRATALKS is a series of conversations with relevant experts and practitioners from Serbia and other countries on topics related to the culture of remembrance, commemoration, research, and education about the Holocaust.<\/p>\n<\/div><\/section><\/p><\/div>\n<style type=\"text\/css\" data-created_by=\"avia_inline_auto\" id=\"style-css-av-av_one_half-473c9db15c2d9ac4f954f5da36f1c38e\">\n.flex_column.av-av_one_half-473c9db15c2d9ac4f954f5da36f1c38e{\nborder-radius:0px 0px 0px 0px;\npadding:0px 0px 0px 0px;\n}\n<\/style>\n<div  class='flex_column av-av_one_half-473c9db15c2d9ac4f954f5da36f1c38e av_one_half  avia-builder-el-4  el_after_av_one_half  el_before_av_one_half  flex_column_div av-zero-column-padding  '     ><p><div  class='avia-video av-av_video-23cc741815ad9cd7fee09116972c4261 avia-video-16-9 av-no-preview-image avia-video-load-always av-lazyload-immediate av-lazyload-video-embed'  itemprop=\"video\" itemtype=\"https:\/\/schema.org\/VideoObject\"  data-original_url='https:\/\/youtu.be\/isllyWUOFoA'><script type='text\/html' class='av-video-tmpl'><span class=\"embed-youtube\" style=\"text-align:center; display: block;\"><iframe loading=\"lazy\" class=\"youtube-player\" width=\"1500\" height=\"844\" src=\"https:\/\/www.youtube.com\/embed\/isllyWUOFoA?version=3&#038;rel=1&#038;showsearch=0&#038;showinfo=1&#038;iv_load_policy=1&#038;fs=1&#038;hl=en-US&#038;autohide=2&#038;wmode=transparent&autoplay=0&loop=0&controls=1&mute=0\" allowfullscreen=\"true\" style=\"border:0;\" sandbox=\"allow-scripts allow-same-origin allow-popups allow-presentation allow-popups-to-escape-sandbox\"><\/iframe><\/span><\/script><div class='av-click-to-play-overlay'><div class=\"avia_playpause_icon\"><\/div><\/div><\/div><br \/>\n<section  class='av_textblock_section av-lylmdnqu-12f9a356b4230acf2756a67ced92d212 '   itemscope=\"itemscope\" itemtype=\"https:\/\/schema.org\/CreativeWork\" ><div class='avia_textblock'  itemprop=\"text\" ><h3>TERRATALKS 01<\/h3>\n<p>Interview with<strong> Larysa Michalska<\/strong>\u00a0from the foundation<a href=\"https:\/\/www.humanityinaction.org\/country\/poland\/\" target=\"_blank\" rel=\"noopener noreferrer nofollow\"> Humanity in Action from Poland<\/a>\u00a0and<strong> Zoltan Toth<\/strong>\u00a0from<a href=\"http:\/\/www.hdke.hu\/en\/\" target=\"_blank\" rel=\"noopener noreferrer nofollow\"> the Holocaust Memorial Center in Budapest<\/a><br \/>\nThis is an interview recorded during the symposium in Novi Sad within the project &#8220;Holocaust, European Values and Local History. &#8221;<\/p>\n<p>Host and moderator:<strong> Mi\u0161ko Stani\u0161i\u0107<\/strong> .<\/p>\n<\/div><\/section><\/p><\/div>\n<style type=\"text\/css\" data-created_by=\"avia_inline_auto\" id=\"style-css-av-av_one_half-38ec547cc96ebc62c4a062fd176a0862\">\n.flex_column.av-av_one_half-38ec547cc96ebc62c4a062fd176a0862{\nborder-radius:0px 0px 0px 0px;\npadding:0px 0px 0px 0px;\n}\n<\/style>\n<div  class='flex_column av-av_one_half-38ec547cc96ebc62c4a062fd176a0862 av_one_half  avia-builder-el-7  el_after_av_one_half  el_before_av_one_half  first flex_column_div av-zero-column-padding  column-top-margin'     ><p><div  class='avia-video av-av_video-422a3ce7d30b9f98171bc5abd5b10d0d avia-video-16-9 av-no-preview-image avia-video-load-always av-lazyload-immediate av-lazyload-video-embed'  itemprop=\"video\" itemtype=\"https:\/\/schema.org\/VideoObject\"  data-original_url='https:\/\/youtu.be\/SIFuPxuua-4'><script type='text\/html' class='av-video-tmpl'><span class=\"embed-youtube\" style=\"text-align:center; display: block;\"><iframe loading=\"lazy\" class=\"youtube-player\" width=\"1500\" height=\"844\" src=\"https:\/\/www.youtube.com\/embed\/SIFuPxuua-4?version=3&#038;rel=1&#038;showsearch=0&#038;showinfo=1&#038;iv_load_policy=1&#038;fs=1&#038;hl=en-US&#038;autohide=2&#038;wmode=transparent&autoplay=0&loop=0&controls=1&mute=0\" allowfullscreen=\"true\" style=\"border:0;\" sandbox=\"allow-scripts allow-same-origin allow-popups allow-presentation allow-popups-to-escape-sandbox\"><\/iframe><\/span><\/script><div class='av-click-to-play-overlay'><div class=\"avia_playpause_icon\"><\/div><\/div><\/div><br \/>\n<section  class='av_textblock_section av-lylmebes-6a4e79092fb7d26a7459fd49f2ebff9a '   itemscope=\"itemscope\" itemtype=\"https:\/\/schema.org\/CreativeWork\" ><div class='avia_textblock'  itemprop=\"text\" ><h3>TERRATALKS 02<\/h3>\n<p>Interview with<strong> Stephen Naron,<\/strong> director of the <a href=\"https:\/\/fortunoff.library.yale.edu\/\" target=\"_blank\" rel=\"noopener noreferrer nofollow\">Fortunoff Video Archive for Holocaust Testimonies<\/a>, Yale University, and<strong> Petar \u0110ur\u0111ev, <\/strong>director of the <a href=\"http:\/\/www.arhivns.rs\/\" target=\"_blank\" rel=\"noopener noreferrer nofollow\">Historical Archives of the City of Novi Sad.<\/a><\/p>\n<p>The interview was recorded during the &#8220;80 Years Later &#8211; The Future of Remembrance&#8221; seminar in Novi Sad.<\/p>\n<p>Host and Moderator:<strong> Mi\u0161ko Stani\u0161i\u0107<\/strong> .<\/p>\n<\/div><\/section><\/p><\/div>\n<style type=\"text\/css\" data-created_by=\"avia_inline_auto\" id=\"style-css-av-av_one_half-473c9db15c2d9ac4f954f5da36f1c38e\">\n.flex_column.av-av_one_half-473c9db15c2d9ac4f954f5da36f1c38e{\nborder-radius:0px 0px 0px 0px;\npadding:0px 0px 0px 0px;\n}\n<\/style>\n<div  class='flex_column av-av_one_half-473c9db15c2d9ac4f954f5da36f1c38e av_one_half  avia-builder-el-10  el_after_av_one_half  avia-builder-el-last  flex_column_div av-zero-column-padding  column-top-margin'     ><p><div  class='avia-video av-av_video-5e86766a4bc772771d72dd53654b623f avia-video-16-9 av-no-preview-image avia-video-load-always av-lazyload-immediate av-lazyload-video-embed'  itemprop=\"video\" itemtype=\"https:\/\/schema.org\/VideoObject\"  data-original_url='https:\/\/youtu.be\/RZmPPSY7bW8'><script type='text\/html' class='av-video-tmpl'><span class=\"embed-youtube\" style=\"text-align:center; display: block;\"><iframe loading=\"lazy\" class=\"youtube-player\" width=\"1500\" height=\"844\" src=\"https:\/\/www.youtube.com\/embed\/RZmPPSY7bW8?version=3&#038;rel=1&#038;showsearch=0&#038;showinfo=1&#038;iv_load_policy=1&#038;fs=1&#038;hl=en-US&#038;autohide=2&#038;wmode=transparent&autoplay=0&loop=0&controls=1&mute=0\" allowfullscreen=\"true\" style=\"border:0;\" sandbox=\"allow-scripts allow-same-origin allow-popups allow-presentation allow-popups-to-escape-sandbox\"><\/iframe><\/span><\/script><div class='av-click-to-play-overlay'><div class=\"avia_playpause_icon\"><\/div><\/div><\/div><br \/>\n<section  class='av_textblock_section av-lylmg2d7-95489a0b883f2094ab5b24691d39417b '   itemscope=\"itemscope\" itemtype=\"https:\/\/schema.org\/CreativeWork\" ><div class='avia_textblock'  itemprop=\"text\" ><h3>TERRATALKS 03<\/h3>\n<p>Interview with <strong>Gerhard Baumgartner<\/strong>, director of the <a href=\"https:\/\/www.doew.at\/english\" target=\"_blank\" rel=\"noopener noreferrer nofollow\">Documentation Center of Austrian Resistance<\/a>, and <strong>Christian Wee<\/strong>, director of the <a href=\"https:\/\/falstadsenteret.no\/en\/frontpage\" target=\"_blank\" rel=\"noopener noreferrer nofollow\">Falstad Center<\/a>.<\/p>\n<p>The interview was recorded during the &#8220;80 Years Later &#8211; The Future of Remembrance&#8221; seminar in Novi Sad.<\/p>\n<p>Host and Moderator<strong> Mi\u0161ko Stani\u0161i\u0107<\/strong> .<\/p>\n<\/div><\/section><\/p><\/div>\n","protected":false},"excerpt":{"rendered":"<p>TERRATALKS is a series of conversations with relevant experts and practitioners from Serbia and other countries on topics related to the culture of remembrance, commemoration, research and education about the Holocaust.<\/p>\n","protected":false},"author":1,"featured_media":15462,"parent":0,"menu_order":78,"comment_status":"closed","ping_status":"closed","template":"","meta":{"footnotes":""},"class_list":["post-21277","page","type-page","status-publish","has-post-thumbnail","hentry"],"aioseo_notices":[],"jetpack_sharing_enabled":true,"_links":{"self":[{"href":"https:\/\/terraforming.org\/en\/wp-json\/wp\/v2\/pages\/21277","targetHints":{"allow":["GET"]}}],"collection":[{"href":"https:\/\/terraforming.org\/en\/wp-json\/wp\/v2\/pages"}],"about":[{"href":"https:\/\/terraforming.org\/en\/wp-json\/wp\/v2\/types\/page"}],"author":[{"embeddable":true,"href":"https:\/\/terraforming.org\/en\/wp-json\/wp\/v2\/users\/1"}],"replies":[{"embeddable":true,"href":"https:\/\/terraforming.org\/en\/wp-json\/wp\/v2\/comments?post=21277"}],"version-history":[{"count":2,"href":"https:\/\/terraforming.org\/en\/wp-json\/wp\/v2\/pages\/21277\/revisions"}],"predecessor-version":[{"id":25690,"href":"https:\/\/terraforming.org\/en\/wp-json\/wp\/v2\/pages\/21277\/revisions\/25690"}],"wp:featuredmedia":[{"embeddable":true,"href":"https:\/\/terraforming.org\/en\/wp-json\/wp\/v2\/media\/15462"}],"wp:attachment":[{"href":"https:\/\/terraforming.org\/en\/wp-json\/wp\/v2\/media?parent=21277"}],"curies":[{"name":"wp","href":"https:\/\/api.w.org\/{rel}","templated":true}]}}