{"id":27820,"date":"2026-05-15T15:27:35","date_gmt":"2026-05-15T13:27:35","guid":{"rendered":"https:\/\/terraforming.org\/?page_id=27820"},"modified":"2026-05-15T15:28:12","modified_gmt":"2026-05-15T13:28:12","slug":"events","status":"publish","type":"page","link":"https:\/\/terraforming.org\/en\/events\/","title":{"rendered":"Events"},"content":{"rendered":"\n<style type=\"text\/css\" data-created_by=\"avia_inline_auto\" id=\"style-css-av-av_one_full-7688609b370c0fc22d37f41de2668996\">\n.flex_column.av-av_one_full-7688609b370c0fc22d37f41de2668996{\nborder-radius:0px 0px 0px 0px;\npadding:0px 0px 0px 0px;\n}\n<\/style>\n<div  class='flex_column av-av_one_full-7688609b370c0fc22d37f41de2668996 av_one_full  avia-builder-el-0  avia-builder-el-no-sibling  first flex_column_div av-zero-column-padding  '     ><div  data-slideshow-options=\"{&quot;animation&quot;:&quot;fade&quot;,&quot;autoplay&quot;:false,&quot;loop_autoplay&quot;:&quot;once&quot;,&quot;interval&quot;:5,&quot;loop_manual&quot;:&quot;manual-endless&quot;,&quot;autoplay_stopper&quot;:false,&quot;noNavigation&quot;:false,&quot;show_slide_delay&quot;:90}\" class='avia-content-slider avia-content-grid-active avia-content-slider1 avia-content-slider-odd  avia-builder-el-1  avia-builder-el-no-sibling  av-slideshow-ui av-control-default   av-no-slider-navigation av-slideshow-manual av-loop-once av-loop-manual-endless '  itemscope=\"itemscope\" itemtype=\"https:\/\/schema.org\/Blog\" ><div class=\"avia-content-slider-inner\"><div class=\"slide-entry-wrap\"><article class='slide-entry flex_column  post-entry post-entry-27431 slide-entry-overview slide-loop-1 slide-parity-odd  av_one_third first real-thumbnail posttype-post post-format-standard'  itemscope=\"itemscope\" itemtype=\"https:\/\/schema.org\/CreativeWork\" ><a href='https:\/\/terraforming.org\/en\/the-remembering-hilda-dajc-awards-2026\/' data-rel='slide-1' class='slide-image' title='The &#8220;Remembering Hilda Daj\u010d&#8221; Awards 2026'><img decoding=\"async\" fetchpriority=\"high\" width=\"495\" height=\"400\" src=\"https:\/\/terraforming.org\/wp-content\/uploads\/2026\/05\/svi-495x400.jpg\" class=\"wp-image-27516 avia-img-lazy-loading-not-27516 attachment-portfolio size-portfolio wp-post-image\" alt=\"Six people stand in a row on a stage holding certificates, with a Terra Forming banner behind them and an audience in the foreground at a ceremony.\" srcset=\"https:\/\/terraforming.org\/wp-content\/uploads\/2026\/05\/svi-495x400.jpg 495w, https:\/\/terraforming.org\/wp-content\/uploads\/2026\/05\/svi-845x684.jpg 845w\" sizes=\"(max-width: 495px) 100vw, 495px\" \/><\/a><div class=\"slide-content\"><header class=\"entry-content-header\" aria-label=\"Slide: The &quot;Remembering Hilda Daj\u010d&quot; Awards 2026\"><h3 class='slide-entry-title entry-title '  itemprop=\"headline\" ><a href='https:\/\/terraforming.org\/en\/the-remembering-hilda-dajc-awards-2026\/' title='The &#8220;Remembering Hilda Daj\u010d&#8221; Awards 2026'>The &#8220;Remembering Hilda Daj\u010d&#8221; Awards 2026<\/a><\/h3><span class=\"av-vertical-delimiter\"><\/span><\/header><div class=\"slide-meta\"><time class='slide-meta-time updated'  itemprop=\"datePublished\" datetime=\"2026-05-08T12:16:14+02:00\" >2026-05-08<\/time><\/div><div class='slide-entry-excerpt entry-content'  itemprop=\"text\" >The fifth annual Remembering Hilda Daj\u010d Award ceremony was held on May 7, 2026, at the University of Belgrade\u2019s \"Svetozar Markovi\u0107\" University Library. The event served as a significant gathering for memory professionals, civil society leaders, and representatives from the Jewish and Roma communities, international guests and diplomats.<\/div><\/div><footer class=\"entry-footer\"><\/footer><span class='hidden'>\n\t\t\t\t<span class='av-structured-data'  itemprop=\"image\" itemscope=\"itemscope\" itemtype=\"https:\/\/schema.org\/ImageObject\" >\n\t\t\t\t\t\t<span itemprop='url'>https:\/\/terraforming.org\/wp-content\/uploads\/2026\/05\/svi-scaled.jpg<\/span>\n\t\t\t\t\t\t<span itemprop='height'>1707<\/span>\n\t\t\t\t\t\t<span itemprop='width'>2560<\/span>\n\t\t\t\t<\/span>\n\t\t\t\t<span class='av-structured-data'  itemprop=\"publisher\" itemtype=\"https:\/\/schema.org\/Organization\" itemscope=\"itemscope\" >\n\t\t\t\t\t\t<span itemprop='name'>Nemanja Stevanovi\u0107<\/span>\n\t\t\t\t\t\t<span itemprop='logo' itemscope itemtype='https:\/\/schema.org\/ImageObject'>\n\t\t\t\t\t\t\t<span itemprop='url'>http:\/\/terraforming.org\/wp-content\/uploads\/2016\/05\/Terraforming-2016-1-enfold.png<\/span>\n\t\t\t\t\t\t<\/span>\n\t\t\t\t<\/span><span class='av-structured-data'  itemprop=\"author\" itemscope=\"itemscope\" itemtype=\"https:\/\/schema.org\/Person\" ><span itemprop='name'>Nemanja Stevanovi\u0107<\/span><\/span><span class='av-structured-data'  itemprop=\"datePublished\" datetime=\"2026-05-15T15:27:35+02:00\" >2026-05-08 12:16:14<\/span><span class='av-structured-data'  itemprop=\"dateModified\" itemtype=\"https:\/\/schema.org\/dateModified\" >2026-05-15 11:15:07<\/span><span class='av-structured-data'  itemprop=\"mainEntityOfPage\" itemtype=\"https:\/\/schema.org\/mainEntityOfPage\" ><span itemprop='name'>The &#8220;Remembering Hilda Daj\u010d&#8221; Awards 2026<\/span><\/span><\/span><\/article><article class='slide-entry flex_column  post-entry post-entry-26629 slide-entry-overview slide-loop-2 slide-parity-even  av_one_third  real-thumbnail posttype-post post-format-standard'  itemscope=\"itemscope\" itemtype=\"https:\/\/schema.org\/CreativeWork\" ><a href='https:\/\/terraforming.org\/en\/reimagining-holocaust-education-in-the-european-memory-data-space\/' data-rel='slide-1' class='slide-image' title='Reimagining Holocaust Education in the European Memory Data Space'><img decoding=\"async\" fetchpriority=\"high\" width=\"495\" height=\"400\" src=\"https:\/\/terraforming.org\/wp-content\/uploads\/2026\/01\/Terraforming-Featured-NASLOVNA-1-495x400.jpg\" class=\"wp-image-26639 avia-img-lazy-loading-not-26639 attachment-portfolio size-portfolio wp-post-image\" alt=\"EMDS Belgrade\" srcset=\"https:\/\/terraforming.org\/wp-content\/uploads\/2026\/01\/Terraforming-Featured-NASLOVNA-1-495x400.jpg 495w, https:\/\/terraforming.org\/wp-content\/uploads\/2026\/01\/Terraforming-Featured-NASLOVNA-1-845x684.jpg 845w\" sizes=\"(max-width: 495px) 100vw, 495px\" \/><small class='avia-copyright'>Terraforming<\/small><\/a><div class=\"slide-content\"><header class=\"entry-content-header\" aria-label=\"Slide: Reimagining Holocaust Education in the European Memory Data Space\"><h3 class='slide-entry-title entry-title '  itemprop=\"headline\" ><a href='https:\/\/terraforming.org\/en\/reimagining-holocaust-education-in-the-european-memory-data-space\/' title='Reimagining Holocaust Education in the European Memory Data Space'>Reimagining Holocaust Education in the European Memory Data Space<\/a><\/h3><span class=\"av-vertical-delimiter\"><\/span><\/header><div class=\"slide-meta\"><time class='slide-meta-time updated'  itemprop=\"datePublished\" datetime=\"2026-01-20T16:38:35+01:00\" >2026-01-20<\/time><\/div><div class='slide-entry-excerpt entry-content'  itemprop=\"text\" >Terraforming will host the event \u201cReimagining Holocaust Education in the European Memory Data Space\u201d on February 12, 2026, at the Evropska ku\u0107a Belgrade. Register on time.<\/div><\/div><footer class=\"entry-footer\"><\/footer><span class='hidden'>\n\t\t\t\t<span class='av-structured-data'  itemprop=\"image\" itemscope=\"itemscope\" itemtype=\"https:\/\/schema.org\/ImageObject\" >\n\t\t\t\t\t\t<span itemprop='url'>https:\/\/terraforming.org\/wp-content\/uploads\/2026\/01\/Terraforming-Featured-NASLOVNA-1.jpg<\/span>\n\t\t\t\t\t\t<span itemprop='height'>980<\/span>\n\t\t\t\t\t\t<span itemprop='width'>1200<\/span>\n\t\t\t\t<\/span>\n\t\t\t\t<span class='av-structured-data'  itemprop=\"publisher\" itemtype=\"https:\/\/schema.org\/Organization\" itemscope=\"itemscope\" >\n\t\t\t\t\t\t<span itemprop='name'>Nemanja Stevanovi\u0107<\/span>\n\t\t\t\t\t\t<span itemprop='logo' itemscope itemtype='https:\/\/schema.org\/ImageObject'>\n\t\t\t\t\t\t\t<span itemprop='url'>http:\/\/terraforming.org\/wp-content\/uploads\/2016\/05\/Terraforming-2016-1-enfold.png<\/span>\n\t\t\t\t\t\t<\/span>\n\t\t\t\t<\/span><span class='av-structured-data'  itemprop=\"author\" itemscope=\"itemscope\" itemtype=\"https:\/\/schema.org\/Person\" ><span itemprop='name'>Nemanja Stevanovi\u0107<\/span><\/span><span class='av-structured-data'  itemprop=\"datePublished\" datetime=\"2026-05-15T15:27:35+02:00\" >2026-01-20 16:38:35<\/span><span class='av-structured-data'  itemprop=\"dateModified\" itemtype=\"https:\/\/schema.org\/dateModified\" >2026-02-04 16:26:29<\/span><span class='av-structured-data'  itemprop=\"mainEntityOfPage\" itemtype=\"https:\/\/schema.org\/mainEntityOfPage\" ><span itemprop='name'>Reimagining Holocaust Education in the European Memory Data Space<\/span><\/span><\/span><\/article><article class='slide-entry flex_column  post-entry post-entry-26059 slide-entry-overview slide-loop-3 slide-parity-odd  av_one_third  real-thumbnail posttype-post post-format-standard'  itemscope=\"itemscope\" itemtype=\"https:\/\/schema.org\/CreativeWork\" ><a href='https:\/\/terraforming.org\/en\/amsterdam-event-on-the-european-memory-data-space-2\/' data-rel='slide-1' class='slide-image' title='Amsterdam Event on the European Holocaust Memory Data Space'><img decoding=\"async\" fetchpriority=\"high\" width=\"495\" height=\"400\" src=\"https:\/\/terraforming.org\/wp-content\/uploads\/2025\/11\/Terraforming-Featured-NASLOVNA-495x400.jpg\" class=\"wp-image-26067 avia-img-lazy-loading-not-26067 attachment-portfolio size-portfolio wp-post-image\" alt=\"\u201cMultipliers and Gatekeepers of Holocaust Records in the EMDS\u201d gathered experts from across Europe to explore how digital innovation is reshaping the stewardship, interpretation, and educational use of Holocaust records.\" srcset=\"https:\/\/terraforming.org\/wp-content\/uploads\/2025\/11\/Terraforming-Featured-NASLOVNA-495x400.jpg 495w, https:\/\/terraforming.org\/wp-content\/uploads\/2025\/11\/Terraforming-Featured-NASLOVNA-845x684.jpg 845w\" sizes=\"(max-width: 495px) 100vw, 495px\" \/><small class='avia-copyright'>Terraforming\/AI<\/small><\/a><div class=\"slide-content\"><header class=\"entry-content-header\" aria-label=\"Slide: Amsterdam Event on the European Holocaust Memory Data Space\"><h3 class='slide-entry-title entry-title '  itemprop=\"headline\" ><a href='https:\/\/terraforming.org\/en\/amsterdam-event-on-the-european-memory-data-space-2\/' title='Amsterdam Event on the European Holocaust Memory Data Space'>Amsterdam Event on the European Holocaust Memory Data Space<\/a><\/h3><span class=\"av-vertical-delimiter\"><\/span><\/header><div class=\"slide-meta\"><time class='slide-meta-time updated'  itemprop=\"datePublished\" datetime=\"2025-11-21T20:11:15+01:00\" >2025-11-21<\/time><\/div><div class='slide-entry-excerpt entry-content'  itemprop=\"text\" >\u201cMultipliers and Gatekeepers of Holocaust Records in the EMDS\u201d gathered experts from across Europe to explore how digital innovation is reshaping the stewardship, interpretation, and educational use of Holocaust records.<\/div><\/div><footer class=\"entry-footer\"><\/footer><span class='hidden'>\n\t\t\t\t<span class='av-structured-data'  itemprop=\"image\" itemscope=\"itemscope\" itemtype=\"https:\/\/schema.org\/ImageObject\" >\n\t\t\t\t\t\t<span itemprop='url'>https:\/\/terraforming.org\/wp-content\/uploads\/2025\/11\/Terraforming-Featured-NASLOVNA.jpg<\/span>\n\t\t\t\t\t\t<span itemprop='height'>980<\/span>\n\t\t\t\t\t\t<span itemprop='width'>1200<\/span>\n\t\t\t\t<\/span>\n\t\t\t\t<span class='av-structured-data'  itemprop=\"publisher\" itemtype=\"https:\/\/schema.org\/Organization\" itemscope=\"itemscope\" >\n\t\t\t\t\t\t<span itemprop='name'>Nemanja Stevanovi\u0107<\/span>\n\t\t\t\t\t\t<span itemprop='logo' itemscope itemtype='https:\/\/schema.org\/ImageObject'>\n\t\t\t\t\t\t\t<span itemprop='url'>http:\/\/terraforming.org\/wp-content\/uploads\/2016\/05\/Terraforming-2016-1-enfold.png<\/span>\n\t\t\t\t\t\t<\/span>\n\t\t\t\t<\/span><span class='av-structured-data'  itemprop=\"author\" itemscope=\"itemscope\" itemtype=\"https:\/\/schema.org\/Person\" ><span itemprop='name'>Nemanja Stevanovi\u0107<\/span><\/span><span class='av-structured-data'  itemprop=\"datePublished\" datetime=\"2026-05-15T15:27:35+02:00\" >2025-11-21 20:11:15<\/span><span class='av-structured-data'  itemprop=\"dateModified\" itemtype=\"https:\/\/schema.org\/dateModified\" >2025-12-02 10:12:36<\/span><span class='av-structured-data'  itemprop=\"mainEntityOfPage\" itemtype=\"https:\/\/schema.org\/mainEntityOfPage\" ><span itemprop='name'>Amsterdam Event on the European Holocaust Memory Data Space<\/span><\/span><\/span><\/article><\/div><div class=\"slide-entry-wrap\"><article class='slide-entry flex_column  post-entry post-entry-25768 slide-entry-overview slide-loop-4 slide-parity-odd  av_one_third first real-thumbnail posttype-post post-format-standard'  itemscope=\"itemscope\" itemtype=\"https:\/\/schema.org\/CreativeWork\" ><a href='https:\/\/terraforming.org\/en\/multipliers-and-gatekeepers-of-holocaust-records\/' data-rel='slide-1' class='slide-image' title='Multipliers and Gatekeepers of Holocaust Records'><img decoding=\"async\" fetchpriority=\"high\" width=\"495\" height=\"400\" src=\"https:\/\/terraforming.org\/wp-content\/uploads\/2025\/11\/Terraforming-Featured-NASLOVNA-495x400.png\" class=\"wp-image-25775 avia-img-lazy-loading-not-25775 attachment-portfolio size-portfolio wp-post-image\" alt=\"EMDS Amsterdam\" srcset=\"https:\/\/terraforming.org\/wp-content\/uploads\/2025\/11\/Terraforming-Featured-NASLOVNA-495x400.png 495w, https:\/\/terraforming.org\/wp-content\/uploads\/2025\/11\/Terraforming-Featured-NASLOVNA-845x684.png 845w\" sizes=\"(max-width: 495px) 100vw, 495px\" \/><small class='avia-copyright'>Terraforming<\/small><\/a><div class=\"slide-content\"><header class=\"entry-content-header\" aria-label=\"Slide: Multipliers and Gatekeepers of Holocaust Records\"><h3 class='slide-entry-title entry-title '  itemprop=\"headline\" ><a href='https:\/\/terraforming.org\/en\/multipliers-and-gatekeepers-of-holocaust-records\/' title='Multipliers and Gatekeepers of Holocaust Records'>Multipliers and Gatekeepers of Holocaust Records<\/a><\/h3><span class=\"av-vertical-delimiter\"><\/span><\/header><div class=\"slide-meta\"><time class='slide-meta-time updated'  itemprop=\"datePublished\" datetime=\"2025-11-12T07:58:42+01:00\" >2025-11-12<\/time><\/div><div class='slide-entry-excerpt entry-content'  itemprop=\"text\" >Terraforming will host the event \u201cMultipliers and Gatekeepers of Holocaust Records in European Memory Data Space\u201d on November 20, 2025, at the Uilenburgersjoel Synagogue in Amsterdam. Register on time.<\/div><\/div><footer class=\"entry-footer\"><\/footer><span class='hidden'>\n\t\t\t\t<span class='av-structured-data'  itemprop=\"image\" itemscope=\"itemscope\" itemtype=\"https:\/\/schema.org\/ImageObject\" >\n\t\t\t\t\t\t<span itemprop='url'>https:\/\/terraforming.org\/wp-content\/uploads\/2025\/11\/Terraforming-Featured-NASLOVNA.png<\/span>\n\t\t\t\t\t\t<span itemprop='height'>980<\/span>\n\t\t\t\t\t\t<span itemprop='width'>1200<\/span>\n\t\t\t\t<\/span>\n\t\t\t\t<span class='av-structured-data'  itemprop=\"publisher\" itemtype=\"https:\/\/schema.org\/Organization\" itemscope=\"itemscope\" >\n\t\t\t\t\t\t<span itemprop='name'>Nemanja Stevanovi\u0107<\/span>\n\t\t\t\t\t\t<span itemprop='logo' itemscope itemtype='https:\/\/schema.org\/ImageObject'>\n\t\t\t\t\t\t\t<span itemprop='url'>http:\/\/terraforming.org\/wp-content\/uploads\/2016\/05\/Terraforming-2016-1-enfold.png<\/span>\n\t\t\t\t\t\t<\/span>\n\t\t\t\t<\/span><span class='av-structured-data'  itemprop=\"author\" itemscope=\"itemscope\" itemtype=\"https:\/\/schema.org\/Person\" ><span itemprop='name'>Nemanja Stevanovi\u0107<\/span><\/span><span class='av-structured-data'  itemprop=\"datePublished\" datetime=\"2026-05-15T15:27:35+02:00\" >2025-11-12 07:58:42<\/span><span class='av-structured-data'  itemprop=\"dateModified\" itemtype=\"https:\/\/schema.org\/dateModified\" >2025-11-20 12:58:57<\/span><span class='av-structured-data'  itemprop=\"mainEntityOfPage\" itemtype=\"https:\/\/schema.org\/mainEntityOfPage\" ><span itemprop='name'>Multipliers and Gatekeepers of Holocaust Records<\/span><\/span><\/span><\/article><article class='slide-entry flex_column  post-entry post-entry-26299 slide-entry-overview slide-loop-5 slide-parity-even  av_one_third  real-thumbnail posttype-post post-format-standard'  itemscope=\"itemscope\" itemtype=\"https:\/\/schema.org\/CreativeWork\" ><a href='https:\/\/terraforming.org\/en\/holocaust-remembrance-in-czechia\/' data-rel='slide-1' class='slide-image' title='EMDS event &#8211; Holocaust Remembrance in Czechia'><img decoding=\"async\" fetchpriority=\"high\" width=\"495\" height=\"400\" src=\"https:\/\/terraforming.org\/wp-content\/uploads\/2025\/11\/Terraforming-Featured-NASLOVNA-2-495x400.jpg\" class=\"wp-image-26300 avia-img-lazy-loading-not-26300 attachment-portfolio size-portfolio wp-post-image\" alt=\"\" srcset=\"https:\/\/terraforming.org\/wp-content\/uploads\/2025\/11\/Terraforming-Featured-NASLOVNA-2-495x400.jpg 495w, https:\/\/terraforming.org\/wp-content\/uploads\/2025\/11\/Terraforming-Featured-NASLOVNA-2-845x684.jpg 845w\" sizes=\"(max-width: 495px) 100vw, 495px\" \/><\/a><div class=\"slide-content\"><header class=\"entry-content-header\" aria-label=\"Slide: EMDS event - Holocaust Remembrance in Czechia\"><h3 class='slide-entry-title entry-title '  itemprop=\"headline\" ><a href='https:\/\/terraforming.org\/en\/holocaust-remembrance-in-czechia\/' title='EMDS event &#8211; Holocaust Remembrance in Czechia'>EMDS event &#8211; Holocaust Remembrance in Czechia<\/a><\/h3><span class=\"av-vertical-delimiter\"><\/span><\/header><div class=\"slide-meta\"><time class='slide-meta-time updated'  itemprop=\"datePublished\" datetime=\"2025-11-05T16:56:32+01:00\" >2025-11-05<\/time><\/div><div class='slide-entry-excerpt entry-content'  itemprop=\"text\" >Mi\u0161ko Stani\u0161i\u0107 participated as a keynote speaker in the event \u201cStolpersteine and Data: Holocaust Remembrance in Czechia\u201d organized by Post Bellum, within the European Memory Data Space (EMDS) \u2013 Blueprint project.<\/div><\/div><footer class=\"entry-footer\"><\/footer><span class='hidden'>\n\t\t\t\t<span class='av-structured-data'  itemprop=\"image\" itemscope=\"itemscope\" itemtype=\"https:\/\/schema.org\/ImageObject\" >\n\t\t\t\t\t\t<span itemprop='url'>https:\/\/terraforming.org\/wp-content\/uploads\/2025\/11\/Terraforming-Featured-NASLOVNA-2.jpg<\/span>\n\t\t\t\t\t\t<span itemprop='height'>980<\/span>\n\t\t\t\t\t\t<span itemprop='width'>1200<\/span>\n\t\t\t\t<\/span>\n\t\t\t\t<span class='av-structured-data'  itemprop=\"publisher\" itemtype=\"https:\/\/schema.org\/Organization\" itemscope=\"itemscope\" >\n\t\t\t\t\t\t<span itemprop='name'>Nemanja Stevanovi\u0107<\/span>\n\t\t\t\t\t\t<span itemprop='logo' itemscope itemtype='https:\/\/schema.org\/ImageObject'>\n\t\t\t\t\t\t\t<span itemprop='url'>http:\/\/terraforming.org\/wp-content\/uploads\/2016\/05\/Terraforming-2016-1-enfold.png<\/span>\n\t\t\t\t\t\t<\/span>\n\t\t\t\t<\/span><span class='av-structured-data'  itemprop=\"author\" itemscope=\"itemscope\" itemtype=\"https:\/\/schema.org\/Person\" ><span itemprop='name'>Nemanja Stevanovi\u0107<\/span><\/span><span class='av-structured-data'  itemprop=\"datePublished\" datetime=\"2026-05-15T15:27:35+02:00\" >2025-11-05 16:56:32<\/span><span class='av-structured-data'  itemprop=\"dateModified\" itemtype=\"https:\/\/schema.org\/dateModified\" >2025-11-27 09:28:19<\/span><span class='av-structured-data'  itemprop=\"mainEntityOfPage\" itemtype=\"https:\/\/schema.org\/mainEntityOfPage\" ><span itemprop='name'>EMDS event &#8211; Holocaust Remembrance in Czechia<\/span><\/span><\/span><\/article><article class='slide-entry flex_column  post-entry post-entry-25929 slide-entry-overview slide-loop-6 slide-parity-odd  post-entry-last  av_one_third  real-thumbnail posttype-post post-format-standard'  itemscope=\"itemscope\" itemtype=\"https:\/\/schema.org\/CreativeWork\" ><a href='https:\/\/terraforming.org\/en\/two-major-international-programs-on-holocaust-education-and-digital-memory\/' data-rel='slide-1' class='slide-image' title='Two Major International Programs on Holocaust Education and Digital Memory'><img decoding=\"async\" fetchpriority=\"high\" width=\"495\" height=\"400\" src=\"https:\/\/terraforming.org\/wp-content\/uploads\/2025\/11\/Terraforming-Featured-NASLOVNA-1-495x400.png\" class=\"wp-image-25930 avia-img-lazy-loading-not-25930 attachment-portfolio size-portfolio wp-post-image\" alt=\"Belgrade Hosts Two Major International Programs on Holocaust Education and Digital Memory\" srcset=\"https:\/\/terraforming.org\/wp-content\/uploads\/2025\/11\/Terraforming-Featured-NASLOVNA-1-495x400.png 495w, https:\/\/terraforming.org\/wp-content\/uploads\/2025\/11\/Terraforming-Featured-NASLOVNA-1-845x684.png 845w\" sizes=\"(max-width: 495px) 100vw, 495px\" \/><small class='avia-copyright'>Terraforming<\/small><\/a><div class=\"slide-content\"><header class=\"entry-content-header\" aria-label=\"Slide: Two Major International Programs on Holocaust Education and Digital Memory\"><h3 class='slide-entry-title entry-title '  itemprop=\"headline\" ><a href='https:\/\/terraforming.org\/en\/two-major-international-programs-on-holocaust-education-and-digital-memory\/' title='Two Major International Programs on Holocaust Education and Digital Memory'>Two Major International Programs on Holocaust Education and Digital Memory<\/a><\/h3><span class=\"av-vertical-delimiter\"><\/span><\/header><div class=\"slide-meta\"><time class='slide-meta-time updated'  itemprop=\"datePublished\" datetime=\"2025-10-23T10:15:22+02:00\" >2025-10-23<\/time><\/div><div class='slide-entry-excerpt entry-content'  itemprop=\"text\" >Terraforming held two major events in Belgrade presenting IHRA recommendations, new teaching materials, and discussing the digital future of Holocaust remembrance.<\/div><\/div><footer class=\"entry-footer\"><\/footer><span class='hidden'>\n\t\t\t\t<span class='av-structured-data'  itemprop=\"image\" itemscope=\"itemscope\" itemtype=\"https:\/\/schema.org\/ImageObject\" >\n\t\t\t\t\t\t<span itemprop='url'>https:\/\/terraforming.org\/wp-content\/uploads\/2025\/11\/Terraforming-Featured-NASLOVNA-1.png<\/span>\n\t\t\t\t\t\t<span itemprop='height'>980<\/span>\n\t\t\t\t\t\t<span itemprop='width'>1200<\/span>\n\t\t\t\t<\/span>\n\t\t\t\t<span class='av-structured-data'  itemprop=\"publisher\" itemtype=\"https:\/\/schema.org\/Organization\" itemscope=\"itemscope\" >\n\t\t\t\t\t\t<span itemprop='name'>Nemanja Stevanovi\u0107<\/span>\n\t\t\t\t\t\t<span itemprop='logo' itemscope itemtype='https:\/\/schema.org\/ImageObject'>\n\t\t\t\t\t\t\t<span itemprop='url'>http:\/\/terraforming.org\/wp-content\/uploads\/2016\/05\/Terraforming-2016-1-enfold.png<\/span>\n\t\t\t\t\t\t<\/span>\n\t\t\t\t<\/span><span class='av-structured-data'  itemprop=\"author\" itemscope=\"itemscope\" itemtype=\"https:\/\/schema.org\/Person\" ><span itemprop='name'>Nemanja Stevanovi\u0107<\/span><\/span><span class='av-structured-data'  itemprop=\"datePublished\" datetime=\"2026-05-15T15:27:35+02:00\" >2025-10-23 10:15:22<\/span><span class='av-structured-data'  itemprop=\"dateModified\" itemtype=\"https:\/\/schema.org\/dateModified\" >2025-11-21 20:12:37<\/span><span class='av-structured-data'  itemprop=\"mainEntityOfPage\" itemtype=\"https:\/\/schema.org\/mainEntityOfPage\" ><span itemprop='name'>Two Major International Programs on Holocaust Education and Digital Memory<\/span><\/span><\/span><\/article><\/div><\/div><div class='pagination-wrap pagination-slider'><nav class='pagination'><span class='pagination-meta'>Page 1 of 6<\/span><span class='current'>1<\/span><a href='https:\/\/terraforming.org\/en\/wp-json\/wp\/v2\/pages\/27820\/?avia-element-paging=2' class='inactive next_page' >2<\/a><a href='https:\/\/terraforming.org\/en\/wp-json\/wp\/v2\/pages\/27820\/?avia-element-paging=3' class='inactive' >3<\/a><a href='https:\/\/terraforming.org\/en\/wp-json\/wp\/v2\/pages\/27820\/?avia-element-paging=2'>&rsaquo;<\/a><a href='https:\/\/terraforming.org\/en\/wp-json\/wp\/v2\/pages\/27820\/?avia-element-paging=6'>&raquo;<\/a><\/nav>\n<\/div><\/div><\/div>\n","protected":false},"excerpt":{"rendered":"<p>Events: Terraforming projects and activities in Serbia and internationally.<\/p>\n","protected":false},"author":16,"featured_media":12663,"parent":0,"menu_order":49,"comment_status":"closed","ping_status":"closed","template":"","meta":{"footnotes":""},"class_list":["post-27820","page","type-page","status-publish","has-post-thumbnail","hentry"],"aioseo_notices":[],"jetpack_sharing_enabled":true,"_links":{"self":[{"href":"https:\/\/terraforming.org\/en\/wp-json\/wp\/v2\/pages\/27820","targetHints":{"allow":["GET"]}}],"collection":[{"href":"https:\/\/terraforming.org\/en\/wp-json\/wp\/v2\/pages"}],"about":[{"href":"https:\/\/terraforming.org\/en\/wp-json\/wp\/v2\/types\/page"}],"author":[{"embeddable":true,"href":"https:\/\/terraforming.org\/en\/wp-json\/wp\/v2\/users\/16"}],"replies":[{"embeddable":true,"href":"https:\/\/terraforming.org\/en\/wp-json\/wp\/v2\/comments?post=27820"}],"version-history":[{"count":3,"href":"https:\/\/terraforming.org\/en\/wp-json\/wp\/v2\/pages\/27820\/revisions"}],"predecessor-version":[{"id":27830,"href":"https:\/\/terraforming.org\/en\/wp-json\/wp\/v2\/pages\/27820\/revisions\/27830"}],"wp:featuredmedia":[{"embeddable":true,"href":"https:\/\/terraforming.org\/en\/wp-json\/wp\/v2\/media\/12663"}],"wp:attachment":[{"href":"https:\/\/terraforming.org\/en\/wp-json\/wp\/v2\/media?parent=27820"}],"curies":[{"name":"wp","href":"https:\/\/api.w.org\/{rel}","templated":true}]}}