{"id":10538,"date":"2020-05-03T00:11:21","date_gmt":"2020-05-02T22:11:21","guid":{"rendered":"http:\/\/terraforming.org\/%d1%85%d0%b2%d0%b0%d0%bb%d0%b0-%d1%88%d1%82%d0%be-%d1%81%d1%82%d0%b5-%d0%bd%d0%b0%d0%bc-%d1%81%d0%b5-%d1%98%d0%b0%d0%b2%d0%b8%d0%bb%d0%b8\/"},"modified":"2024-04-04T14:35:18","modified_gmt":"2024-04-04T12:35:18","slug":"hvala-sto-ste-se-javili","status":"publish","type":"page","link":"https:\/\/terraforming.org\/sr\/hvala-sto-ste-se-javili\/","title":{"rendered":"Hvala \u0161to ste nam se javili!"},"content":{"rendered":"<div id='av_section_1'  class='avia-section av-k9q64jrr-aba64342d8f2e3e1a9656bb77be33bb9 alternate_color avia-section-default avia-no-border-styling  avia-builder-el-0  el_before_av_hr  avia-builder-el-first  avia-bg-style-scroll container_wrap fullsize'  ><div class='container av-section-cont-open' ><main  role=\"main\" itemprop=\"mainContentOfPage\"  class='template-page content  av-content-full alpha units'><div class='post-entry post-entry-type-page post-entry-10538'><div class='entry-content-wrapper clearfix'>\n\n<style type=\"text\/css\" data-created_by=\"avia_inline_auto\" id=\"style-css-av-37ibha-e64528645434a0ecfe10af18a10cf26b\">\n.flex_column.av-37ibha-e64528645434a0ecfe10af18a10cf26b{\nborder-radius:0px 0px 0px 0px;\npadding:0px 0px 0px 0px;\n}\n<\/style>\n<div  class='flex_column av-37ibha-e64528645434a0ecfe10af18a10cf26b av_one_fourth  avia-builder-el-1  el_before_av_one_half  avia-builder-el-first  first flex_column_div av-zero-column-padding  '     ><style type=\"text\/css\" data-created_by=\"avia_inline_auto\" id=\"style-css-av-k9q5rsjx-ad2b667aaf98444a9b2d18c03242f00f\">\n.avia-image-container.av-k9q5rsjx-ad2b667aaf98444a9b2d18c03242f00f img.avia_image{\nbox-shadow:none;\n}\n.avia-image-container.av-k9q5rsjx-ad2b667aaf98444a9b2d18c03242f00f .av-image-caption-overlay-center{\ncolor:#ffffff;\n}\n<\/style>\n<div  class='avia-image-container av-k9q5rsjx-ad2b667aaf98444a9b2d18c03242f00f av-styling-circle avia-align-center  avia-builder-el-2  avia-builder-el-no-sibling '   itemprop=\"image\" itemscope=\"itemscope\" itemtype=\"https:\/\/schema.org\/ImageObject\" ><div class=\"avia-image-container-inner\"><div class=\"avia-image-overlay-wrap\"><img decoding=\"async\" fetchpriority=\"high\" class='wp-image-5205 avia-img-lazy-loading-not-5205 avia_image ' src=\"https:\/\/terraforming.org\/wp-content\/uploads\/2016\/08\/image-300x300.jpeg\" alt='' title='Misko Stanisic'  height=\"300\" width=\"300\"  itemprop=\"thumbnailUrl\" srcset=\"https:\/\/terraforming.org\/wp-content\/uploads\/2016\/08\/image-300x300.jpeg 300w, https:\/\/terraforming.org\/wp-content\/uploads\/2016\/08\/image-80x80.jpeg 80w, https:\/\/terraforming.org\/wp-content\/uploads\/2016\/08\/image-768x768.jpeg 768w, https:\/\/terraforming.org\/wp-content\/uploads\/2016\/08\/image-1030x1030.jpeg 1030w, https:\/\/terraforming.org\/wp-content\/uploads\/2016\/08\/image-36x36.jpeg 36w, https:\/\/terraforming.org\/wp-content\/uploads\/2016\/08\/image-180x180.jpeg 180w, https:\/\/terraforming.org\/wp-content\/uploads\/2016\/08\/image-1500x1500.jpeg 1500w, https:\/\/terraforming.org\/wp-content\/uploads\/2016\/08\/image-705x705.jpeg 705w, https:\/\/terraforming.org\/wp-content\/uploads\/2016\/08\/image-120x120.jpeg 120w, https:\/\/terraforming.org\/wp-content\/uploads\/2016\/08\/image-450x450.jpeg 450w\" sizes=\"(max-width: 300px) 100vw, 300px\" \/><\/div><\/div><\/div><\/div>\n<style type=\"text\/css\" data-created_by=\"avia_inline_auto\" id=\"style-css-av-10f9au6-b0d456514fa60a0c9ebbcc0da2d45d71\">\n.flex_column.av-10f9au6-b0d456514fa60a0c9ebbcc0da2d45d71{\nborder-radius:0px 0px 0px 0px;\npadding:0px 0px 0px 0px;\n}\n<\/style>\n<div  class='flex_column av-10f9au6-b0d456514fa60a0c9ebbcc0da2d45d71 av_one_half  avia-builder-el-3  el_after_av_one_fourth  el_before_av_one_fourth  flex_column_div av-zero-column-padding  '     ><p>\n<style type=\"text\/css\" data-created_by=\"avia_inline_auto\" id=\"style-css-av-k9q5pzze-8c4820e1f999cec3e169b55ed8125a89\">\n#top .av_textblock_section.av-k9q5pzze-8c4820e1f999cec3e169b55ed8125a89 .avia_textblock{\nfont-size:18px;\n}\n<\/style>\n<section  class='av_textblock_section av-k9q5pzze-8c4820e1f999cec3e169b55ed8125a89 '   itemscope=\"itemscope\" itemtype=\"https:\/\/schema.org\/CreativeWork\" ><div class='avia_textblock'  itemprop=\"text\" ><p>Hvala vam \u0161to ste nam se javili! Veoma cenimo va\u0161e mi\u0161ljenje, predloge i komentare. <span style=\"font-family: -apple-system, BlinkMacSystemFont, 'Segoe UI', Roboto, Oxygen-Sans, Ubuntu, Cantarell, 'Helvetica Neue', sans-serif;\">Uskoro \u0107e vam se javiti neko iz na\u0161eg tima.<\/span> Srda\u010dan pozdrav, Mi\u0161ko Stani\u0161i\u0107, direktor organizacije<\/p>\n<\/div><\/section><br \/>\n\n<style type=\"text\/css\" data-created_by=\"avia_inline_auto\" id=\"style-css-av-k9q5pzze-ffab3cad093a5afe6a60e8b782b4d658\">\n#top .av_textblock_section.av-k9q5pzze-ffab3cad093a5afe6a60e8b782b4d658 .avia_textblock{\nfont-size:12px;\n}\n<\/style>\n<section  class='av_textblock_section av-k9q5pzze-ffab3cad093a5afe6a60e8b782b4d658 '   itemscope=\"itemscope\" itemtype=\"https:\/\/schema.org\/CreativeWork\" ><div class='avia_textblock'  itemprop=\"text\" ><p><em>Mo\u017eete pro\u010ditati vi\u0161e o na\u0161im najnovijim aktivnostima u sekciji \u201dNovosti\u201d sa desne strane, ili odaberite stranicu u meniju.<\/em><\/p>\n<\/div><\/section><\/p><\/div>\n<style type=\"text\/css\" data-created_by=\"avia_inline_auto\" id=\"style-css-av-m4m7j2-97535bb127c6a5945a1a902a71b53ded\">\n.flex_column.av-m4m7j2-97535bb127c6a5945a1a902a71b53ded{\nborder-radius:0px 0px 0px 0px;\npadding:0px 0px 0px 0px;\n}\n<\/style>\n<div  class='flex_column av-m4m7j2-97535bb127c6a5945a1a902a71b53ded av_one_fourth  avia-builder-el-6  el_after_av_one_half  avia-builder-el-last  flex_column_div av-zero-column-padding  '     ><div  id=\"avia-magazine-1\"  class='av-magazine av-k9q6duoo-f2963a92dbc5fd7851fa05e969ede99c av-magazine-top-bar-active  avia-builder-el-7  avia-builder-el-no-sibling  av-small-hide av-mini-hide  avia-builder-el-7  avia-builder-el-no-sibling ' ><div class='av-magazine-top-bar '><span class='av-magazine-top-heading '>Novosti<\/span><\/div><div class='av-magazine-group sort_all'><article class='av-magazine-entry av-magazine-entry-id-27217 av-magazine-format-standard av-magazine-type-post av-magazine-entry-1 av-magazine-entry-small '  itemscope=\"itemscope\" itemtype=\"https:\/\/schema.org\/CreativeWork\" ><div class=\"av-magazine-thumbnail\"><a href='https:\/\/terraforming.org\/sr\/poziv-dodelu-priznanja-secanje-na-hildu-dajc-2026\/' title='Link to: Poziv na dodelu Priznanja &#8222;Se\u0107anje na Hildu Daj\u010d&#8220; 2026' class='av-magazine-thumbnail-link'><img decoding=\"async\" fetchpriority=\"high\" width=\"80\" height=\"80\" src=\"https:\/\/terraforming.org\/wp-content\/uploads\/2026\/04\/1-80x80.jpg\" class=\"wp-image-27237 avia-img-lazy-loading-not-27237 attachment-thumbnail size-thumbnail wp-post-image\" alt=\"SHD2026\" srcset=\"https:\/\/terraforming.org\/wp-content\/uploads\/2026\/04\/1-80x80.jpg 80w, https:\/\/terraforming.org\/wp-content\/uploads\/2026\/04\/1-36x36.jpg 36w, https:\/\/terraforming.org\/wp-content\/uploads\/2026\/04\/1-180x180.jpg 180w\" sizes=\"(max-width: 80px) 100vw, 80px\" \/><\/a><\/div><div class=\"av-magazine-content-wrap\"><header class=\"entry-content-header\" aria-label=\"Post: Poziv na dodelu Priznanja &quot;Se\u0107anje na Hildu Daj\u010d&quot; 2026\"><time class='av-magazine-time updated'  itemprop=\"datePublished\" datetime=\"2026-04-14T08:20:42+02:00\" >14. april 2026.<\/time><h3 class='av-magazine-title entry-title '  itemprop=\"headline\" ><a href='https:\/\/terraforming.org\/sr\/poziv-dodelu-priznanja-secanje-na-hildu-dajc-2026\/' title='Link to: Poziv na dodelu Priznanja &#8222;Se\u0107anje na Hildu Daj\u010d&#8220; 2026'>Poziv na dodelu Priznanja &#8222;Se\u0107anje na Hildu Daj\u010d&#8220; 2026<\/a><\/h3><\/header><\/div><footer class=\"entry-footer\"><\/footer><\/article><article class='av-magazine-entry av-magazine-entry-id-27152 av-magazine-format-standard av-magazine-type-post av-magazine-entry-2 av-magazine-entry-small '  itemscope=\"itemscope\" itemtype=\"https:\/\/schema.org\/CreativeWork\" ><div class=\"av-magazine-thumbnail\"><a href='https:\/\/terraforming.org\/sr\/ucesce-na-policy-forumu-koalicije-za-suzbijanje-onlajn-antisemitizma\/' title='Link to: U\u010de\u0161\u0107e na Policy Forumu Koalicije za suzbijanje onlajn antisemitizma:' class='av-magazine-thumbnail-link'><img decoding=\"async\" fetchpriority=\"high\" width=\"80\" height=\"80\" src=\"https:\/\/terraforming.org\/wp-content\/uploads\/2026\/04\/IMG_0775-80x80.jpg\" class=\"wp-image-27287 avia-img-lazy-loading-not-27287 attachment-thumbnail size-thumbnail wp-post-image\" alt=\"\" srcset=\"https:\/\/terraforming.org\/wp-content\/uploads\/2026\/04\/IMG_0775-80x80.jpg 80w, https:\/\/terraforming.org\/wp-content\/uploads\/2026\/04\/IMG_0775-36x36.jpg 36w, https:\/\/terraforming.org\/wp-content\/uploads\/2026\/04\/IMG_0775-180x180.jpg 180w\" sizes=\"(max-width: 80px) 100vw, 80px\" \/><\/a><\/div><div class=\"av-magazine-content-wrap\"><header class=\"entry-content-header\" aria-label=\"Post: U\u010de\u0161\u0107e na Policy Forumu Koalicije za suzbijanje onlajn antisemitizma:\"><time class='av-magazine-time updated'  itemprop=\"datePublished\" datetime=\"2026-04-03T15:18:31+02:00\" >3. april 2026.<\/time><h3 class='av-magazine-title entry-title '  itemprop=\"headline\" ><a href='https:\/\/terraforming.org\/sr\/ucesce-na-policy-forumu-koalicije-za-suzbijanje-onlajn-antisemitizma\/' title='Link to: U\u010de\u0161\u0107e na Policy Forumu Koalicije za suzbijanje onlajn antisemitizma:'>U\u010de\u0161\u0107e na Policy Forumu Koalicije za suzbijanje onlajn antisemitizma:<\/a><\/h3><\/header><\/div><footer class=\"entry-footer\"><\/footer><\/article><article class='av-magazine-entry av-magazine-entry-id-26989 av-magazine-format-standard av-magazine-type-post av-magazine-entry-3 av-magazine-entry-small '  itemscope=\"itemscope\" itemtype=\"https:\/\/schema.org\/CreativeWork\" ><div class=\"av-magazine-thumbnail\"><a href='https:\/\/terraforming.org\/sr\/ko-oblikuje-secanje-na-holokaust-i-ko-za-njega-snosi-odgovornost\/' title='Link to: Ko oblikuje se\u0107anje na Holokaust \u2014 i ko za njega snosi odgovornost?' class='av-magazine-thumbnail-link'><img decoding=\"async\" fetchpriority=\"high\" width=\"80\" height=\"80\" src=\"https:\/\/terraforming.org\/wp-content\/uploads\/2026\/02\/Terraforming-Featured-NASLOVNA-80x80.jpg\" class=\"wp-image-26988 avia-img-lazy-loading-not-26988 attachment-thumbnail size-thumbnail wp-post-image\" alt=\"Inkluzivno se\u0107anje Stokholm 17\u201318. 02. 2026.\" srcset=\"https:\/\/terraforming.org\/wp-content\/uploads\/2026\/02\/Terraforming-Featured-NASLOVNA-80x80.jpg 80w, https:\/\/terraforming.org\/wp-content\/uploads\/2026\/02\/Terraforming-Featured-NASLOVNA-36x36.jpg 36w, https:\/\/terraforming.org\/wp-content\/uploads\/2026\/02\/Terraforming-Featured-NASLOVNA-180x180.jpg 180w\" sizes=\"(max-width: 80px) 100vw, 80px\" \/><\/a><\/div><div class=\"av-magazine-content-wrap\"><header class=\"entry-content-header\" aria-label=\"Post: Ko oblikuje se\u0107anje na Holokaust \u2014 i ko za njega snosi odgovornost?\"><time class='av-magazine-time updated'  itemprop=\"datePublished\" datetime=\"2026-02-25T13:18:22+01:00\" >25. februar 2026.<\/time><h3 class='av-magazine-title entry-title '  itemprop=\"headline\" ><a href='https:\/\/terraforming.org\/sr\/ko-oblikuje-secanje-na-holokaust-i-ko-za-njega-snosi-odgovornost\/' title='Link to: Ko oblikuje se\u0107anje na Holokaust \u2014 i ko za njega snosi odgovornost?'>Ko oblikuje se\u0107anje na Holokaust \u2014 i ko za njega snosi odgovornost?<\/a><\/h3><\/header><\/div><footer class=\"entry-footer\"><\/footer><\/article><article class='av-magazine-entry av-magazine-entry-id-26663 av-magazine-format-standard av-magazine-type-post av-magazine-entry-4 av-magazine-entry-small '  itemscope=\"itemscope\" itemtype=\"https:\/\/schema.org\/CreativeWork\" ><div class=\"av-magazine-thumbnail\"><a href='https:\/\/terraforming.org\/sr\/preispitivanje-obrazovanja-o-holokaustu-u-evropskom-prostoru-podataka-o-secanju\/' title='Link to: Preispitivanje obrazovanja o Holokaustu u evropskom prostoru podataka o se\u0107anju' class='av-magazine-thumbnail-link'><img decoding=\"async\" fetchpriority=\"high\" width=\"80\" height=\"80\" src=\"https:\/\/terraforming.org\/wp-content\/uploads\/2026\/01\/Terraforming-Featured-NASLOVNA-1-80x80.jpg\" class=\"wp-image-26661 avia-img-lazy-loading-not-26661 attachment-thumbnail size-thumbnail wp-post-image\" alt=\"EMDS Beograd\" srcset=\"https:\/\/terraforming.org\/wp-content\/uploads\/2026\/01\/Terraforming-Featured-NASLOVNA-1-80x80.jpg 80w, https:\/\/terraforming.org\/wp-content\/uploads\/2026\/01\/Terraforming-Featured-NASLOVNA-1-36x36.jpg 36w, https:\/\/terraforming.org\/wp-content\/uploads\/2026\/01\/Terraforming-Featured-NASLOVNA-1-180x180.jpg 180w\" sizes=\"(max-width: 80px) 100vw, 80px\" \/><\/a><\/div><div class=\"av-magazine-content-wrap\"><header class=\"entry-content-header\" aria-label=\"Post: Preispitivanje obrazovanja o Holokaustu u evropskom prostoru podataka o se\u0107anju\"><time class='av-magazine-time updated'  itemprop=\"datePublished\" datetime=\"2026-01-20T16:38:35+01:00\" >20. januar 2026.<\/time><h3 class='av-magazine-title entry-title '  itemprop=\"headline\" ><a href='https:\/\/terraforming.org\/sr\/preispitivanje-obrazovanja-o-holokaustu-u-evropskom-prostoru-podataka-o-secanju\/' title='Link to: Preispitivanje obrazovanja o Holokaustu u evropskom prostoru podataka o se\u0107anju'>Preispitivanje obrazovanja o Holokaustu u evropskom prostoru podataka o se\u0107anju<\/a><\/h3><\/header><\/div><footer class=\"entry-footer\"><\/footer><\/article><article class='av-magazine-entry av-magazine-entry-id-26150 av-magazine-format-standard av-magazine-type-post av-magazine-entry-5 av-magazine-entry-small '  itemscope=\"itemscope\" itemtype=\"https:\/\/schema.org\/CreativeWork\" ><div class=\"av-magazine-thumbnail\"><a href='https:\/\/terraforming.org\/sr\/dogadaj-o-evropskoj-digitalnoj-mrezi-kulture-secanja-u-amsterdamu\/' title='Link to: Doga\u0111aj o Evropskoj digitalnoj mre\u017ei kulture se\u0107anja u Amsterdamu' class='av-magazine-thumbnail-link'><img decoding=\"async\" fetchpriority=\"high\" width=\"80\" height=\"80\" src=\"https:\/\/terraforming.org\/wp-content\/uploads\/2025\/11\/Terraforming-Featured-NASLOVNA-80x80.jpg\" class=\"wp-image-26152 avia-img-lazy-loading-not-26152 attachment-thumbnail size-thumbnail wp-post-image\" alt=\"\u201cMultipliers and Gatekeepers of Holocaust Records in the EMDS\u201d gathered experts from across Europe to explore how digital innovation is reshaping the stewardship, interpretation, and educational use of Holocaust records.\" srcset=\"https:\/\/terraforming.org\/wp-content\/uploads\/2025\/11\/Terraforming-Featured-NASLOVNA-80x80.jpg 80w, https:\/\/terraforming.org\/wp-content\/uploads\/2025\/11\/Terraforming-Featured-NASLOVNA-36x36.jpg 36w, https:\/\/terraforming.org\/wp-content\/uploads\/2025\/11\/Terraforming-Featured-NASLOVNA-180x180.jpg 180w\" sizes=\"(max-width: 80px) 100vw, 80px\" \/><\/a><\/div><div class=\"av-magazine-content-wrap\"><header class=\"entry-content-header\" aria-label=\"Post: Doga\u0111aj o Evropskoj digitalnoj mre\u017ei kulture se\u0107anja u Amsterdamu\"><time class='av-magazine-time updated'  itemprop=\"datePublished\" datetime=\"2025-11-21T20:11:15+01:00\" >21. novembar 2025.<\/time><h3 class='av-magazine-title entry-title '  itemprop=\"headline\" ><a href='https:\/\/terraforming.org\/sr\/dogadaj-o-evropskoj-digitalnoj-mrezi-kulture-secanja-u-amsterdamu\/' title='Link to: Doga\u0111aj o Evropskoj digitalnoj mre\u017ei kulture se\u0107anja u Amsterdamu'>Doga\u0111aj o Evropskoj digitalnoj mre\u017ei kulture se\u0107anja u Amsterdamu<\/a><\/h3><\/header><\/div><footer class=\"entry-footer\"><\/footer><\/article><\/div><\/div><\/div><\/div><\/div><\/main><!-- close content main element --><\/div><\/div><div id='after_section_1'  class='main_color av_default_container_wrap container_wrap fullsize'  ><div class='container av-section-cont-open' ><div class='template-page content  av-content-full alpha units'><div class='post-entry post-entry-type-page post-entry-10538'><div class='entry-content-wrapper clearfix'>\n<style type=\"text\/css\" data-created_by=\"avia_inline_auto\" id=\"style-css-av-k9q66453-02e976c9875adc0a5554449adf92da46\">\n#top .hr.hr-invisible.av-k9q66453-02e976c9875adc0a5554449adf92da46{\nheight:50px;\n}\n<\/style>\n<div  class='hr av-k9q66453-02e976c9875adc0a5554449adf92da46 hr-invisible  avia-builder-el-8  el_after_av_section  avia-builder-el-no-sibling '><span class='hr-inner '><span class=\"hr-inner-style\"><\/span><\/span><\/div><\/p>\n","protected":false},"excerpt":{"rendered":"","protected":false},"author":1,"featured_media":9977,"parent":0,"menu_order":81,"comment_status":"closed","ping_status":"closed","template":"","meta":{"footnotes":""},"class_list":["post-10538","page","type-page","status-publish","has-post-thumbnail","hentry"],"aioseo_notices":[],"jetpack_sharing_enabled":true,"_links":{"self":[{"href":"https:\/\/terraforming.org\/sr\/wp-json\/wp\/v2\/pages\/10538","targetHints":{"allow":["GET"]}}],"collection":[{"href":"https:\/\/terraforming.org\/sr\/wp-json\/wp\/v2\/pages"}],"about":[{"href":"https:\/\/terraforming.org\/sr\/wp-json\/wp\/v2\/types\/page"}],"author":[{"embeddable":true,"href":"https:\/\/terraforming.org\/sr\/wp-json\/wp\/v2\/users\/1"}],"replies":[{"embeddable":true,"href":"https:\/\/terraforming.org\/sr\/wp-json\/wp\/v2\/comments?post=10538"}],"version-history":[{"count":11,"href":"https:\/\/terraforming.org\/sr\/wp-json\/wp\/v2\/pages\/10538\/revisions"}],"predecessor-version":[{"id":19419,"href":"https:\/\/terraforming.org\/sr\/wp-json\/wp\/v2\/pages\/10538\/revisions\/19419"}],"wp:featuredmedia":[{"embeddable":true,"href":"https:\/\/terraforming.org\/sr\/wp-json\/wp\/v2\/media\/9977"}],"wp:attachment":[{"href":"https:\/\/terraforming.org\/sr\/wp-json\/wp\/v2\/media?parent=10538"}],"curies":[{"name":"wp","href":"https:\/\/api.w.org\/{rel}","templated":true}]}}