{"id":14810,"date":"2021-07-14T08:40:14","date_gmt":"2021-07-14T06:40:14","guid":{"rendered":"http:\/\/terraforming.org\/%d0%b2%d0%b5%d1%81%d1%82%d0%b8-%d0%b8-%d0%bd%d0%be%d0%b2%d0%be%d1%81%d1%82%d0%b8\/"},"modified":"2024-02-27T12:54:03","modified_gmt":"2024-02-27T11:54:03","slug":"%d0%b2%d0%b5%d1%81%d1%82%d0%b8-%d0%b8-%d0%bd%d0%be%d0%b2%d0%be%d1%81%d1%82%d0%b8","status":"publish","type":"page","link":"https:\/\/terraforming.org\/sr\/%d0%b2%d0%b5%d1%81%d1%82%d0%b8-%d0%b8-%d0%bd%d0%be%d0%b2%d0%be%d1%81%d1%82%d0%b8\/","title":{"rendered":"Vesti i novosti"},"content":{"rendered":"\n<style type=\"text\/css\" data-created_by=\"avia_inline_auto\" id=\"style-css-av-av_one_full-7688609b370c0fc22d37f41de2668996\">\n.flex_column.av-av_one_full-7688609b370c0fc22d37f41de2668996{\nborder-radius:0px 0px 0px 0px;\npadding:0px 0px 0px 0px;\n}\n<\/style>\n<div  class='flex_column av-av_one_full-7688609b370c0fc22d37f41de2668996 av_one_full  avia-builder-el-0  avia-builder-el-no-sibling  first flex_column_div av-zero-column-padding  '     ><div  data-slideshow-options=\"{&quot;animation&quot;:&quot;fade&quot;,&quot;autoplay&quot;:false,&quot;loop_autoplay&quot;:&quot;once&quot;,&quot;interval&quot;:5,&quot;loop_manual&quot;:&quot;manual-endless&quot;,&quot;autoplay_stopper&quot;:false,&quot;noNavigation&quot;:false,&quot;show_slide_delay&quot;:90}\" class='avia-content-slider avia-content-grid-active avia-content-slider1 avia-content-slider-odd  avia-builder-el-1  avia-builder-el-no-sibling  av-slideshow-ui av-control-default   av-no-slider-navigation av-slideshow-manual av-loop-once av-loop-manual-endless '  itemscope=\"itemscope\" itemtype=\"https:\/\/schema.org\/Blog\" ><div class=\"avia-content-slider-inner\"><div class=\"slide-entry-wrap\"><article class='slide-entry flex_column  post-entry post-entry-27217 slide-entry-overview slide-loop-1 slide-parity-odd  av_one_third first real-thumbnail posttype-post post-format-standard'  itemscope=\"itemscope\" itemtype=\"https:\/\/schema.org\/CreativeWork\" ><a href='https:\/\/terraforming.org\/sr\/poziv-dodelu-priznanja-secanje-na-hildu-dajc-2026\/' data-rel='slide-1' class='slide-image' title='Poziv na dodelu Priznanja &#8222;Se\u0107anje na Hildu Daj\u010d&#8220; 2026'><img decoding=\"async\" fetchpriority=\"high\" width=\"495\" height=\"400\" src=\"https:\/\/terraforming.org\/wp-content\/uploads\/2026\/04\/1-495x400.jpg\" class=\"wp-image-27237 avia-img-lazy-loading-not-27237 attachment-portfolio size-portfolio wp-post-image\" alt=\"SHD2026\" srcset=\"https:\/\/terraforming.org\/wp-content\/uploads\/2026\/04\/1-495x400.jpg 495w, https:\/\/terraforming.org\/wp-content\/uploads\/2026\/04\/1-845x684.jpg 845w\" sizes=\"(max-width: 495px) 100vw, 495px\" \/><\/a><div class=\"slide-content\"><header class=\"entry-content-header\" aria-label=\"Slide: Poziv na dodelu Priznanja &quot;Se\u0107anje na Hildu Daj\u010d&quot; 2026\"><h3 class='slide-entry-title entry-title '  itemprop=\"headline\" ><a href='https:\/\/terraforming.org\/sr\/poziv-dodelu-priznanja-secanje-na-hildu-dajc-2026\/' title='Poziv na dodelu Priznanja &#8222;Se\u0107anje na Hildu Daj\u010d&#8220; 2026'>Poziv na dodelu Priznanja &#8222;Se\u0107anje na Hildu Daj\u010d&#8220; 2026<\/a><\/h3><span class=\"av-vertical-delimiter\"><\/span><\/header><div class=\"slide-meta\"><time class='slide-meta-time updated'  itemprop=\"datePublished\" datetime=\"2026-04-14T08:20:42+02:00\" >14. april 2026.<\/time><\/div><div class='slide-entry-excerpt entry-content'  itemprop=\"text\" >We cordially invite you to join us for the fifth, traditional \"Remembrance of Hilda Daj\u010d\" Awards. The ceremony will last exactly 60 minutes, and will be dedicated to the presentation of the nominees and their work, with a minimum number of introductory and welcoming speeches.<\/div><\/div><footer class=\"entry-footer\"><\/footer><span class='hidden'>\n\t\t\t\t<span class='av-structured-data'  itemprop=\"image\" itemscope=\"itemscope\" itemtype=\"https:\/\/schema.org\/ImageObject\" >\n\t\t\t\t\t\t<span itemprop='url'>https:\/\/terraforming.org\/wp-content\/uploads\/2026\/04\/1.jpg<\/span>\n\t\t\t\t\t\t<span itemprop='height'>788<\/span>\n\t\t\t\t\t\t<span itemprop='width'>940<\/span>\n\t\t\t\t<\/span>\n\t\t\t\t<span class='av-structured-data'  itemprop=\"publisher\" itemtype=\"https:\/\/schema.org\/Organization\" itemscope=\"itemscope\" >\n\t\t\t\t\t\t<span itemprop='name'>Nemanja Stevanovi\u0107<\/span>\n\t\t\t\t\t\t<span itemprop='logo' itemscope itemtype='https:\/\/schema.org\/ImageObject'>\n\t\t\t\t\t\t\t<span itemprop='url'>http:\/\/terraforming.org\/wp-content\/uploads\/2016\/05\/Terraforming-2016-1-enfold.png<\/span>\n\t\t\t\t\t\t<\/span>\n\t\t\t\t<\/span><span class='av-structured-data'  itemprop=\"author\" itemscope=\"itemscope\" itemtype=\"https:\/\/schema.org\/Person\" ><span itemprop='name'>Nemanja Stevanovi\u0107<\/span><\/span><span class='av-structured-data'  itemprop=\"datePublished\" datetime=\"2021-07-14T08:40:14+02:00\" >2026-04-14 08:20:42<\/span><span class='av-structured-data'  itemprop=\"dateModified\" itemtype=\"https:\/\/schema.org\/dateModified\" >2026-04-14 11:01:32<\/span><span class='av-structured-data'  itemprop=\"mainEntityOfPage\" itemtype=\"https:\/\/schema.org\/mainEntityOfPage\" ><span itemprop='name'>Poziv na dodelu Priznanja &#8222;Se\u0107anje na Hildu Daj\u010d&#8220; 2026<\/span><\/span><\/span><\/article><article class='slide-entry flex_column  post-entry post-entry-27152 slide-entry-overview slide-loop-2 slide-parity-even  av_one_third  real-thumbnail posttype-post post-format-standard'  itemscope=\"itemscope\" itemtype=\"https:\/\/schema.org\/CreativeWork\" ><a href='https:\/\/terraforming.org\/sr\/ucesce-na-policy-forumu-koalicije-za-suzbijanje-onlajn-antisemitizma\/' data-rel='slide-1' class='slide-image' title='U\u010de\u0161\u0107e na Policy Forumu Koalicije za suzbijanje onlajn antisemitizma:'><img decoding=\"async\" fetchpriority=\"high\" width=\"495\" height=\"400\" src=\"https:\/\/terraforming.org\/wp-content\/uploads\/2026\/04\/IMG_0775-495x400.jpg\" class=\"wp-image-27287 avia-img-lazy-loading-not-27287 attachment-portfolio size-portfolio wp-post-image\" alt=\"\" srcset=\"https:\/\/terraforming.org\/wp-content\/uploads\/2026\/04\/IMG_0775-495x400.jpg 495w, https:\/\/terraforming.org\/wp-content\/uploads\/2026\/04\/IMG_0775-845x684.jpg 845w\" sizes=\"(max-width: 495px) 100vw, 495px\" \/><\/a><div class=\"slide-content\"><header class=\"entry-content-header\" aria-label=\"Slide: U\u010de\u0161\u0107e na Policy Forumu Koalicije za suzbijanje onlajn antisemitizma:\"><h3 class='slide-entry-title entry-title '  itemprop=\"headline\" ><a href='https:\/\/terraforming.org\/sr\/ucesce-na-policy-forumu-koalicije-za-suzbijanje-onlajn-antisemitizma\/' title='U\u010de\u0161\u0107e na Policy Forumu Koalicije za suzbijanje onlajn antisemitizma:'>U\u010de\u0161\u0107e na Policy Forumu Koalicije za suzbijanje onlajn antisemitizma:<\/a><\/h3><span class=\"av-vertical-delimiter\"><\/span><\/header><div class=\"slide-meta\"><time class='slide-meta-time updated'  itemprop=\"datePublished\" datetime=\"2026-04-03T15:18:31+02:00\" >3. april 2026.<\/time><\/div><div class='slide-entry-excerpt entry-content'  itemprop=\"text\" >Mi\u0161ko Stani\u0161i\u0107 i Jovana Savi\u0107 u\u010destvovali su na Policy forumu Koalicije za suzbijanje onlajn antisemitizma (CCOA) u Berlinu, u organizaciji Instituta za strate\u0161ki dijalog (ISD).<\/div><\/div><footer class=\"entry-footer\"><\/footer><span class='hidden'>\n\t\t\t\t<span class='av-structured-data'  itemprop=\"image\" itemscope=\"itemscope\" itemtype=\"https:\/\/schema.org\/ImageObject\" >\n\t\t\t\t\t\t<span itemprop='url'>https:\/\/terraforming.org\/wp-content\/uploads\/2026\/04\/IMG_0775-scaled.jpg<\/span>\n\t\t\t\t\t\t<span itemprop='height'>1920<\/span>\n\t\t\t\t\t\t<span itemprop='width'>2560<\/span>\n\t\t\t\t<\/span>\n\t\t\t\t<span class='av-structured-data'  itemprop=\"publisher\" itemtype=\"https:\/\/schema.org\/Organization\" itemscope=\"itemscope\" >\n\t\t\t\t\t\t<span itemprop='name'>Nemanja Stevanovi\u0107<\/span>\n\t\t\t\t\t\t<span itemprop='logo' itemscope itemtype='https:\/\/schema.org\/ImageObject'>\n\t\t\t\t\t\t\t<span itemprop='url'>http:\/\/terraforming.org\/wp-content\/uploads\/2016\/05\/Terraforming-2016-1-enfold.png<\/span>\n\t\t\t\t\t\t<\/span>\n\t\t\t\t<\/span><span class='av-structured-data'  itemprop=\"author\" itemscope=\"itemscope\" itemtype=\"https:\/\/schema.org\/Person\" ><span itemprop='name'>Nemanja Stevanovi\u0107<\/span><\/span><span class='av-structured-data'  itemprop=\"datePublished\" datetime=\"2021-07-14T08:40:14+02:00\" >2026-04-03 15:18:31<\/span><span class='av-structured-data'  itemprop=\"dateModified\" itemtype=\"https:\/\/schema.org\/dateModified\" >2026-04-14 11:26:22<\/span><span class='av-structured-data'  itemprop=\"mainEntityOfPage\" itemtype=\"https:\/\/schema.org\/mainEntityOfPage\" ><span itemprop='name'>U\u010de\u0161\u0107e na Policy Forumu Koalicije za suzbijanje onlajn antisemitizma:<\/span><\/span><\/span><\/article><article class='slide-entry flex_column  post-entry post-entry-26989 slide-entry-overview slide-loop-3 slide-parity-odd  av_one_third  real-thumbnail posttype-post post-format-standard'  itemscope=\"itemscope\" itemtype=\"https:\/\/schema.org\/CreativeWork\" ><a href='https:\/\/terraforming.org\/sr\/ko-oblikuje-secanje-na-holokaust-i-ko-za-njega-snosi-odgovornost\/' data-rel='slide-1' class='slide-image' title='Ko oblikuje se\u0107anje na Holokaust \u2014 i ko za njega snosi odgovornost?'><img decoding=\"async\" fetchpriority=\"high\" width=\"495\" height=\"400\" src=\"https:\/\/terraforming.org\/wp-content\/uploads\/2026\/02\/Terraforming-Featured-NASLOVNA-495x400.jpg\" class=\"wp-image-26988 avia-img-lazy-loading-not-26988 attachment-portfolio size-portfolio wp-post-image\" alt=\"Inkluzivno se\u0107anje Stokholm 17\u201318. 02. 2026.\" srcset=\"https:\/\/terraforming.org\/wp-content\/uploads\/2026\/02\/Terraforming-Featured-NASLOVNA-495x400.jpg 495w, https:\/\/terraforming.org\/wp-content\/uploads\/2026\/02\/Terraforming-Featured-NASLOVNA-845x684.jpg 845w\" sizes=\"(max-width: 495px) 100vw, 495px\" \/><\/a><div class=\"slide-content\"><header class=\"entry-content-header\" aria-label=\"Slide: Ko oblikuje se\u0107anje na Holokaust \u2014 i ko za njega snosi odgovornost?\"><h3 class='slide-entry-title entry-title '  itemprop=\"headline\" ><a href='https:\/\/terraforming.org\/sr\/ko-oblikuje-secanje-na-holokaust-i-ko-za-njega-snosi-odgovornost\/' title='Ko oblikuje se\u0107anje na Holokaust \u2014 i ko za njega snosi odgovornost?'>Ko oblikuje se\u0107anje na Holokaust \u2014 i ko za njega snosi odgovornost?<\/a><\/h3><span class=\"av-vertical-delimiter\"><\/span><\/header><div class=\"slide-meta\"><time class='slide-meta-time updated'  itemprop=\"datePublished\" datetime=\"2026-02-25T13:18:22+01:00\" >25. februar 2026.<\/time><\/div><div class='slide-entry-excerpt entry-content'  itemprop=\"text\" >Ko oblikuje se\u0107anje na Holokaust \u2014 i ko za njega snosi odgovornost?\nOvo pitanje bilo je u sredi\u0161tu dvodnevne studijske posete Stokholmu u okviru projekta Inclusive Remembrance \u2013 Holocaust Education and Minority Voices for Democratic Competencies, koji je razvila organizacija Terraforming, a finansira ga Swedish Institute. Poseta je predstavljala drugo okupljanje u okviru projekta, nakon inicijalnog susreta u Beogradu, posve\u0107enog progonu i genocidu nad Romima.<\/div><\/div><footer class=\"entry-footer\"><\/footer><span class='hidden'>\n\t\t\t\t<span class='av-structured-data'  itemprop=\"image\" itemscope=\"itemscope\" itemtype=\"https:\/\/schema.org\/ImageObject\" >\n\t\t\t\t\t\t<span itemprop='url'>https:\/\/terraforming.org\/wp-content\/uploads\/2026\/02\/Terraforming-Featured-NASLOVNA.jpg<\/span>\n\t\t\t\t\t\t<span itemprop='height'>980<\/span>\n\t\t\t\t\t\t<span itemprop='width'>1200<\/span>\n\t\t\t\t<\/span>\n\t\t\t\t<span class='av-structured-data'  itemprop=\"publisher\" itemtype=\"https:\/\/schema.org\/Organization\" itemscope=\"itemscope\" >\n\t\t\t\t\t\t<span itemprop='name'>Nemanja Stevanovi\u0107<\/span>\n\t\t\t\t\t\t<span itemprop='logo' itemscope itemtype='https:\/\/schema.org\/ImageObject'>\n\t\t\t\t\t\t\t<span itemprop='url'>http:\/\/terraforming.org\/wp-content\/uploads\/2016\/05\/Terraforming-2016-1-enfold.png<\/span>\n\t\t\t\t\t\t<\/span>\n\t\t\t\t<\/span><span class='av-structured-data'  itemprop=\"author\" itemscope=\"itemscope\" itemtype=\"https:\/\/schema.org\/Person\" ><span itemprop='name'>Nemanja Stevanovi\u0107<\/span><\/span><span class='av-structured-data'  itemprop=\"datePublished\" datetime=\"2021-07-14T08:40:14+02:00\" >2026-02-25 13:18:22<\/span><span class='av-structured-data'  itemprop=\"dateModified\" itemtype=\"https:\/\/schema.org\/dateModified\" >2026-02-25 14:11:30<\/span><span class='av-structured-data'  itemprop=\"mainEntityOfPage\" itemtype=\"https:\/\/schema.org\/mainEntityOfPage\" ><span itemprop='name'>Ko oblikuje se\u0107anje na Holokaust \u2014 i ko za njega snosi odgovornost?<\/span><\/span><\/span><\/article><\/div><div class=\"slide-entry-wrap\"><article class='slide-entry flex_column  post-entry post-entry-26663 slide-entry-overview slide-loop-4 slide-parity-odd  av_one_third first real-thumbnail posttype-post post-format-standard'  itemscope=\"itemscope\" itemtype=\"https:\/\/schema.org\/CreativeWork\" ><a href='https:\/\/terraforming.org\/sr\/preispitivanje-obrazovanja-o-holokaustu-u-evropskom-prostoru-podataka-o-secanju\/' data-rel='slide-1' class='slide-image' title='Preispitivanje obrazovanja o Holokaustu u evropskom prostoru podataka o se\u0107anju'><img decoding=\"async\" fetchpriority=\"high\" width=\"495\" height=\"400\" src=\"https:\/\/terraforming.org\/wp-content\/uploads\/2026\/01\/Terraforming-Featured-NASLOVNA-1-495x400.jpg\" class=\"wp-image-26661 avia-img-lazy-loading-not-26661 attachment-portfolio size-portfolio wp-post-image\" alt=\"EMDS Beograd\" srcset=\"https:\/\/terraforming.org\/wp-content\/uploads\/2026\/01\/Terraforming-Featured-NASLOVNA-1-495x400.jpg 495w, https:\/\/terraforming.org\/wp-content\/uploads\/2026\/01\/Terraforming-Featured-NASLOVNA-1-845x684.jpg 845w\" sizes=\"(max-width: 495px) 100vw, 495px\" \/><\/a><div class=\"slide-content\"><header class=\"entry-content-header\" aria-label=\"Slide: Preispitivanje obrazovanja o Holokaustu u evropskom prostoru podataka o se\u0107anju\"><h3 class='slide-entry-title entry-title '  itemprop=\"headline\" ><a href='https:\/\/terraforming.org\/sr\/preispitivanje-obrazovanja-o-holokaustu-u-evropskom-prostoru-podataka-o-secanju\/' title='Preispitivanje obrazovanja o Holokaustu u evropskom prostoru podataka o se\u0107anju'>Preispitivanje obrazovanja o Holokaustu u evropskom prostoru podataka o se\u0107anju<\/a><\/h3><span class=\"av-vertical-delimiter\"><\/span><\/header><div class=\"slide-meta\"><time class='slide-meta-time updated'  itemprop=\"datePublished\" datetime=\"2026-01-20T16:38:35+01:00\" >20. januar 2026.<\/time><\/div><div class='slide-entry-excerpt entry-content'  itemprop=\"text\" >Terraforming organizuje doga\u0111aj Preispitivanje obrazovanja o Holokaustu u evropskom prostoru podataka o se\u0107anju, koji \u0107e se odr\u017eati 12. februara 2026., od 14:00 do 18:00, u Evropskoj ku\u0107i u Beogradu.<\/div><\/div><footer class=\"entry-footer\"><\/footer><span class='hidden'>\n\t\t\t\t<span class='av-structured-data'  itemprop=\"image\" itemscope=\"itemscope\" itemtype=\"https:\/\/schema.org\/ImageObject\" >\n\t\t\t\t\t\t<span itemprop='url'>https:\/\/terraforming.org\/wp-content\/uploads\/2026\/01\/Terraforming-Featured-NASLOVNA-1.jpg<\/span>\n\t\t\t\t\t\t<span itemprop='height'>980<\/span>\n\t\t\t\t\t\t<span itemprop='width'>1200<\/span>\n\t\t\t\t<\/span>\n\t\t\t\t<span class='av-structured-data'  itemprop=\"publisher\" itemtype=\"https:\/\/schema.org\/Organization\" itemscope=\"itemscope\" >\n\t\t\t\t\t\t<span itemprop='name'>Nemanja Stevanovi\u0107<\/span>\n\t\t\t\t\t\t<span itemprop='logo' itemscope itemtype='https:\/\/schema.org\/ImageObject'>\n\t\t\t\t\t\t\t<span itemprop='url'>http:\/\/terraforming.org\/wp-content\/uploads\/2016\/05\/Terraforming-2016-1-enfold.png<\/span>\n\t\t\t\t\t\t<\/span>\n\t\t\t\t<\/span><span class='av-structured-data'  itemprop=\"author\" itemscope=\"itemscope\" itemtype=\"https:\/\/schema.org\/Person\" ><span itemprop='name'>Nemanja Stevanovi\u0107<\/span><\/span><span class='av-structured-data'  itemprop=\"datePublished\" datetime=\"2021-07-14T08:40:14+02:00\" >2026-01-20 16:38:35<\/span><span class='av-structured-data'  itemprop=\"dateModified\" itemtype=\"https:\/\/schema.org\/dateModified\" >2026-02-04 16:50:02<\/span><span class='av-structured-data'  itemprop=\"mainEntityOfPage\" itemtype=\"https:\/\/schema.org\/mainEntityOfPage\" ><span itemprop='name'>Preispitivanje obrazovanja o Holokaustu u evropskom prostoru podataka o se\u0107anju<\/span><\/span><\/span><\/article><article class='slide-entry flex_column  post-entry post-entry-26150 slide-entry-overview slide-loop-5 slide-parity-even  av_one_third  real-thumbnail posttype-post post-format-standard'  itemscope=\"itemscope\" itemtype=\"https:\/\/schema.org\/CreativeWork\" ><a href='https:\/\/terraforming.org\/sr\/dogadaj-o-evropskoj-digitalnoj-mrezi-kulture-secanja-u-amsterdamu\/' data-rel='slide-1' class='slide-image' title='Doga\u0111aj o Evropskoj digitalnoj mre\u017ei kulture se\u0107anja u Amsterdamu'><img decoding=\"async\" fetchpriority=\"high\" width=\"495\" height=\"400\" src=\"https:\/\/terraforming.org\/wp-content\/uploads\/2025\/11\/Terraforming-Featured-NASLOVNA-495x400.jpg\" class=\"wp-image-26152 avia-img-lazy-loading-not-26152 attachment-portfolio size-portfolio wp-post-image\" alt=\"\u201cMultipliers and Gatekeepers of Holocaust Records in the EMDS\u201d gathered experts from across Europe to explore how digital innovation is reshaping the stewardship, interpretation, and educational use of Holocaust records.\" srcset=\"https:\/\/terraforming.org\/wp-content\/uploads\/2025\/11\/Terraforming-Featured-NASLOVNA-495x400.jpg 495w, https:\/\/terraforming.org\/wp-content\/uploads\/2025\/11\/Terraforming-Featured-NASLOVNA-845x684.jpg 845w\" sizes=\"(max-width: 495px) 100vw, 495px\" \/><\/a><div class=\"slide-content\"><header class=\"entry-content-header\" aria-label=\"Slide: Doga\u0111aj o Evropskoj digitalnoj mre\u017ei kulture se\u0107anja u Amsterdamu\"><h3 class='slide-entry-title entry-title '  itemprop=\"headline\" ><a href='https:\/\/terraforming.org\/sr\/dogadaj-o-evropskoj-digitalnoj-mrezi-kulture-secanja-u-amsterdamu\/' title='Doga\u0111aj o Evropskoj digitalnoj mre\u017ei kulture se\u0107anja u Amsterdamu'>Doga\u0111aj o Evropskoj digitalnoj mre\u017ei kulture se\u0107anja u Amsterdamu<\/a><\/h3><span class=\"av-vertical-delimiter\"><\/span><\/header><div class=\"slide-meta\"><time class='slide-meta-time updated'  itemprop=\"datePublished\" datetime=\"2025-11-21T20:11:15+01:00\" >21. novembar 2025.<\/time><\/div><div class='slide-entry-excerpt entry-content'  itemprop=\"text\" >\u201eMultiplikatori i \u010duvari zapisa o Holokaustu u EMDS-u\u201c okupio je stru\u010dnjake iz cele Evrope kako bi istra\u017eili kako digitalne inovacije menjaju upravljanje, tuma\u010denje i obrazovnu upotrebu zapisa o Holokaustu.<\/div><\/div><footer class=\"entry-footer\"><\/footer><span class='hidden'>\n\t\t\t\t<span class='av-structured-data'  itemprop=\"image\" itemscope=\"itemscope\" itemtype=\"https:\/\/schema.org\/ImageObject\" >\n\t\t\t\t\t\t<span itemprop='url'>https:\/\/terraforming.org\/wp-content\/uploads\/2025\/11\/Terraforming-Featured-NASLOVNA.jpg<\/span>\n\t\t\t\t\t\t<span itemprop='height'>980<\/span>\n\t\t\t\t\t\t<span itemprop='width'>1200<\/span>\n\t\t\t\t<\/span>\n\t\t\t\t<span class='av-structured-data'  itemprop=\"publisher\" itemtype=\"https:\/\/schema.org\/Organization\" itemscope=\"itemscope\" >\n\t\t\t\t\t\t<span itemprop='name'>Nemanja Stevanovi\u0107<\/span>\n\t\t\t\t\t\t<span itemprop='logo' itemscope itemtype='https:\/\/schema.org\/ImageObject'>\n\t\t\t\t\t\t\t<span itemprop='url'>http:\/\/terraforming.org\/wp-content\/uploads\/2016\/05\/Terraforming-2016-1-enfold.png<\/span>\n\t\t\t\t\t\t<\/span>\n\t\t\t\t<\/span><span class='av-structured-data'  itemprop=\"author\" itemscope=\"itemscope\" itemtype=\"https:\/\/schema.org\/Person\" ><span itemprop='name'>Nemanja Stevanovi\u0107<\/span><\/span><span class='av-structured-data'  itemprop=\"datePublished\" datetime=\"2021-07-14T08:40:14+02:00\" >2025-11-21 20:11:15<\/span><span class='av-structured-data'  itemprop=\"dateModified\" itemtype=\"https:\/\/schema.org\/dateModified\" >2025-11-21 20:11:56<\/span><span class='av-structured-data'  itemprop=\"mainEntityOfPage\" itemtype=\"https:\/\/schema.org\/mainEntityOfPage\" ><span itemprop='name'>Doga\u0111aj o Evropskoj digitalnoj mre\u017ei kulture se\u0107anja u Amsterdamu<\/span><\/span><\/span><\/article><article class='slide-entry flex_column  post-entry post-entry-25838 slide-entry-overview slide-loop-6 slide-parity-odd  post-entry-last  av_one_third  real-thumbnail posttype-post post-format-standard'  itemscope=\"itemscope\" itemtype=\"https:\/\/schema.org\/CreativeWork\" ><a href='https:\/\/terraforming.org\/sr\/multiplikatori-i-cuvari-secanja-na-holokaust\/' data-rel='slide-1' class='slide-image' title='Multiplikatori i \u010duvari se\u0107anja na Holokaust'><img decoding=\"async\" fetchpriority=\"high\" width=\"495\" height=\"400\" src=\"https:\/\/terraforming.org\/wp-content\/uploads\/2025\/11\/Terraforming-Featured-NASLOVNA-495x400.png\" class=\"wp-image-25840 avia-img-lazy-loading-not-25840 attachment-portfolio size-portfolio wp-post-image\" alt=\"EMDS Amsterdam\" srcset=\"https:\/\/terraforming.org\/wp-content\/uploads\/2025\/11\/Terraforming-Featured-NASLOVNA-495x400.png 495w, https:\/\/terraforming.org\/wp-content\/uploads\/2025\/11\/Terraforming-Featured-NASLOVNA-845x684.png 845w\" sizes=\"(max-width: 495px) 100vw, 495px\" \/><\/a><div class=\"slide-content\"><header class=\"entry-content-header\" aria-label=\"Slide: Multiplikatori i \u010duvari se\u0107anja na Holokaust\"><h3 class='slide-entry-title entry-title '  itemprop=\"headline\" ><a href='https:\/\/terraforming.org\/sr\/multiplikatori-i-cuvari-secanja-na-holokaust\/' title='Multiplikatori i \u010duvari se\u0107anja na Holokaust'>Multiplikatori i \u010duvari se\u0107anja na Holokaust<\/a><\/h3><span class=\"av-vertical-delimiter\"><\/span><\/header><div class=\"slide-meta\"><time class='slide-meta-time updated'  itemprop=\"datePublished\" datetime=\"2025-11-12T07:58:42+01:00\" >12. novembar 2025.<\/time><\/div><div class='slide-entry-excerpt entry-content'  itemprop=\"text\" >Terraforming \u0107e 20. novembra 2025. godine u sinagogi Uilenburgersjoel u Amsterdamu organizovati doga\u0111aj \u201eMultiplikatori i \u010duvari se\u0107anja na Holokaust u Evropskoj mre\u017ei kulture se\u0107anja\u201c. Registrujte se na vreme.<\/div><\/div><footer class=\"entry-footer\"><\/footer><span class='hidden'>\n\t\t\t\t<span class='av-structured-data'  itemprop=\"image\" itemscope=\"itemscope\" itemtype=\"https:\/\/schema.org\/ImageObject\" >\n\t\t\t\t\t\t<span itemprop='url'>https:\/\/terraforming.org\/wp-content\/uploads\/2025\/11\/Terraforming-Featured-NASLOVNA.png<\/span>\n\t\t\t\t\t\t<span itemprop='height'>980<\/span>\n\t\t\t\t\t\t<span itemprop='width'>1200<\/span>\n\t\t\t\t<\/span>\n\t\t\t\t<span class='av-structured-data'  itemprop=\"publisher\" itemtype=\"https:\/\/schema.org\/Organization\" itemscope=\"itemscope\" >\n\t\t\t\t\t\t<span itemprop='name'>Nemanja Stevanovi\u0107<\/span>\n\t\t\t\t\t\t<span itemprop='logo' itemscope itemtype='https:\/\/schema.org\/ImageObject'>\n\t\t\t\t\t\t\t<span itemprop='url'>http:\/\/terraforming.org\/wp-content\/uploads\/2016\/05\/Terraforming-2016-1-enfold.png<\/span>\n\t\t\t\t\t\t<\/span>\n\t\t\t\t<\/span><span class='av-structured-data'  itemprop=\"author\" itemscope=\"itemscope\" itemtype=\"https:\/\/schema.org\/Person\" ><span itemprop='name'>Nemanja Stevanovi\u0107<\/span><\/span><span class='av-structured-data'  itemprop=\"datePublished\" datetime=\"2021-07-14T08:40:14+02:00\" >2025-11-12 07:58:42<\/span><span class='av-structured-data'  itemprop=\"dateModified\" itemtype=\"https:\/\/schema.org\/dateModified\" >2025-11-20 13:00:17<\/span><span class='av-structured-data'  itemprop=\"mainEntityOfPage\" itemtype=\"https:\/\/schema.org\/mainEntityOfPage\" ><span itemprop='name'>Multiplikatori i \u010duvari se\u0107anja na Holokaust<\/span><\/span><\/span><\/article><\/div><\/div><div class='pagination-wrap pagination-slider'><nav class='pagination'><span class='pagination-meta'>Page 1 of 16<\/span><span class='current'>1<\/span><a href='https:\/\/terraforming.org\/sr\/wp-json\/wp\/v2\/pages\/14810\/?avia-element-paging=2' class='inactive next_page' >2<\/a><a href='https:\/\/terraforming.org\/sr\/wp-json\/wp\/v2\/pages\/14810\/?avia-element-paging=3' class='inactive' >3<\/a><a href='https:\/\/terraforming.org\/sr\/wp-json\/wp\/v2\/pages\/14810\/?avia-element-paging=2'>&rsaquo;<\/a><a href='https:\/\/terraforming.org\/sr\/wp-json\/wp\/v2\/pages\/14810\/?avia-element-paging=16'>&raquo;<\/a><\/nav>\n<\/div><\/div><\/div>\n","protected":false},"excerpt":{"rendered":"<p>Vesti, \u010dlanci i novosti: Projekti i aktivnosti u Srbiji i inostranstvu.<\/p>\n","protected":false},"author":1,"featured_media":12662,"parent":0,"menu_order":86,"comment_status":"closed","ping_status":"closed","template":"","meta":{"footnotes":""},"class_list":["post-14810","page","type-page","status-publish","has-post-thumbnail","hentry"],"aioseo_notices":[],"jetpack_sharing_enabled":true,"_links":{"self":[{"href":"https:\/\/terraforming.org\/sr\/wp-json\/wp\/v2\/pages\/14810","targetHints":{"allow":["GET"]}}],"collection":[{"href":"https:\/\/terraforming.org\/sr\/wp-json\/wp\/v2\/pages"}],"about":[{"href":"https:\/\/terraforming.org\/sr\/wp-json\/wp\/v2\/types\/page"}],"author":[{"embeddable":true,"href":"https:\/\/terraforming.org\/sr\/wp-json\/wp\/v2\/users\/1"}],"replies":[{"embeddable":true,"href":"https:\/\/terraforming.org\/sr\/wp-json\/wp\/v2\/comments?post=14810"}],"version-history":[{"count":5,"href":"https:\/\/terraforming.org\/sr\/wp-json\/wp\/v2\/pages\/14810\/revisions"}],"predecessor-version":[{"id":20515,"href":"https:\/\/terraforming.org\/sr\/wp-json\/wp\/v2\/pages\/14810\/revisions\/20515"}],"wp:featuredmedia":[{"embeddable":true,"href":"https:\/\/terraforming.org\/sr\/wp-json\/wp\/v2\/media\/12662"}],"wp:attachment":[{"href":"https:\/\/terraforming.org\/sr\/wp-json\/wp\/v2\/media?parent=14810"}],"curies":[{"name":"wp","href":"https:\/\/api.w.org\/{rel}","templated":true}]}}