{"id":21372,"date":"2024-07-14T16:01:31","date_gmt":"2024-07-14T14:01:31","guid":{"rendered":"https:\/\/terraforming.org\/terarazgovori\/"},"modified":"2024-07-15T11:34:47","modified_gmt":"2024-07-15T09:34:47","slug":"terarazgovori","status":"publish","type":"page","link":"https:\/\/terraforming.org\/sr\/terarazgovori\/","title":{"rendered":"Terratalks &#8211; razgovori"},"content":{"rendered":"\n<style type=\"text\/css\" data-created_by=\"avia_inline_auto\" id=\"style-css-av-47gv6kd-256b376bdc0ea62ca46997656c28cf97\">\n.avia-section.av-47gv6kd-256b376bdc0ea62ca46997656c28cf97 .av-extra-border-element .av-extra-border-inner{\nbackground-color:#abbccc;\n}\n<\/style>\n<div id='av_section_1'  class='avia-section av-47gv6kd-256b376bdc0ea62ca46997656c28cf97 footer_color avia-section-default avia-shadow  avia-builder-el-0  avia-builder-el-no-sibling  avia-bg-style-scroll av-arrow-down-section container_wrap fullsize'  ><div class='container av-section-cont-open' ><main  role=\"main\" itemprop=\"mainContentOfPage\"  class='template-page content  av-content-full alpha units'><div class='post-entry post-entry-type-page post-entry-21372'><div class='entry-content-wrapper clearfix'>\n\n<style type=\"text\/css\" data-created_by=\"avia_inline_auto\" id=\"style-css-av-efh5q5-490dcff6bd5860ce36c07690617dd4d3\">\n.flex_column.av-efh5q5-490dcff6bd5860ce36c07690617dd4d3{\nborder-radius:0px 0px 0px 0px;\npadding:0px 0px 0px 0px;\n}\n<\/style>\n<div  class='flex_column av-efh5q5-490dcff6bd5860ce36c07690617dd4d3 av_one_half  avia-builder-el-1  el_before_av_one_half  avia-builder-el-first  first flex_column_div av-zero-column-padding  '     ><p>\n<style type=\"text\/css\" data-created_by=\"avia_inline_auto\" id=\"style-css-av-3bsfdb1-c08e059327b75684901272b42a3d238d\">\n.avia-image-container.av-3bsfdb1-c08e059327b75684901272b42a3d238d img.avia_image{\nbox-shadow:none;\n}\n.avia-image-container.av-3bsfdb1-c08e059327b75684901272b42a3d238d .av-image-caption-overlay-center{\ncolor:#ffffff;\n}\n<\/style>\n<div  class='avia-image-container av-3bsfdb1-c08e059327b75684901272b42a3d238d av-styling- avia-align-center  avia-builder-el-2  el_before_av_textblock  avia-builder-el-first '   itemprop=\"image\" itemscope=\"itemscope\" itemtype=\"https:\/\/schema.org\/ImageObject\" ><div class=\"avia-image-container-inner\"><div class=\"avia-image-overlay-wrap\"><img decoding=\"async\" fetchpriority=\"high\" class='wp-image-15461 avia-img-lazy-loading-not-15461 avia_image ' src=\"https:\/\/terraforming.org\/wp-content\/uploads\/2021\/10\/Terratalks2-1030x821.jpg\" alt='Terratalks' title='Terratalks'  height=\"821\" width=\"1030\"  itemprop=\"thumbnailUrl\" srcset=\"https:\/\/terraforming.org\/wp-content\/uploads\/2021\/10\/Terratalks2-1030x821.jpg 1030w, https:\/\/terraforming.org\/wp-content\/uploads\/2021\/10\/Terratalks2-300x239.jpg 300w, https:\/\/terraforming.org\/wp-content\/uploads\/2021\/10\/Terratalks2-768x612.jpg 768w, https:\/\/terraforming.org\/wp-content\/uploads\/2021\/10\/Terratalks2-705x562.jpg 705w, https:\/\/terraforming.org\/wp-content\/uploads\/2021\/10\/Terratalks2.jpg 1200w\" sizes=\"(max-width: 1030px) 100vw, 1030px\" \/><\/div><\/div><\/div><br \/>\n<section  class='av_textblock_section av-lylmjcjv-5c6023924c49abf4785de9c058541e6d '   itemscope=\"itemscope\" itemtype=\"https:\/\/schema.org\/CreativeWork\" ><div class='avia_textblock'  itemprop=\"text\" ><p>TERRATALKS je niz razgovora sa relevantnim stru\u010dnjacima i prakti\u010darima iz Srbije i drugih zemalja o temama vezanim za kulturu se\u0107anja, komemoracije, istra\u017eivanja i edukaciju o Holokaustu.<\/p>\n<\/div><\/section><\/p><\/div>\n<style type=\"text\/css\" data-created_by=\"avia_inline_auto\" id=\"style-css-av-2yps7lp-69c2c05dde7e99b71c22fe03464a9944\">\n.flex_column.av-2yps7lp-69c2c05dde7e99b71c22fe03464a9944{\nborder-radius:0px 0px 0px 0px;\npadding:0px 0px 0px 0px;\n}\n<\/style>\n<div  class='flex_column av-2yps7lp-69c2c05dde7e99b71c22fe03464a9944 av_one_half  avia-builder-el-4  el_after_av_one_half  el_before_av_one_half  flex_column_div av-zero-column-padding  '     ><p><br \/>\n<section  class='av_textblock_section av-lylmdnqu-12f9a356b4230acf2756a67ced92d212 '   itemscope=\"itemscope\" itemtype=\"https:\/\/schema.org\/CreativeWork\" ><div class='avia_textblock'  itemprop=\"text\" ><h3>TERRATALKS 01<\/h3>\n<p>Intervju sa<strong> Larisom Mi\u0161alskom iz<\/strong> fondacije<a href=\"https:\/\/www.humanityinaction.org\/country\/poland\/\" target=\"_blank\" rel=\"noopener noreferrer nofollow\"> Humanity in Action iz Poljske<\/a> i<strong> Zoltanom Totom<\/strong> iz<a href=\"http:\/\/www.hdke.hu\/en\/\" target=\"_blank\" rel=\"noopener noreferrer nofollow\"> Memorijalnog centra Holokausta iz Budimpe\u0161te<\/a><br \/>\nIntervju je snimljen tokom simpozijuma u Novom Sadu u okviru projekta &#8222;Holokaust, evropske vrednosti i lokalna istorija&#8220;.<\/p>\n<p>Voditelj i moderator:<strong> Mi\u0161ko Stani\u0161i\u0107<\/strong>.<\/p>\n<\/div><\/section><\/p><\/div>\n<style type=\"text\/css\" data-created_by=\"avia_inline_auto\" id=\"style-css-av-200t2rh-78f8ccb560b60d6eceb78fff2e199e33\">\n.flex_column.av-200t2rh-78f8ccb560b60d6eceb78fff2e199e33{\nborder-radius:0px 0px 0px 0px;\npadding:0px 0px 0px 0px;\n}\n<\/style>\n<div  class='flex_column av-200t2rh-78f8ccb560b60d6eceb78fff2e199e33 av_one_half  avia-builder-el-7  el_after_av_one_half  el_before_av_one_half  first flex_column_div av-zero-column-padding  column-top-margin'     ><p><br \/>\n<section  class='av_textblock_section av-lylmebes-6a4e79092fb7d26a7459fd49f2ebff9a '   itemscope=\"itemscope\" itemtype=\"https:\/\/schema.org\/CreativeWork\" ><div class='avia_textblock'  itemprop=\"text\" ><h3>TERRATALKS 02<\/h3>\n<p>Intervju sa<strong> Stivenom Naronom,<\/strong> direktorom <a href=\"https:\/\/fortunoff.library.yale.edu\/\" target=\"_blank\" rel=\"noopener noreferrer nofollow\">Fortunof video arhiva za svedo\u010denja o Holokaustu, sa Jejl Univerziteta <\/a>i <strong>Petrom \u0110ur\u0111evim<\/strong>, direktorom <a href=\"http:\/\/www.arhivns.rs\/\" target=\"_blank\" rel=\"noopener noreferrer nofollow\">Istorijskog arhiva grada Novog Sada.<\/a><\/p>\n<p>Intervju je snimljen tokom seminara &#8222;80 godina kasnije &#8211; budu\u0107nost se\u0107anja&#8220; u Novom Sadu.<\/p>\n<p>Voditelj i moderator:<strong> Mi\u0161ko Stani\u0161i\u0107<\/strong>.<\/p>\n<\/div><\/section><\/p><\/div>\n<style type=\"text\/css\" data-created_by=\"avia_inline_auto\" id=\"style-css-av-13xuacd-dce1302968cb833e0f1077788647dde2\">\n.flex_column.av-13xuacd-dce1302968cb833e0f1077788647dde2{\nborder-radius:0px 0px 0px 0px;\npadding:0px 0px 0px 0px;\n}\n<\/style>\n<div  class='flex_column av-13xuacd-dce1302968cb833e0f1077788647dde2 av_one_half  avia-builder-el-10  el_after_av_one_half  avia-builder-el-last  flex_column_div av-zero-column-padding  column-top-margin'     ><p><br \/>\n<section  class='av_textblock_section av-lylmg2d7-95489a0b883f2094ab5b24691d39417b '   itemscope=\"itemscope\" itemtype=\"https:\/\/schema.org\/CreativeWork\" ><div class='avia_textblock'  itemprop=\"text\" ><h3>TERRATALKS 03<\/h3>\n<p>Intervju sa <strong>Gerhardom Baumgartnerom<\/strong>, direktorom <a href=\"https:\/\/www.doew.at\/english\" target=\"_blank\" rel=\"noopener noreferrer nofollow\">Dokumentacionog centra austrijskog pokreta otpora<\/a>, i <strong>Kristijanom Viom<\/strong>, direktorom <a href=\"https:\/\/falstadsenteret.no\/en\/frontpage\" target=\"_blank\" rel=\"noopener noreferrer nofollow\">Falstad Centra<\/a> iz Norve\u0161ke.<\/p>\n<p>Intervju je snimljen tokom seminara &#8222;80 godina kasnije &#8211; budu\u0107nost se\u0107anja&#8220; u Novom Sadu.<\/p>\n<p>Voditelj i moderator: <strong>Mi\u0161ko Stani\u0161i\u0107<\/strong>.<\/p>\n<\/div><\/section><\/p><\/div>\n","protected":false},"excerpt":{"rendered":"<p>TERRATALKS je niz razgovora sa relevantnim stru\u010dnjacima i prakti\u010darima iz Srbije i drugih zemalja o temama vezanim za kulturu se\u0107anja, komemoracije, istra\u017eivanja i edukacije o Holokaustu.<\/p>\n","protected":false},"author":1,"featured_media":15461,"parent":0,"menu_order":79,"comment_status":"closed","ping_status":"closed","template":"","meta":{"footnotes":""},"class_list":["post-21372","page","type-page","status-publish","has-post-thumbnail","hentry"],"aioseo_notices":[],"jetpack_sharing_enabled":true,"_links":{"self":[{"href":"https:\/\/terraforming.org\/sr\/wp-json\/wp\/v2\/pages\/21372","targetHints":{"allow":["GET"]}}],"collection":[{"href":"https:\/\/terraforming.org\/sr\/wp-json\/wp\/v2\/pages"}],"about":[{"href":"https:\/\/terraforming.org\/sr\/wp-json\/wp\/v2\/types\/page"}],"author":[{"embeddable":true,"href":"https:\/\/terraforming.org\/sr\/wp-json\/wp\/v2\/users\/1"}],"replies":[{"embeddable":true,"href":"https:\/\/terraforming.org\/sr\/wp-json\/wp\/v2\/comments?post=21372"}],"version-history":[{"count":7,"href":"https:\/\/terraforming.org\/sr\/wp-json\/wp\/v2\/pages\/21372\/revisions"}],"predecessor-version":[{"id":21390,"href":"https:\/\/terraforming.org\/sr\/wp-json\/wp\/v2\/pages\/21372\/revisions\/21390"}],"wp:featuredmedia":[{"embeddable":true,"href":"https:\/\/terraforming.org\/sr\/wp-json\/wp\/v2\/media\/15461"}],"wp:attachment":[{"href":"https:\/\/terraforming.org\/sr\/wp-json\/wp\/v2\/media?parent=21372"}],"curies":[{"name":"wp","href":"https:\/\/api.w.org\/{rel}","templated":true}]}}