{"id":21385,"date":"2024-07-14T16:47:12","date_gmt":"2024-07-14T14:47:12","guid":{"rendered":"https:\/\/terraforming.org\/hevlh-podkasti\/"},"modified":"2024-07-15T11:28:31","modified_gmt":"2024-07-15T09:28:31","slug":"hevlh-podkasti","status":"publish","type":"page","link":"https:\/\/terraforming.org\/sr\/hevlh-podkasti\/","title":{"rendered":"HEVLH Podkasti"},"content":{"rendered":"<div  class='flex_column av-93qlonj-14cb88044684a440efa348e4437ac457 av_one_full  avia-builder-el-0  el_before_av_section  avia-builder-el-no-sibling  first flex_column_div  '     ><p>\n<style type=\"text\/css\" data-created_by=\"avia_inline_auto\" id=\"style-css-av-lylo3tsq-3b6b327ca55939742870c2cc46821d63\">\n.avia-image-container.av-lylo3tsq-3b6b327ca55939742870c2cc46821d63 img.avia_image{\nbox-shadow:none;\n}\n.avia-image-container.av-lylo3tsq-3b6b327ca55939742870c2cc46821d63 .av-image-caption-overlay-center{\ncolor:#ffffff;\n}\n<\/style>\n<div  class='avia-image-container av-lylo3tsq-3b6b327ca55939742870c2cc46821d63 av-styling- avia-align-center  avia-builder-el-1  el_before_av_hr  avia-builder-el-first '   itemprop=\"image\" itemscope=\"itemscope\" itemtype=\"https:\/\/schema.org\/ImageObject\" ><div class=\"avia-image-container-inner\"><div class=\"avia-image-overlay-wrap\"><img decoding=\"async\" fetchpriority=\"high\" class='wp-image-15427 avia-img-lazy-loading-not-15427 avia_image ' src=\"https:\/\/terraforming.org\/wp-content\/uploads\/2021\/10\/Terratalks-HEVLH.png\" alt='Terratalks HEVLH' title='Terratalks HEVLH'  height=\"957\" width=\"1200\"  itemprop=\"thumbnailUrl\" srcset=\"https:\/\/terraforming.org\/wp-content\/uploads\/2021\/10\/Terratalks-HEVLH.png 1200w, https:\/\/terraforming.org\/wp-content\/uploads\/2021\/10\/Terratalks-HEVLH-300x239.png 300w, https:\/\/terraforming.org\/wp-content\/uploads\/2021\/10\/Terratalks-HEVLH-1030x821.png 1030w, https:\/\/terraforming.org\/wp-content\/uploads\/2021\/10\/Terratalks-HEVLH-768x612.png 768w, https:\/\/terraforming.org\/wp-content\/uploads\/2021\/10\/Terratalks-HEVLH-705x562.png 705w\" sizes=\"(max-width: 1200px) 100vw, 1200px\" \/><\/div><\/div><\/div><br \/>\n\n<style type=\"text\/css\" data-created_by=\"avia_inline_auto\" id=\"style-css-av-lylo7io9-69319e767c0938fa4dcbcaa53a1d19a0\">\n#top .hr.hr-invisible.av-lylo7io9-69319e767c0938fa4dcbcaa53a1d19a0{\nheight:50px;\n}\n<\/style>\n<div  class='hr av-lylo7io9-69319e767c0938fa4dcbcaa53a1d19a0 hr-invisible  avia-builder-el-2  el_after_av_image  el_before_av_textblock '><span class='hr-inner '><span class=\"hr-inner-style\"><\/span><\/span><\/div><br \/>\n<section  class='av_textblock_section av-lylo2p85-26813ff38c73fcb2a3db3436e213ae33 '   itemscope=\"itemscope\" itemtype=\"https:\/\/schema.org\/CreativeWork\" ><div class='avia_textblock'  itemprop=\"text\" ><p>Projekat &#8222;<a href=\"https:\/\/terraforming.org\/sr\/lokalni-archivi-i-arhivska-pedagogija\/\">Holokaust, evropske vrednosti i lokalna istorija<\/a>&#8220; ima za cilj razvoj, testiranje i uvo\u0111enje odr\u017eivih metodologija i alata za inovativni pristup arhivskoj pedagogiji, posebno u manjim lokalnim arhivama. Na\u0161 cilj je da osna\u017eimo i obu\u010dimo arhiviste da kreiraju sopstvene edukativne programe o vremenu Holokausta zasnovanim na sopstvenim arhivskim materijalima i lokalnoj istoriji i da uklju\u010de arhivsku pedagogiju u svoj dugoro\u010dni pristup i aktivnosti, predstavljaju\u0107i istovremeno lokalnu mikro-istoriju globalnoj publici.<\/p>\n<p><strong>Pored ostalih produkata projekta, proizveli smo i seriju podkasta.<\/strong><\/p>\n<\/div><\/section><\/p><\/div>\n<\/div><\/div><\/div><!-- close content main div --><\/div><\/div><div id='av_section_1'  class='avia-section av-8eto5tb-5de685817d69d2a39e0320599d579869 alternate_color avia-section-default avia-no-border-styling  avia-builder-el-4  el_after_av_one_full  el_before_av_section  avia-bg-style-scroll container_wrap fullsize'  ><div class='container av-section-cont-open' ><div class='template-page content  av-content-full alpha units'><div class='post-entry post-entry-type-page post-entry-21385'><div class='entry-content-wrapper clearfix'>\n<div  class='flex_column av-t14rqn-814f1880c57595bd9f00b978fe9a4404 av_one_full  avia-builder-el-5  el_before_av_one_half  avia-builder-el-first  first flex_column_div  '     ><style type=\"text\/css\" data-created_by=\"avia_inline_auto\" id=\"style-css-av-lylnvma4-6eea3ecf8826f287bac1582b9ca5eff2\">\n.avia-image-container.av-lylnvma4-6eea3ecf8826f287bac1582b9ca5eff2 img.avia_image{\nbox-shadow:none;\n}\n.avia-image-container.av-lylnvma4-6eea3ecf8826f287bac1582b9ca5eff2 .av-image-caption-overlay-center{\ncolor:#ffffff;\n}\n<\/style>\n<div  class='avia-image-container av-lylnvma4-6eea3ecf8826f287bac1582b9ca5eff2 av-styling- avia-align-center  avia-builder-el-6  avia-builder-el-no-sibling '   itemprop=\"image\" itemscope=\"itemscope\" itemtype=\"https:\/\/schema.org\/ImageObject\" ><div class=\"avia-image-container-inner\"><div class=\"avia-image-overlay-wrap\"><img decoding=\"async\" fetchpriority=\"high\" class='wp-image-21299 avia-img-lazy-loading-not-21299 avia_image ' src=\"https:\/\/terraforming.org\/wp-content\/uploads\/2024\/07\/Screen-Shot-2024-07-14-at-163611.png\" alt='HEVLH Podcast' title='Screen Shot 2024-07-14 at 163611'  height=\"237\" width=\"735\"  itemprop=\"thumbnailUrl\" srcset=\"https:\/\/terraforming.org\/wp-content\/uploads\/2024\/07\/Screen-Shot-2024-07-14-at-163611.png 735w, https:\/\/terraforming.org\/wp-content\/uploads\/2024\/07\/Screen-Shot-2024-07-14-at-163611-300x97.png 300w, https:\/\/terraforming.org\/wp-content\/uploads\/2024\/07\/Screen-Shot-2024-07-14-at-163611-705x227.png 705w\" sizes=\"(max-width: 735px) 100vw, 735px\" \/><\/div><\/div><\/div><\/div>\n<style type=\"text\/css\" data-created_by=\"avia_inline_auto\" id=\"style-css-av-7n9lki7-a187c0d721536f5eb48ea48e4b14bafc\">\n.flex_column.av-7n9lki7-a187c0d721536f5eb48ea48e4b14bafc{\nborder-radius:0px 0px 0px 0px;\npadding:0px 0px 0px 0px;\n}\n<\/style>\n<div  class='flex_column av-7n9lki7-a187c0d721536f5eb48ea48e4b14bafc av_one_half  avia-builder-el-7  el_after_av_one_full  el_before_av_one_half  first flex_column_div av-zero-column-padding  column-top-margin'     ><section  class='av_textblock_section av-p72cjz-0233d2f564fb9c097ddf4264c4f3e2b8 '   itemscope=\"itemscope\" itemtype=\"https:\/\/schema.org\/CreativeWork\" ><div class='avia_textblock'  itemprop=\"text\" ><h2>Upotreba arhivske gra\u0111e u javnim programima u oblasti obrazovanja o Holokaustu<\/h2>\n<p>U ovoj epizodi upoznajemo se sa savremenom praksom anga\u017eovanja arhivskog materijala u programima javnog obrazovanja i obele\u017eavanja Holokausta.<\/p>\n<p>Na\u0161i sagovornici su:<\/p>\n<ul>\n<li><strong>Dr Gerhard Baumgartner<\/strong>, <a href=\"https:\/\/www.doew.at\/english\" target=\"_blank\" rel=\"noopener noreferrer nofollow\">Documentation Centre of Austrian Resistance (D\u00d6W)<\/a><strong><br \/>\n<\/strong><\/li>\n<li><strong>Dr Dienke Hondius,<\/strong> profesor istorije <a href=\"https:\/\/www.vu.nl\/en\/\" target=\"_blank\" rel=\"noopener noreferrer nofollow\"> Vrije Universiteit Amsterdam<\/a><\/li>\n<li><strong>Jovan \u0106ulibrk,<\/strong> <a href=\"https:\/\/eparhija-slavonska.com\/eparhija\/episkop-jovan\/\" target=\"_blank\" rel=\"noopener noreferrer nofollow\">episkop pakra\u010dko-slavonski<\/a><\/li>\n<\/ul>\n<p>Razgovarali smo sa njima o ulozi i polo\u017eaju lokalnih arhiva, povezivanju institucija, kori\u0161\u0107enju arhivskih materijala i novih medija, kao i o zna\u010daju saradnje istori\u010dara i arhivista.<\/p>\n<\/div><\/section><\/div>\n<style type=\"text\/css\" data-created_by=\"avia_inline_auto\" id=\"style-css-av-6sgu0mn-4a1b4383c88757fc6f834eacf595a79d\">\n.flex_column.av-6sgu0mn-4a1b4383c88757fc6f834eacf595a79d{\nborder-radius:0px 0px 0px 0px;\npadding:0px 0px 0px 0px;\n}\n<\/style>\n<div  class='flex_column av-6sgu0mn-4a1b4383c88757fc6f834eacf595a79d av_one_half  avia-builder-el-9  el_after_av_one_half  avia-builder-el-last  flex_column_div av-zero-column-padding  column-top-margin'     ><\/div>\n\n<\/div><\/div><\/div><!-- close content main div --><\/div><\/div><div id='av_section_2'  class='avia-section av-5qkpne7-18eab04dac2137f3c74209072f824da3 main_color avia-section-default avia-no-border-styling  avia-builder-el-11  el_after_av_section  el_before_av_section  avia-bg-style-scroll container_wrap fullsize'  ><div class='container av-section-cont-open' ><div class='template-page content  av-content-full alpha units'><div class='post-entry post-entry-type-page post-entry-21385'><div class='entry-content-wrapper clearfix'>\n<div  class='flex_column av-541c46n-7c80cbe084809bde2afdd2361f4de7d2 av_one_full  avia-builder-el-12  el_before_av_one_half  avia-builder-el-first  first flex_column_div  '     ><style type=\"text\/css\" data-created_by=\"avia_inline_auto\" id=\"style-css-av-lylnwmvu-7ab77789b51b77cd95bd315a7081377d\">\n.avia-image-container.av-lylnwmvu-7ab77789b51b77cd95bd315a7081377d img.avia_image{\nbox-shadow:none;\n}\n.avia-image-container.av-lylnwmvu-7ab77789b51b77cd95bd315a7081377d .av-image-caption-overlay-center{\ncolor:#ffffff;\n}\n<\/style>\n<div  class='avia-image-container av-lylnwmvu-7ab77789b51b77cd95bd315a7081377d av-styling- avia-align-center  avia-builder-el-13  avia-builder-el-no-sibling '   itemprop=\"image\" itemscope=\"itemscope\" itemtype=\"https:\/\/schema.org\/ImageObject\" ><div class=\"avia-image-container-inner\"><div class=\"avia-image-overlay-wrap\"><img decoding=\"async\" fetchpriority=\"high\" class='wp-image-21301 avia-img-lazy-loading-not-21301 avia_image ' src=\"https:\/\/terraforming.org\/wp-content\/uploads\/2024\/07\/Screen-Shot-2024-07-14-at-163552.png\" alt='HEVLH Podcast' title='Screen Shot 2024-07-14 at 163552'  height=\"247\" width=\"990\"  itemprop=\"thumbnailUrl\" srcset=\"https:\/\/terraforming.org\/wp-content\/uploads\/2024\/07\/Screen-Shot-2024-07-14-at-163552.png 990w, https:\/\/terraforming.org\/wp-content\/uploads\/2024\/07\/Screen-Shot-2024-07-14-at-163552-300x75.png 300w, https:\/\/terraforming.org\/wp-content\/uploads\/2024\/07\/Screen-Shot-2024-07-14-at-163552-768x192.png 768w, https:\/\/terraforming.org\/wp-content\/uploads\/2024\/07\/Screen-Shot-2024-07-14-at-163552-705x176.png 705w\" sizes=\"(max-width: 990px) 100vw, 990px\" \/><\/div><\/div><\/div><\/div>\n<style type=\"text\/css\" data-created_by=\"avia_inline_auto\" id=\"style-css-av-4tsmd8v-55694ea31d3cf1449d93b1e7d5fe4dc4\">\n.flex_column.av-4tsmd8v-55694ea31d3cf1449d93b1e7d5fe4dc4{\nborder-radius:0px 0px 0px 0px;\npadding:0px 0px 0px 0px;\n}\n<\/style>\n<div  class='flex_column av-4tsmd8v-55694ea31d3cf1449d93b1e7d5fe4dc4 av_one_half  avia-builder-el-14  el_after_av_one_full  el_before_av_one_half  first flex_column_div av-zero-column-padding  column-top-margin'     ><section  class='av_textblock_section av-498xf9r-5b498f1203882835147af0cced7a3d22 '   itemscope=\"itemscope\" itemtype=\"https:\/\/schema.org\/CreativeWork\" ><div class='avia_textblock'  itemprop=\"text\" ><h2>Lokalna arhiva &#8211; Interfejs za kolektivno pam\u0107enje, znanje i obrazovanje<\/h2>\n<p>U ovoj epizodi upoznajemo se sa savremenom praksom anga\u017eovanja arhivske gra\u0111e u programima javnog obrazovanja i obele\u017eavanja Holokausta. Kako pribli\u017eiti Arhiv lokalnoj zajednici? \u0160ta nam donosi upotreba novih medija u kulturi se\u0107anja? Kakva je uloga Arhiva u borbi protiv iskrivljavanja istorije? Koliko je lokalna istorija va\u017ena za razumevanje \u0161ireg konteksta evropskog Holokausta i obrnuto?<\/p>\n<p>Na\u0161i gosti su:<\/p>\n<ul>\n<li><strong>Kori Street<\/strong>, direktor programa i operacija <a href=\"https:\/\/sfi.usc.edu\/\" target=\"_blank\" rel=\"noopener noreferrer nofollow\">\u0160oa fondacije<\/a> na Univerzitetu Ju\u017ene Kalifornije<\/li>\n<li><strong>Andrea Soni<\/strong>, \u0161efica me\u0111unarodnog obrazovnog programa<a href=\"https:\/\/sfi.usc.edu\/\" target=\"_blank\" rel=\"noopener noreferrer nofollow\">\u0160oa foundacije<\/a><\/li>\n<li><strong>Olga Manojlovi\u0107 Pintar<\/strong>, istori\u010darka, vi\u0161i nau\u010dni saradnik<a href=\"https:\/\/www.inisbgd.co.rs\/\" target=\"_blank\" rel=\"noopener noreferrer nofollow\"> na Institutu za noviju istoriju Srbije<\/a>u Beogradu<\/li>\n<li><strong>Luis Levin<\/strong>, arhitekta i dizajner<a href=\"https:\/\/www.jhbholocaust.co.za\/\" target=\"_blank\" rel=\"noopener noreferrer nofollow\"> Memorijalnog centra Holokausta i genocida u Johanesburgu<\/a><\/li>\n<\/ul>\n<\/div><\/section><\/div>\n<style type=\"text\/css\" data-created_by=\"avia_inline_auto\" id=\"style-css-av-3zd6xbj-0cddb80db07cf5a6de4c03420bcf1bf1\">\n.flex_column.av-3zd6xbj-0cddb80db07cf5a6de4c03420bcf1bf1{\nborder-radius:0px 0px 0px 0px;\npadding:0px 0px 0px 0px;\n}\n<\/style>\n<div  class='flex_column av-3zd6xbj-0cddb80db07cf5a6de4c03420bcf1bf1 av_one_half  avia-builder-el-16  el_after_av_one_half  avia-builder-el-last  flex_column_div av-zero-column-padding  column-top-margin'     ><\/div>\n\n<\/div><\/div><\/div><!-- close content main div --><\/div><\/div><div id='av_section_3'  class='avia-section av-2vlskq7-ecf805f285b8583bffd8d9deeaf4a57c alternate_color avia-section-default avia-no-border-styling  avia-builder-el-18  el_after_av_section  avia-builder-el-last  avia-bg-style-scroll container_wrap fullsize'  ><div class='container av-section-cont-open' ><div class='template-page content  av-content-full alpha units'><div class='post-entry post-entry-type-page post-entry-21385'><div class='entry-content-wrapper clearfix'>\n<div  class='flex_column av-96111r-788f6e9a86774434240d7cffe7c89d44 av_one_full  avia-builder-el-19  el_before_av_one_half  avia-builder-el-first  first flex_column_div  '     ><style type=\"text\/css\" data-created_by=\"avia_inline_auto\" id=\"style-css-av-lylnxszb-fd47a234198e2cec94255adca10007d7\">\n.avia-image-container.av-lylnxszb-fd47a234198e2cec94255adca10007d7 img.avia_image{\nbox-shadow:none;\n}\n.avia-image-container.av-lylnxszb-fd47a234198e2cec94255adca10007d7 .av-image-caption-overlay-center{\ncolor:#ffffff;\n}\n<\/style>\n<div  class='avia-image-container av-lylnxszb-fd47a234198e2cec94255adca10007d7 av-styling- avia-align-center  avia-builder-el-20  avia-builder-el-no-sibling '   itemprop=\"image\" itemscope=\"itemscope\" itemtype=\"https:\/\/schema.org\/ImageObject\" ><div class=\"avia-image-container-inner\"><div class=\"avia-image-overlay-wrap\"><img decoding=\"async\" fetchpriority=\"high\" class='wp-image-21297 avia-img-lazy-loading-not-21297 avia_image ' src=\"https:\/\/terraforming.org\/wp-content\/uploads\/2024\/07\/Screen-Shot-2024-07-14-at-163628.png\" alt='HEVLH Podcast' title='Screen Shot 2024-07-14 at 163628'  height=\"240\" width=\"981\"  itemprop=\"thumbnailUrl\" srcset=\"https:\/\/terraforming.org\/wp-content\/uploads\/2024\/07\/Screen-Shot-2024-07-14-at-163628.png 981w, https:\/\/terraforming.org\/wp-content\/uploads\/2024\/07\/Screen-Shot-2024-07-14-at-163628-300x73.png 300w, https:\/\/terraforming.org\/wp-content\/uploads\/2024\/07\/Screen-Shot-2024-07-14-at-163628-768x188.png 768w, https:\/\/terraforming.org\/wp-content\/uploads\/2024\/07\/Screen-Shot-2024-07-14-at-163628-705x172.png 705w\" sizes=\"(max-width: 981px) 100vw, 981px\" \/><\/div><\/div><\/div><\/div>\n<style type=\"text\/css\" data-created_by=\"avia_inline_auto\" id=\"style-css-av-27uf3wv-78b336f56ddd3317a7c7e4af249fca8b\">\n.flex_column.av-27uf3wv-78b336f56ddd3317a7c7e4af249fca8b{\nborder-radius:0px 0px 0px 0px;\npadding:0px 0px 0px 0px;\n}\n<\/style>\n<div  class='flex_column av-27uf3wv-78b336f56ddd3317a7c7e4af249fca8b av_one_half  avia-builder-el-21  el_after_av_one_full  el_before_av_one_half  first flex_column_div av-zero-column-padding  column-top-margin'     ><section  class='av_textblock_section av-1shupdb-987c127afd538373e670a9056a21ecb9 '   itemscope=\"itemscope\" itemtype=\"https:\/\/schema.org\/CreativeWork\" ><div class='avia_textblock'  itemprop=\"text\" ><h3>Svedo\u010denja u obrazovanju Holokausta<\/h3>\n<p>U ovoj epizodi razgovaramo o ulozi, zna\u010daju i pravilnoj upotrebi svedo\u010danstava u edukaciji o Holokaustu. Za\u0161to su nam va\u017ena svedo\u010denja pre\u017eivelih iz Holokausta? Kako ih pravilno koristiti? Kako ih kombinovati sa drugim obrazovnim materijalima i novim tehnologijama?<\/p>\n<p>Na\u0161i gosti su:<\/p>\n<ul>\n<li><strong>Stiven Naron<\/strong>, direktor<a href=\"https:\/\/fortunoff.library.yale.edu\/\" target=\"_blank\" rel=\"noopener noreferrer nofollow\"> Fortunof video arhive svedo\u010denja o Holokaustu sa Jejl univerziteta<\/a><\/li>\n<li><strong>Dr Martin Kor\u010dok<\/strong>, direktor<a href=\"https:\/\/www.snm.sk\/?permanent-exhibitions-8&amp;clanok=sered-holocaust-museum\" target=\"_blank\" rel=\"noopener noreferrer nofollow\"> Sered muzeja Holokausta u<\/a> Slova\u010dkoj<\/li>\n<li><strong>Dr Matej Beranek<\/strong>, direktor odeljenja za obrazovanje <a href=\"https:\/\/www.snm.sk\/?permanent-exhibitions-8&amp;clanok=sered-holocaust-museum\" target=\"_blank\" rel=\"noopener noreferrer nofollow\">Sered muzeja Holokausta u Slova\u010dkoj <\/a><\/li>\n<li><strong>Aleksandar Bursa\u0107<\/strong>, arhivista<a href=\"https:\/\/arhivvojvodine.org.rs\/sr\/\" target=\"_blank\" rel=\"noopener noreferrer nofollow\">Arhiva Vojvodine<\/a><\/li>\n<\/ul>\n<\/div><\/section><\/div>\n<style type=\"text\/css\" data-created_by=\"avia_inline_auto\" id=\"style-css-av-16u9pv3-8907c3e9e2737363bb261764e080126e\">\n.flex_column.av-16u9pv3-8907c3e9e2737363bb261764e080126e{\nborder-radius:0px 0px 0px 0px;\npadding:0px 0px 0px 0px;\n}\n<\/style>\n<div  class='flex_column av-16u9pv3-8907c3e9e2737363bb261764e080126e av_one_half  avia-builder-el-23  el_after_av_one_half  avia-builder-el-last  flex_column_div av-zero-column-padding  column-top-margin'     ><\/div>\n\n","protected":false},"excerpt":{"rendered":"<p>Podkasti proizvedeni u okvirima projekta &#8222;Holokaust, evropske vrednosti i lokalna istorija&#8220; imaju za cilj razvoj, testiranje i uvo\u0111enje odr\u017eivih metodologija i alata za inovativni pristup arhivskoj pedagogiji, posebno u manjim lokalnim arhivama. <\/p>\n","protected":false},"author":1,"featured_media":15427,"parent":0,"menu_order":27,"comment_status":"closed","ping_status":"closed","template":"","meta":{"footnotes":""},"class_list":["post-21385","page","type-page","status-publish","has-post-thumbnail","hentry"],"aioseo_notices":[],"jetpack_sharing_enabled":true,"_links":{"self":[{"href":"https:\/\/terraforming.org\/sr\/wp-json\/wp\/v2\/pages\/21385","targetHints":{"allow":["GET"]}}],"collection":[{"href":"https:\/\/terraforming.org\/sr\/wp-json\/wp\/v2\/pages"}],"about":[{"href":"https:\/\/terraforming.org\/sr\/wp-json\/wp\/v2\/types\/page"}],"author":[{"embeddable":true,"href":"https:\/\/terraforming.org\/sr\/wp-json\/wp\/v2\/users\/1"}],"replies":[{"embeddable":true,"href":"https:\/\/terraforming.org\/sr\/wp-json\/wp\/v2\/comments?post=21385"}],"version-history":[{"count":2,"href":"https:\/\/terraforming.org\/sr\/wp-json\/wp\/v2\/pages\/21385\/revisions"}],"predecessor-version":[{"id":21387,"href":"https:\/\/terraforming.org\/sr\/wp-json\/wp\/v2\/pages\/21385\/revisions\/21387"}],"wp:featuredmedia":[{"embeddable":true,"href":"https:\/\/terraforming.org\/sr\/wp-json\/wp\/v2\/media\/15427"}],"wp:attachment":[{"href":"https:\/\/terraforming.org\/sr\/wp-json\/wp\/v2\/media?parent=21385"}],"curies":[{"name":"wp","href":"https:\/\/api.w.org\/{rel}","templated":true}]}}