{"id":27826,"date":"2026-05-15T15:27:35","date_gmt":"2026-05-15T13:27:35","guid":{"rendered":"https:\/\/terraforming.org\/dogadjaji\/"},"modified":"2026-05-15T15:29:14","modified_gmt":"2026-05-15T13:29:14","slug":"dogadjaji","status":"publish","type":"page","link":"https:\/\/terraforming.org\/sr\/dogadjaji\/","title":{"rendered":"Doga\u0111aji"},"content":{"rendered":"\n<style type=\"text\/css\" data-created_by=\"avia_inline_auto\" id=\"style-css-av-kjttrg-a8b6d3c6e87729d5190eb8b31e5d372b\">\n.flex_column.av-kjttrg-a8b6d3c6e87729d5190eb8b31e5d372b{\nborder-radius:0px 0px 0px 0px;\npadding:0px 0px 0px 0px;\n}\n<\/style>\n<div  class='flex_column av-kjttrg-a8b6d3c6e87729d5190eb8b31e5d372b av_one_full  avia-builder-el-0  avia-builder-el-no-sibling  first flex_column_div av-zero-column-padding  '     ><div  data-slideshow-options=\"{&quot;animation&quot;:&quot;fade&quot;,&quot;autoplay&quot;:false,&quot;loop_autoplay&quot;:&quot;once&quot;,&quot;interval&quot;:5,&quot;loop_manual&quot;:&quot;manual-endless&quot;,&quot;autoplay_stopper&quot;:false,&quot;noNavigation&quot;:false,&quot;show_slide_delay&quot;:90}\" class='avia-content-slider avia-content-grid-active avia-content-slider1 avia-content-slider-odd  avia-builder-el-1  avia-builder-el-no-sibling  av-slideshow-ui av-control-default   av-no-slider-navigation av-slideshow-manual av-loop-once av-loop-manual-endless '  itemscope=\"itemscope\" itemtype=\"https:\/\/schema.org\/Blog\" ><div class=\"avia-content-slider-inner\"><div class=\"slide-entry-wrap\"><article class='slide-entry flex_column  post-entry post-entry-27481 slide-entry-overview slide-loop-1 slide-parity-odd  av_one_third first real-thumbnail posttype-post post-format-standard'  itemscope=\"itemscope\" itemtype=\"https:\/\/schema.org\/CreativeWork\" ><a href='https:\/\/terraforming.org\/sr\/dodela-priznanja-secanje-na-hildu-dajc-2026\/' data-rel='slide-1' class='slide-image' title='Dodela priznanja \u201eSe\u0107anje na Hildu Daj\u010d\u201d 2026'><img decoding=\"async\" fetchpriority=\"high\" width=\"495\" height=\"400\" src=\"https:\/\/terraforming.org\/wp-content\/uploads\/2026\/05\/svi-495x400.jpg\" class=\"wp-image-27547 avia-img-lazy-loading-not-27547 attachment-portfolio size-portfolio wp-post-image\" alt=\"Six people stand in a row on a stage holding certificates, with a Terra Forming banner behind them and an audience in the foreground at a ceremony.\" srcset=\"https:\/\/terraforming.org\/wp-content\/uploads\/2026\/05\/svi-495x400.jpg 495w, https:\/\/terraforming.org\/wp-content\/uploads\/2026\/05\/svi-845x684.jpg 845w\" sizes=\"(max-width: 495px) 100vw, 495px\" \/><\/a><div class=\"slide-content\"><header class=\"entry-content-header\" aria-label=\"Slide: Dodela priznanja \u201eSe\u0107anje na Hildu Daj\u010d\u201d 2026\"><h3 class='slide-entry-title entry-title '  itemprop=\"headline\" ><a href='https:\/\/terraforming.org\/sr\/dodela-priznanja-secanje-na-hildu-dajc-2026\/' title='Dodela priznanja \u201eSe\u0107anje na Hildu Daj\u010d\u201d 2026'>Dodela priznanja \u201eSe\u0107anje na Hildu Daj\u010d\u201d 2026<\/a><\/h3><span class=\"av-vertical-delimiter\"><\/span><\/header><div class=\"slide-meta\"><time class='slide-meta-time updated'  itemprop=\"datePublished\" datetime=\"2026-05-08T12:16:14+02:00\" >8. maj 2026.<\/time><\/div><div class='slide-entry-excerpt entry-content'  itemprop=\"text\" >Peta ceremonija dodele priznanja \u201eSe\u0107anje na Hildu Daj\u010d\u201d odr\u017eana je 7. maja 2026. godine u Univerzitetskoj biblioteci \u201eSvetozar Markovi\u0107\u201d Univerziteta u Beogradu. Doga\u0111aj je okupio stru\u010dnjake iz oblasti kulture se\u0107anja, predstavnike civilnog dru\u0161tva, jevrejske i romske zajednice, kao i me\u0111unarodne goste i predstavnike ambasada.<\/div><\/div><footer class=\"entry-footer\"><\/footer><span class='hidden'>\n\t\t\t\t<span class='av-structured-data'  itemprop=\"image\" itemscope=\"itemscope\" itemtype=\"https:\/\/schema.org\/ImageObject\" >\n\t\t\t\t\t\t<span itemprop='url'>https:\/\/terraforming.org\/wp-content\/uploads\/2026\/05\/svi-scaled.jpg<\/span>\n\t\t\t\t\t\t<span itemprop='height'>1707<\/span>\n\t\t\t\t\t\t<span itemprop='width'>2560<\/span>\n\t\t\t\t<\/span>\n\t\t\t\t<span class='av-structured-data'  itemprop=\"publisher\" itemtype=\"https:\/\/schema.org\/Organization\" itemscope=\"itemscope\" >\n\t\t\t\t\t\t<span itemprop='name'>Nemanja Stevanovi\u0107<\/span>\n\t\t\t\t\t\t<span itemprop='logo' itemscope itemtype='https:\/\/schema.org\/ImageObject'>\n\t\t\t\t\t\t\t<span itemprop='url'>http:\/\/terraforming.org\/wp-content\/uploads\/2016\/05\/Terraforming-2016-1-enfold.png<\/span>\n\t\t\t\t\t\t<\/span>\n\t\t\t\t<\/span><span class='av-structured-data'  itemprop=\"author\" itemscope=\"itemscope\" itemtype=\"https:\/\/schema.org\/Person\" ><span itemprop='name'>Nemanja Stevanovi\u0107<\/span><\/span><span class='av-structured-data'  itemprop=\"datePublished\" datetime=\"2026-05-15T15:27:35+02:00\" >2026-05-08 12:16:14<\/span><span class='av-structured-data'  itemprop=\"dateModified\" itemtype=\"https:\/\/schema.org\/dateModified\" >2026-05-12 12:42:56<\/span><span class='av-structured-data'  itemprop=\"mainEntityOfPage\" itemtype=\"https:\/\/schema.org\/mainEntityOfPage\" ><span itemprop='name'>Dodela priznanja \u201eSe\u0107anje na Hildu Daj\u010d\u201d 2026<\/span><\/span><\/span><\/article><article class='slide-entry flex_column  post-entry post-entry-26663 slide-entry-overview slide-loop-2 slide-parity-even  av_one_third  real-thumbnail posttype-post post-format-standard'  itemscope=\"itemscope\" itemtype=\"https:\/\/schema.org\/CreativeWork\" ><a href='https:\/\/terraforming.org\/sr\/preispitivanje-obrazovanja-o-holokaustu-u-evropskom-prostoru-podataka-o-secanju\/' data-rel='slide-1' class='slide-image' title='Preispitivanje obrazovanja o Holokaustu u evropskom prostoru podataka o se\u0107anju'><img decoding=\"async\" fetchpriority=\"high\" width=\"495\" height=\"400\" src=\"https:\/\/terraforming.org\/wp-content\/uploads\/2026\/01\/Terraforming-Featured-NASLOVNA-1-495x400.jpg\" class=\"wp-image-26661 avia-img-lazy-loading-not-26661 attachment-portfolio size-portfolio wp-post-image\" alt=\"EMDS Beograd\" srcset=\"https:\/\/terraforming.org\/wp-content\/uploads\/2026\/01\/Terraforming-Featured-NASLOVNA-1-495x400.jpg 495w, https:\/\/terraforming.org\/wp-content\/uploads\/2026\/01\/Terraforming-Featured-NASLOVNA-1-845x684.jpg 845w\" sizes=\"(max-width: 495px) 100vw, 495px\" \/><\/a><div class=\"slide-content\"><header class=\"entry-content-header\" aria-label=\"Slide: Preispitivanje obrazovanja o Holokaustu u evropskom prostoru podataka o se\u0107anju\"><h3 class='slide-entry-title entry-title '  itemprop=\"headline\" ><a href='https:\/\/terraforming.org\/sr\/preispitivanje-obrazovanja-o-holokaustu-u-evropskom-prostoru-podataka-o-secanju\/' title='Preispitivanje obrazovanja o Holokaustu u evropskom prostoru podataka o se\u0107anju'>Preispitivanje obrazovanja o Holokaustu u evropskom prostoru podataka o se\u0107anju<\/a><\/h3><span class=\"av-vertical-delimiter\"><\/span><\/header><div class=\"slide-meta\"><time class='slide-meta-time updated'  itemprop=\"datePublished\" datetime=\"2026-01-20T16:38:35+01:00\" >20. januar 2026.<\/time><\/div><div class='slide-entry-excerpt entry-content'  itemprop=\"text\" >Terraforming organizuje doga\u0111aj Preispitivanje obrazovanja o Holokaustu u evropskom prostoru podataka o se\u0107anju, koji \u0107e se odr\u017eati 12. februara 2026., od 14:00 do 18:00, u Evropskoj ku\u0107i u Beogradu.<\/div><\/div><footer class=\"entry-footer\"><\/footer><span class='hidden'>\n\t\t\t\t<span class='av-structured-data'  itemprop=\"image\" itemscope=\"itemscope\" itemtype=\"https:\/\/schema.org\/ImageObject\" >\n\t\t\t\t\t\t<span itemprop='url'>https:\/\/terraforming.org\/wp-content\/uploads\/2026\/01\/Terraforming-Featured-NASLOVNA-1.jpg<\/span>\n\t\t\t\t\t\t<span itemprop='height'>980<\/span>\n\t\t\t\t\t\t<span itemprop='width'>1200<\/span>\n\t\t\t\t<\/span>\n\t\t\t\t<span class='av-structured-data'  itemprop=\"publisher\" itemtype=\"https:\/\/schema.org\/Organization\" itemscope=\"itemscope\" >\n\t\t\t\t\t\t<span itemprop='name'>Nemanja Stevanovi\u0107<\/span>\n\t\t\t\t\t\t<span itemprop='logo' itemscope itemtype='https:\/\/schema.org\/ImageObject'>\n\t\t\t\t\t\t\t<span itemprop='url'>http:\/\/terraforming.org\/wp-content\/uploads\/2016\/05\/Terraforming-2016-1-enfold.png<\/span>\n\t\t\t\t\t\t<\/span>\n\t\t\t\t<\/span><span class='av-structured-data'  itemprop=\"author\" itemscope=\"itemscope\" itemtype=\"https:\/\/schema.org\/Person\" ><span itemprop='name'>Nemanja Stevanovi\u0107<\/span><\/span><span class='av-structured-data'  itemprop=\"datePublished\" datetime=\"2026-05-15T15:27:35+02:00\" >2026-01-20 16:38:35<\/span><span class='av-structured-data'  itemprop=\"dateModified\" itemtype=\"https:\/\/schema.org\/dateModified\" >2026-02-04 16:50:02<\/span><span class='av-structured-data'  itemprop=\"mainEntityOfPage\" itemtype=\"https:\/\/schema.org\/mainEntityOfPage\" ><span itemprop='name'>Preispitivanje obrazovanja o Holokaustu u evropskom prostoru podataka o se\u0107anju<\/span><\/span><\/span><\/article><article class='slide-entry flex_column  post-entry post-entry-26150 slide-entry-overview slide-loop-3 slide-parity-odd  av_one_third  real-thumbnail posttype-post post-format-standard'  itemscope=\"itemscope\" itemtype=\"https:\/\/schema.org\/CreativeWork\" ><a href='https:\/\/terraforming.org\/sr\/dogadaj-o-evropskoj-digitalnoj-mrezi-kulture-secanja-u-amsterdamu\/' data-rel='slide-1' class='slide-image' title='Doga\u0111aj o Evropskoj digitalnoj mre\u017ei kulture se\u0107anja u Amsterdamu'><img decoding=\"async\" fetchpriority=\"high\" width=\"495\" height=\"400\" src=\"https:\/\/terraforming.org\/wp-content\/uploads\/2025\/11\/Terraforming-Featured-NASLOVNA-495x400.jpg\" class=\"wp-image-26152 avia-img-lazy-loading-not-26152 attachment-portfolio size-portfolio wp-post-image\" alt=\"\u201cMultipliers and Gatekeepers of Holocaust Records in the EMDS\u201d gathered experts from across Europe to explore how digital innovation is reshaping the stewardship, interpretation, and educational use of Holocaust records.\" srcset=\"https:\/\/terraforming.org\/wp-content\/uploads\/2025\/11\/Terraforming-Featured-NASLOVNA-495x400.jpg 495w, https:\/\/terraforming.org\/wp-content\/uploads\/2025\/11\/Terraforming-Featured-NASLOVNA-845x684.jpg 845w\" sizes=\"(max-width: 495px) 100vw, 495px\" \/><\/a><div class=\"slide-content\"><header class=\"entry-content-header\" aria-label=\"Slide: Doga\u0111aj o Evropskoj digitalnoj mre\u017ei kulture se\u0107anja u Amsterdamu\"><h3 class='slide-entry-title entry-title '  itemprop=\"headline\" ><a href='https:\/\/terraforming.org\/sr\/dogadaj-o-evropskoj-digitalnoj-mrezi-kulture-secanja-u-amsterdamu\/' title='Doga\u0111aj o Evropskoj digitalnoj mre\u017ei kulture se\u0107anja u Amsterdamu'>Doga\u0111aj o Evropskoj digitalnoj mre\u017ei kulture se\u0107anja u Amsterdamu<\/a><\/h3><span class=\"av-vertical-delimiter\"><\/span><\/header><div class=\"slide-meta\"><time class='slide-meta-time updated'  itemprop=\"datePublished\" datetime=\"2025-11-21T20:11:15+01:00\" >21. novembar 2025.<\/time><\/div><div class='slide-entry-excerpt entry-content'  itemprop=\"text\" >\u201eMultiplikatori i \u010duvari zapisa o Holokaustu u EMDS-u\u201c okupio je stru\u010dnjake iz cele Evrope kako bi istra\u017eili kako digitalne inovacije menjaju upravljanje, tuma\u010denje i obrazovnu upotrebu zapisa o Holokaustu.<\/div><\/div><footer class=\"entry-footer\"><\/footer><span class='hidden'>\n\t\t\t\t<span class='av-structured-data'  itemprop=\"image\" itemscope=\"itemscope\" itemtype=\"https:\/\/schema.org\/ImageObject\" >\n\t\t\t\t\t\t<span itemprop='url'>https:\/\/terraforming.org\/wp-content\/uploads\/2025\/11\/Terraforming-Featured-NASLOVNA.jpg<\/span>\n\t\t\t\t\t\t<span itemprop='height'>980<\/span>\n\t\t\t\t\t\t<span itemprop='width'>1200<\/span>\n\t\t\t\t<\/span>\n\t\t\t\t<span class='av-structured-data'  itemprop=\"publisher\" itemtype=\"https:\/\/schema.org\/Organization\" itemscope=\"itemscope\" >\n\t\t\t\t\t\t<span itemprop='name'>Nemanja Stevanovi\u0107<\/span>\n\t\t\t\t\t\t<span itemprop='logo' itemscope itemtype='https:\/\/schema.org\/ImageObject'>\n\t\t\t\t\t\t\t<span itemprop='url'>http:\/\/terraforming.org\/wp-content\/uploads\/2016\/05\/Terraforming-2016-1-enfold.png<\/span>\n\t\t\t\t\t\t<\/span>\n\t\t\t\t<\/span><span class='av-structured-data'  itemprop=\"author\" itemscope=\"itemscope\" itemtype=\"https:\/\/schema.org\/Person\" ><span itemprop='name'>Nemanja Stevanovi\u0107<\/span><\/span><span class='av-structured-data'  itemprop=\"datePublished\" datetime=\"2026-05-15T15:27:35+02:00\" >2025-11-21 20:11:15<\/span><span class='av-structured-data'  itemprop=\"dateModified\" itemtype=\"https:\/\/schema.org\/dateModified\" >2025-11-21 20:11:56<\/span><span class='av-structured-data'  itemprop=\"mainEntityOfPage\" itemtype=\"https:\/\/schema.org\/mainEntityOfPage\" ><span itemprop='name'>Doga\u0111aj o Evropskoj digitalnoj mre\u017ei kulture se\u0107anja u Amsterdamu<\/span><\/span><\/span><\/article><\/div><div class=\"slide-entry-wrap\"><article class='slide-entry flex_column  post-entry post-entry-25838 slide-entry-overview slide-loop-4 slide-parity-odd  av_one_third first real-thumbnail posttype-post post-format-standard'  itemscope=\"itemscope\" itemtype=\"https:\/\/schema.org\/CreativeWork\" ><a href='https:\/\/terraforming.org\/sr\/multiplikatori-i-cuvari-secanja-na-holokaust\/' data-rel='slide-1' class='slide-image' title='Multiplikatori i \u010duvari se\u0107anja na Holokaust'><img decoding=\"async\" fetchpriority=\"high\" width=\"495\" height=\"400\" src=\"https:\/\/terraforming.org\/wp-content\/uploads\/2025\/11\/Terraforming-Featured-NASLOVNA-495x400.png\" class=\"wp-image-25840 avia-img-lazy-loading-not-25840 attachment-portfolio size-portfolio wp-post-image\" alt=\"EMDS Amsterdam\" srcset=\"https:\/\/terraforming.org\/wp-content\/uploads\/2025\/11\/Terraforming-Featured-NASLOVNA-495x400.png 495w, https:\/\/terraforming.org\/wp-content\/uploads\/2025\/11\/Terraforming-Featured-NASLOVNA-845x684.png 845w\" sizes=\"(max-width: 495px) 100vw, 495px\" \/><\/a><div class=\"slide-content\"><header class=\"entry-content-header\" aria-label=\"Slide: Multiplikatori i \u010duvari se\u0107anja na Holokaust\"><h3 class='slide-entry-title entry-title '  itemprop=\"headline\" ><a href='https:\/\/terraforming.org\/sr\/multiplikatori-i-cuvari-secanja-na-holokaust\/' title='Multiplikatori i \u010duvari se\u0107anja na Holokaust'>Multiplikatori i \u010duvari se\u0107anja na Holokaust<\/a><\/h3><span class=\"av-vertical-delimiter\"><\/span><\/header><div class=\"slide-meta\"><time class='slide-meta-time updated'  itemprop=\"datePublished\" datetime=\"2025-11-12T07:58:42+01:00\" >12. novembar 2025.<\/time><\/div><div class='slide-entry-excerpt entry-content'  itemprop=\"text\" >Terraforming \u0107e 20. novembra 2025. godine u sinagogi Uilenburgersjoel u Amsterdamu organizovati doga\u0111aj \u201eMultiplikatori i \u010duvari se\u0107anja na Holokaust u Evropskoj mre\u017ei kulture se\u0107anja\u201c. Registrujte se na vreme.<\/div><\/div><footer class=\"entry-footer\"><\/footer><span class='hidden'>\n\t\t\t\t<span class='av-structured-data'  itemprop=\"image\" itemscope=\"itemscope\" itemtype=\"https:\/\/schema.org\/ImageObject\" >\n\t\t\t\t\t\t<span itemprop='url'>https:\/\/terraforming.org\/wp-content\/uploads\/2025\/11\/Terraforming-Featured-NASLOVNA.png<\/span>\n\t\t\t\t\t\t<span itemprop='height'>980<\/span>\n\t\t\t\t\t\t<span itemprop='width'>1200<\/span>\n\t\t\t\t<\/span>\n\t\t\t\t<span class='av-structured-data'  itemprop=\"publisher\" itemtype=\"https:\/\/schema.org\/Organization\" itemscope=\"itemscope\" >\n\t\t\t\t\t\t<span itemprop='name'>Nemanja Stevanovi\u0107<\/span>\n\t\t\t\t\t\t<span itemprop='logo' itemscope itemtype='https:\/\/schema.org\/ImageObject'>\n\t\t\t\t\t\t\t<span itemprop='url'>http:\/\/terraforming.org\/wp-content\/uploads\/2016\/05\/Terraforming-2016-1-enfold.png<\/span>\n\t\t\t\t\t\t<\/span>\n\t\t\t\t<\/span><span class='av-structured-data'  itemprop=\"author\" itemscope=\"itemscope\" itemtype=\"https:\/\/schema.org\/Person\" ><span itemprop='name'>Nemanja Stevanovi\u0107<\/span><\/span><span class='av-structured-data'  itemprop=\"datePublished\" datetime=\"2026-05-15T15:27:35+02:00\" >2025-11-12 07:58:42<\/span><span class='av-structured-data'  itemprop=\"dateModified\" itemtype=\"https:\/\/schema.org\/dateModified\" >2025-11-20 13:00:17<\/span><span class='av-structured-data'  itemprop=\"mainEntityOfPage\" itemtype=\"https:\/\/schema.org\/mainEntityOfPage\" ><span itemprop='name'>Multiplikatori i \u010duvari se\u0107anja na Holokaust<\/span><\/span><\/span><\/article><article class='slide-entry flex_column  post-entry post-entry-26334 slide-entry-overview slide-loop-5 slide-parity-even  av_one_third  real-thumbnail posttype-post post-format-standard'  itemscope=\"itemscope\" itemtype=\"https:\/\/schema.org\/CreativeWork\" ><a href='https:\/\/terraforming.org\/sr\/secanje-na-holokaust-u-ceskoj\/' data-rel='slide-1' class='slide-image' title='Se\u0107anje na Holokaust u \u010ce\u0161koj'><img decoding=\"async\" fetchpriority=\"high\" width=\"495\" height=\"400\" src=\"https:\/\/terraforming.org\/wp-content\/uploads\/2025\/11\/Terraforming-Featured-NASLOVNA-2-495x400.jpg\" class=\"wp-image-26335 avia-img-lazy-loading-not-26335 attachment-portfolio size-portfolio wp-post-image\" alt=\"\" srcset=\"https:\/\/terraforming.org\/wp-content\/uploads\/2025\/11\/Terraforming-Featured-NASLOVNA-2-495x400.jpg 495w, https:\/\/terraforming.org\/wp-content\/uploads\/2025\/11\/Terraforming-Featured-NASLOVNA-2-845x684.jpg 845w\" sizes=\"(max-width: 495px) 100vw, 495px\" \/><\/a><div class=\"slide-content\"><header class=\"entry-content-header\" aria-label=\"Slide: Se\u0107anje na Holokaust u \u010ce\u0161koj\"><h3 class='slide-entry-title entry-title '  itemprop=\"headline\" ><a href='https:\/\/terraforming.org\/sr\/secanje-na-holokaust-u-ceskoj\/' title='Se\u0107anje na Holokaust u \u010ce\u0161koj'>Se\u0107anje na Holokaust u \u010ce\u0161koj<\/a><\/h3><span class=\"av-vertical-delimiter\"><\/span><\/header><div class=\"slide-meta\"><time class='slide-meta-time updated'  itemprop=\"datePublished\" datetime=\"2025-11-05T16:56:32+01:00\" >5. novembar 2025.<\/time><\/div><div class='slide-entry-excerpt entry-content'  itemprop=\"text\" >Mi\u0161ko Stani\u0161i\u0107 je u\u010destvovao kao glavni govornik na doga\u0111aju \u201eStolpersteine i podaci: Se\u0107anje na Holokaust u \u010ce\u0161koj\u201c, koji je organizovao Post Bellum, u okviru projekta Evropskog prostora podataka o pam\u0107enju (EMDS) \u2013 Nacrt.<\/div><\/div><footer class=\"entry-footer\"><\/footer><span class='hidden'>\n\t\t\t\t<span class='av-structured-data'  itemprop=\"image\" itemscope=\"itemscope\" itemtype=\"https:\/\/schema.org\/ImageObject\" >\n\t\t\t\t\t\t<span itemprop='url'>https:\/\/terraforming.org\/wp-content\/uploads\/2025\/11\/Terraforming-Featured-NASLOVNA-2.jpg<\/span>\n\t\t\t\t\t\t<span itemprop='height'>980<\/span>\n\t\t\t\t\t\t<span itemprop='width'>1200<\/span>\n\t\t\t\t<\/span>\n\t\t\t\t<span class='av-structured-data'  itemprop=\"publisher\" itemtype=\"https:\/\/schema.org\/Organization\" itemscope=\"itemscope\" >\n\t\t\t\t\t\t<span itemprop='name'>Nemanja Stevanovi\u0107<\/span>\n\t\t\t\t\t\t<span itemprop='logo' itemscope itemtype='https:\/\/schema.org\/ImageObject'>\n\t\t\t\t\t\t\t<span itemprop='url'>http:\/\/terraforming.org\/wp-content\/uploads\/2016\/05\/Terraforming-2016-1-enfold.png<\/span>\n\t\t\t\t\t\t<\/span>\n\t\t\t\t<\/span><span class='av-structured-data'  itemprop=\"author\" itemscope=\"itemscope\" itemtype=\"https:\/\/schema.org\/Person\" ><span itemprop='name'>Nemanja Stevanovi\u0107<\/span><\/span><span class='av-structured-data'  itemprop=\"datePublished\" datetime=\"2026-05-15T15:27:35+02:00\" >2025-11-05 16:56:32<\/span><span class='av-structured-data'  itemprop=\"dateModified\" itemtype=\"https:\/\/schema.org\/dateModified\" >2025-11-25 17:41:16<\/span><span class='av-structured-data'  itemprop=\"mainEntityOfPage\" itemtype=\"https:\/\/schema.org\/mainEntityOfPage\" ><span itemprop='name'>Se\u0107anje na Holokaust u \u010ce\u0161koj<\/span><\/span><\/span><\/article><article class='slide-entry flex_column  post-entry post-entry-26025 slide-entry-overview slide-loop-6 slide-parity-odd  post-entry-last  av_one_third  real-thumbnail posttype-post post-format-standard'  itemscope=\"itemscope\" itemtype=\"https:\/\/schema.org\/CreativeWork\" ><a href='https:\/\/terraforming.org\/sr\/dva-velika-medunarodna-programa-o-obrazovanju-o-holokaustu-i-digitalnom-secanju\/' data-rel='slide-1' class='slide-image' title='Dva velika me\u0111unarodna programa o obrazovanju o Holokaustu i digitalnom sec\u0301anju'><img decoding=\"async\" fetchpriority=\"high\" width=\"495\" height=\"400\" src=\"https:\/\/terraforming.org\/wp-content\/uploads\/2025\/11\/Terraforming-Featured-NASLOVNA-1-495x400.png\" class=\"wp-image-26022 avia-img-lazy-loading-not-26022 attachment-portfolio size-portfolio wp-post-image\" alt=\"Belgrade Hosts Two Major International Programs on Holocaust Education and Digital Memory\" srcset=\"https:\/\/terraforming.org\/wp-content\/uploads\/2025\/11\/Terraforming-Featured-NASLOVNA-1-495x400.png 495w, https:\/\/terraforming.org\/wp-content\/uploads\/2025\/11\/Terraforming-Featured-NASLOVNA-1-845x684.png 845w\" sizes=\"(max-width: 495px) 100vw, 495px\" \/><\/a><div class=\"slide-content\"><header class=\"entry-content-header\" aria-label=\"Slide: Dva velika me\u0111unarodna programa o obrazovanju o Holokaustu i digitalnom sec\u0301anju\"><h3 class='slide-entry-title entry-title '  itemprop=\"headline\" ><a href='https:\/\/terraforming.org\/sr\/dva-velika-medunarodna-programa-o-obrazovanju-o-holokaustu-i-digitalnom-secanju\/' title='Dva velika me\u0111unarodna programa o obrazovanju o Holokaustu i digitalnom sec\u0301anju'>Dva velika me\u0111unarodna programa o obrazovanju o Holokaustu i digitalnom sec\u0301anju<\/a><\/h3><span class=\"av-vertical-delimiter\"><\/span><\/header><div class=\"slide-meta\"><time class='slide-meta-time updated'  itemprop=\"datePublished\" datetime=\"2025-10-23T10:15:22+02:00\" >23. oktobar 2025.<\/time><\/div><div class='slide-entry-excerpt entry-content'  itemprop=\"text\" >Terraforming je u Beogradu odr\u017eao dva va\u017ena doga\u0111aja na kojima su predstavljene IHRA preporuke, novi nastavni materijali i odr\u017eana diskusija o digitalnoj budu\u0107nosti se\u0107anja na Holokaust.<\/div><\/div><footer class=\"entry-footer\"><\/footer><span class='hidden'>\n\t\t\t\t<span class='av-structured-data'  itemprop=\"image\" itemscope=\"itemscope\" itemtype=\"https:\/\/schema.org\/ImageObject\" >\n\t\t\t\t\t\t<span itemprop='url'>https:\/\/terraforming.org\/wp-content\/uploads\/2025\/11\/Terraforming-Featured-NASLOVNA-1.png<\/span>\n\t\t\t\t\t\t<span itemprop='height'>980<\/span>\n\t\t\t\t\t\t<span itemprop='width'>1200<\/span>\n\t\t\t\t<\/span>\n\t\t\t\t<span class='av-structured-data'  itemprop=\"publisher\" itemtype=\"https:\/\/schema.org\/Organization\" itemscope=\"itemscope\" >\n\t\t\t\t\t\t<span itemprop='name'>Nemanja Stevanovi\u0107<\/span>\n\t\t\t\t\t\t<span itemprop='logo' itemscope itemtype='https:\/\/schema.org\/ImageObject'>\n\t\t\t\t\t\t\t<span itemprop='url'>http:\/\/terraforming.org\/wp-content\/uploads\/2016\/05\/Terraforming-2016-1-enfold.png<\/span>\n\t\t\t\t\t\t<\/span>\n\t\t\t\t<\/span><span class='av-structured-data'  itemprop=\"author\" itemscope=\"itemscope\" itemtype=\"https:\/\/schema.org\/Person\" ><span itemprop='name'>Nemanja Stevanovi\u0107<\/span><\/span><span class='av-structured-data'  itemprop=\"datePublished\" datetime=\"2026-05-15T15:27:35+02:00\" >2025-10-23 10:15:22<\/span><span class='av-structured-data'  itemprop=\"dateModified\" itemtype=\"https:\/\/schema.org\/dateModified\" >2025-11-21 10:27:58<\/span><span class='av-structured-data'  itemprop=\"mainEntityOfPage\" itemtype=\"https:\/\/schema.org\/mainEntityOfPage\" ><span itemprop='name'>Dva velika me\u0111unarodna programa o obrazovanju o Holokaustu i digitalnom sec\u0301anju<\/span><\/span><\/span><\/article><\/div><\/div><div class='pagination-wrap pagination-slider'><nav class='pagination'><span class='pagination-meta'>Page 1 of 4<\/span><span class='current'>1<\/span><a href='https:\/\/terraforming.org\/sr\/wp-json\/wp\/v2\/pages\/27826\/?avia-element-paging=2' class='inactive next_page' >2<\/a><a href='https:\/\/terraforming.org\/sr\/wp-json\/wp\/v2\/pages\/27826\/?avia-element-paging=3' class='inactive' >3<\/a><a href='https:\/\/terraforming.org\/sr\/wp-json\/wp\/v2\/pages\/27826\/?avia-element-paging=4' class='inactive' >4<\/a><\/nav>\n<\/div><\/div><\/div>\n","protected":false},"excerpt":{"rendered":"<p>Doga\u0111aji<\/p>\n","protected":false},"author":16,"featured_media":12662,"parent":0,"menu_order":49,"comment_status":"closed","ping_status":"closed","template":"","meta":{"footnotes":""},"class_list":["post-27826","page","type-page","status-publish","has-post-thumbnail","hentry"],"aioseo_notices":[],"jetpack_sharing_enabled":true,"_links":{"self":[{"href":"https:\/\/terraforming.org\/sr\/wp-json\/wp\/v2\/pages\/27826","targetHints":{"allow":["GET"]}}],"collection":[{"href":"https:\/\/terraforming.org\/sr\/wp-json\/wp\/v2\/pages"}],"about":[{"href":"https:\/\/terraforming.org\/sr\/wp-json\/wp\/v2\/types\/page"}],"author":[{"embeddable":true,"href":"https:\/\/terraforming.org\/sr\/wp-json\/wp\/v2\/users\/16"}],"replies":[{"embeddable":true,"href":"https:\/\/terraforming.org\/sr\/wp-json\/wp\/v2\/comments?post=27826"}],"version-history":[{"count":3,"href":"https:\/\/terraforming.org\/sr\/wp-json\/wp\/v2\/pages\/27826\/revisions"}],"predecessor-version":[{"id":27832,"href":"https:\/\/terraforming.org\/sr\/wp-json\/wp\/v2\/pages\/27826\/revisions\/27832"}],"wp:featuredmedia":[{"embeddable":true,"href":"https:\/\/terraforming.org\/sr\/wp-json\/wp\/v2\/media\/12662"}],"wp:attachment":[{"href":"https:\/\/terraforming.org\/sr\/wp-json\/wp\/v2\/media?parent=27826"}],"curies":[{"name":"wp","href":"https:\/\/api.w.org\/{rel}","templated":true}]}}