{"id":7793,"date":"2019-02-14T23:24:00","date_gmt":"2019-02-14T22:24:00","guid":{"rendered":"http:\/\/terraforming.org\/unlock-download\/"},"modified":"2025-12-24T10:15:38","modified_gmt":"2025-12-24T09:15:38","slug":"popuni-formular-za-download","status":"publish","type":"page","link":"https:\/\/terraforming.org\/sr\/popuni-formular-za-download\/","title":{"rendered":"Molimo popunite formular da preuzmete materijal"},"content":{"rendered":"\n<style type=\"text\/css\" data-created_by=\"avia_inline_auto\" id=\"style-css-av-3nk2a6-3557ee1cd61ae4c7e459bb193d266f11\">\n.flex_column.av-3nk2a6-3557ee1cd61ae4c7e459bb193d266f11{\nborder-radius:0px 0px 0px 0px;\npadding:0px 0px 0px 0px;\n}\n<\/style>\n<div  class='flex_column av-3nk2a6-3557ee1cd61ae4c7e459bb193d266f11 av_one_half  avia-builder-el-0  el_before_av_one_half  avia-builder-el-first  first flex_column_div av-zero-column-padding  '     ><section  class='av_textblock_section av-js56kove-db7d93c4aa1c88f4ee3269b477264302 '   itemscope=\"itemscope\" itemtype=\"https:\/\/schema.org\/CreativeWork\" ><div class='avia_textblock'  itemprop=\"text\" >\n<\/div><\/section><\/div>\n\n<style type=\"text\/css\" data-created_by=\"avia_inline_auto\" id=\"style-css-av-30kqby-04c11b8acb9d2ab5c4cc999c8d780c87\">\n@keyframes av_boxShadowEffect_av-30kqby-04c11b8acb9d2ab5c4cc999c8d780c87-column {\n0%   { box-shadow:  0 0 0 0 #757575; opacity: 1; }\n100% { box-shadow:  0 0 10px 0 #757575; opacity: 1; }\n}\n.flex_column.av-30kqby-04c11b8acb9d2ab5c4cc999c8d780c87{\nbox-shadow: 0 0 10px 0 #757575;\nborder-width:1px;\nborder-color:#c4c4c4;\nborder-style:solid;\nborder-radius:5px 5px 5px 5px;\npadding:5% 5% 5% 5%;\n}\n<\/style>\n<div  class='flex_column av-30kqby-04c11b8acb9d2ab5c4cc999c8d780c87 av_one_half  avia-builder-el-2  el_after_av_one_half  avia-builder-el-last  flex_column_div shadow-not-animated  '     ><section  class='av_textblock_section av-js56kzlt-b327ea27bc8c85be2af850454c3a5911 '   itemscope=\"itemscope\" itemtype=\"https:\/\/schema.org\/CreativeWork\" ><div class='avia_textblock'  itemprop=\"text\" ><h3>Prikupljamo statistiku o preuzimanju materijala<\/h3>\n<p>Na\u0161i materijali su uvek besplatni! Da bi obezbedili ovakvu pristupa\u010dnost, mi pratimo i analiziramo preuzimanje na\u0161ih materijala kako bismo fondacijama koje finansiraju na\u0161 rad pru\u017eili konkretne merive podatke o broju, upotrebi i profilu na\u0161ih korisnika. To je od presudnog zna\u010daja za obezbe\u0111enje budu\u0107ih donacija i nastavak na\u0161eg rada. <strong>Hvala Vam! <\/strong>Veoma cenimo Va\u0161u podr\u0161ku i razumevanje.<\/p>\n<\/div><\/section><br \/>\n\n<style type=\"text\/css\" data-created_by=\"avia_inline_auto\" id=\"style-css-av-jskoi5ps-f9c217ce23dee9d07e58290da0b5f949\">\n#top .hr.hr-invisible.av-jskoi5ps-f9c217ce23dee9d07e58290da0b5f949{\nheight:25px;\n}\n<\/style>\n<div  class='hr av-jskoi5ps-f9c217ce23dee9d07e58290da0b5f949 hr-invisible  avia-builder-el-4  el_after_av_textblock  el_before_av_icon_box '><span class='hr-inner '><span class=\"hr-inner-style\"><\/span><\/span><\/div><br \/>\n\n<style type=\"text\/css\" data-created_by=\"avia_inline_auto\" id=\"style-css-av-jrrvjg56-b4fc4091f49dfea81c3e413dc56277bd\">\n.iconbox.av-jrrvjg56-b4fc4091f49dfea81c3e413dc56277bd .iconbox_icon{\nbackground-color:#edae44;\n}\n<\/style>\n<article  class='iconbox iconbox_left_content av-jrrvjg56-b4fc4091f49dfea81c3e413dc56277bd  avia-builder-el-5  el_after_av_hr  el_before_av_hr '  itemscope=\"itemscope\" itemtype=\"https:\/\/schema.org\/CreativeWork\" ><div class='iconbox_icon heading-color avia-iconfont avia-font-entypo-fontello' data-av_icon='\ue8e0' data-av_iconfont='entypo-fontello'  ><\/div><div class=\"iconbox_content\"><header class=\"entry-content-header\" aria-label=\"Icon: Uslovi kori\u0161tenja\"><h3 class='iconbox_content_title '  itemprop=\"headline\" >Uslovi kori\u0161tenja<\/h3><\/header><div class='iconbox_content_container '  itemprop=\"text\" ><p><a href=\"http:\/\/creativecommons.org\/licenses\/by-nc-nd\/4.0\/\" rel=\"license\" target=\"_blank\"><img loading=\"lazy\" decoding=\"async\" src=\"https:\/\/i1.wp.com\/i.creativecommons.org\/l\/by-nc-nd\/4.0\/88x31.png?w=1500&amp;ssl=1\" alt=\"Creative Commons License\" width=\"88\" height=\"31\" \/><\/a> Ovaj materijal je licenciran pod <a href=\"http:\/\/creativecommons.org\/licenses\/by-nc-nd\/4.0\/\" rel=\"license\" target=\"_blank\">Autorstvo-Nekomercijalno-Bez prerada 4.0 Me\u0111unarodna (CC BY-NC-ND 4.0)<\/a><\/p>\n<\/div><\/div><footer class=\"entry-footer\"><\/footer><\/article><br \/>\n\n<style type=\"text\/css\" data-created_by=\"avia_inline_auto\" id=\"style-css-av-jskoi5ps-f9c217ce23dee9d07e58290da0b5f949\">\n#top .hr.hr-invisible.av-jskoi5ps-f9c217ce23dee9d07e58290da0b5f949{\nheight:25px;\n}\n<\/style>\n<div  class='hr av-jskoi5ps-f9c217ce23dee9d07e58290da0b5f949 hr-invisible  avia-builder-el-6  el_after_av_icon_box  el_before_av_textblock '><span class='hr-inner '><span class=\"hr-inner-style\"><\/span><\/span><\/div><br \/>\n<section  class='av_textblock_section av-js56ub2e-4a225c60dc66ec096d53b7f7903573cf '   itemscope=\"itemscope\" itemtype=\"https:\/\/schema.org\/CreativeWork\" ><div class='avia_textblock'  itemprop=\"text\" ><h3>Mi brinemo o va\u0161oj privatnosti<\/h3>\n<p>Mi smo posve\u0107eni \u010duvanju Va\u0161e privatnosti i li\u010dnih podataka. Va\u0161u privatnost i \u010duvanje li\u010dnih podataka uzimamo krajnje ozbiljno, i ovome pristupamo odgovorno i profesionalno. Mi imamo obavezu da \u0161titimo va\u0161u privatnost i da va\u0161e li\u010dne podatke tretiramo kao poverljive i tajne, prema preporukama, pravilima i zakonima Republike Srbije i Evropske unije. Vi\u0161e informacija dostupno je u dokumentima <a href=\"https:\/\/terraforming.org\/sr\/privacy-policy\/\">Politika privatnosti<\/a> i <a href=\"https:\/\/terraforming.org\/sr\/privacy-policy\/#toc\">Uslovi kori\u0161tenja<\/a> (na engleskom jeziku)<\/p>\n<\/div><\/section><br \/>\n\n<style type=\"text\/css\" data-created_by=\"avia_inline_auto\" id=\"style-css-av-k9thm4p6-c67f166f03efbfd48721db95f59c9523\">\n.avia-image-container.av-k9thm4p6-c67f166f03efbfd48721db95f59c9523 img.avia_image{\nbox-shadow:none;\n}\n.avia-image-container.av-k9thm4p6-c67f166f03efbfd48721db95f59c9523 .av-image-caption-overlay-center{\ncolor:#ffffff;\n}\n<\/style>\n<div  class='avia-image-container av-k9thm4p6-c67f166f03efbfd48721db95f59c9523 av-styling- avia-align-center  avia-builder-el-8  el_after_av_textblock  avia-builder-el-last '   itemprop=\"image\" itemscope=\"itemscope\" itemtype=\"https:\/\/schema.org\/ImageObject\" ><div class=\"avia-image-container-inner\"><div class=\"avia-image-overlay-wrap\"><img decoding=\"async\" fetchpriority=\"high\" class='wp-image-10713 avia-img-lazy-loading-not-10713 avia_image ' src=\"https:\/\/terraforming.org\/wp-content\/uploads\/2020\/05\/john-schnobrich-2FPjlAyMQTA-unsplash-1030x687.jpg\" alt='Korisnici' title='Korisnici'  height=\"687\" width=\"1030\"  itemprop=\"thumbnailUrl\" srcset=\"https:\/\/terraforming.org\/wp-content\/uploads\/2020\/05\/john-schnobrich-2FPjlAyMQTA-unsplash-1030x687.jpg 1030w, https:\/\/terraforming.org\/wp-content\/uploads\/2020\/05\/john-schnobrich-2FPjlAyMQTA-unsplash-300x200.jpg 300w, https:\/\/terraforming.org\/wp-content\/uploads\/2020\/05\/john-schnobrich-2FPjlAyMQTA-unsplash-768x512.jpg 768w, https:\/\/terraforming.org\/wp-content\/uploads\/2020\/05\/john-schnobrich-2FPjlAyMQTA-unsplash-1536x1024.jpg 1536w, https:\/\/terraforming.org\/wp-content\/uploads\/2020\/05\/john-schnobrich-2FPjlAyMQTA-unsplash-2048x1365.jpg 2048w, https:\/\/terraforming.org\/wp-content\/uploads\/2020\/05\/john-schnobrich-2FPjlAyMQTA-unsplash-1500x1000.jpg 1500w, https:\/\/terraforming.org\/wp-content\/uploads\/2020\/05\/john-schnobrich-2FPjlAyMQTA-unsplash-705x470.jpg 705w\" sizes=\"(max-width: 1030px) 100vw, 1030px\" \/><\/div><\/div><\/div><\/p><\/div>\n","protected":false},"excerpt":{"rendered":"","protected":false},"author":1,"featured_media":10713,"parent":0,"menu_order":20,"comment_status":"closed","ping_status":"closed","template":"","meta":{"footnotes":""},"class_list":["post-7793","page","type-page","status-publish","has-post-thumbnail","hentry"],"aioseo_notices":[],"jetpack_sharing_enabled":true,"_links":{"self":[{"href":"https:\/\/terraforming.org\/sr\/wp-json\/wp\/v2\/pages\/7793","targetHints":{"allow":["GET"]}}],"collection":[{"href":"https:\/\/terraforming.org\/sr\/wp-json\/wp\/v2\/pages"}],"about":[{"href":"https:\/\/terraforming.org\/sr\/wp-json\/wp\/v2\/types\/page"}],"author":[{"embeddable":true,"href":"https:\/\/terraforming.org\/sr\/wp-json\/wp\/v2\/users\/1"}],"replies":[{"embeddable":true,"href":"https:\/\/terraforming.org\/sr\/wp-json\/wp\/v2\/comments?post=7793"}],"version-history":[{"count":18,"href":"https:\/\/terraforming.org\/sr\/wp-json\/wp\/v2\/pages\/7793\/revisions"}],"predecessor-version":[{"id":26608,"href":"https:\/\/terraforming.org\/sr\/wp-json\/wp\/v2\/pages\/7793\/revisions\/26608"}],"wp:featuredmedia":[{"embeddable":true,"href":"https:\/\/terraforming.org\/sr\/wp-json\/wp\/v2\/media\/10713"}],"wp:attachment":[{"href":"https:\/\/terraforming.org\/sr\/wp-json\/wp\/v2\/media?parent=7793"}],"curies":[{"name":"wp","href":"https:\/\/api.w.org\/{rel}","templated":true}]}}